{"id":283813,"date":"2023-08-17T10:57:49","date_gmt":"2023-08-17T08:57:49","guid":{"rendered":"https:\/\/selleetools.com\/?post_type=product&#038;p=283813"},"modified":"2023-12-04T13:36:41","modified_gmt":"2023-12-04T12:36:41","slug":"adamtoys-joy-mini-spieltafel-montessori-busy-board-aus-holz-fur-babys","status":"publish","type":"product","link":"https:\/\/selleetools.com\/pl\/product\/adamtoys-joy-mini-spieltafel-montessori-busy-board-aus-holz-fur-babys\/","title":{"rendered":"AdamToys Joy Mini Spieltafel Montessori Busy Board aus Holz f\u00fcr Babys"},"content":{"rendered":"<p>JOY Mini Montessori Aktivit\u00e4tentafel. Busy Board aus Holz f\u00fcr Babys. Ab einem Jahr. Eigenschaften: Diese h\u00f6lzerne Aktivit\u00e4tstafel ist perfekt f\u00fcr die \u00dcbung der Geschicklichkeit und Feinmotorik der Kleinen. Es besteht aus 3 beweglichen Holzpilzen. Ihr Kind kann sie schieben, ziehen. Sie kehren immer wieder in ihre Ausgangsposition zur\u00fcck und erzeugen einen besonderen Klang und Vibrationen, die seine Aufmerksamkeit auf sich ziehen. Es besteht auch aus 2 Zahnr\u00e4dern, die sich bei Kontakt miteinander drehen. Ihr Kind kann auch mit dem Rad spielen, das \u00fcber eine Metallglocke im Inneren verf\u00fcgt. Angenehme Kl\u00e4nge erwecken seine Musikalit\u00e4t, w\u00e4hrend er spielt. Mit Griff halten oder flach auflegen. Entspricht den geltenden europ\u00e4ischen Normen. Technische Daten: Ma\u00dfe: 23,5 x 15 x 7,5 cm. Gewicht: 400 g. Hinweis: Keine Lieferung auf den Inseln: Sizilien, Sardinien, Elbe, Kanarische Inseln, Ceuta und MelillaFeaturesAktivit\u00e4tstafel f\u00fcr Babys, mit drei beweglichen Pilzen, einer Glocke und zwei Zahnr\u00e4dern.Dieses Montessori Busy Board aus Holz ist perfekt, um die Geschicklichkeit und Feinmotorik Ihres Kindes zu verbessern.Entspricht den europ\u00e4ischen Normen.<\/p>\n","protected":false},"excerpt":{"rendered":"<p>JOY Mini Montessori Aktivit\u00e4tentafel. Busy Board aus Holz f\u00fcr Babys. Ab einem Jahr. Eigenschaften: Diese h\u00f6lzerne Aktivit\u00e4tstafel ist perfekt f\u00fcr die \u00dcbung der Geschicklichkeit und Feinmotorik der Kleinen. Es besteht aus 3 beweglichen Holzpilzen. Ihr Kind kann sie schieben, ziehen. Sie kehren immer wieder in ihre Ausgangsposition zur\u00fcck und erzeugen einen besonderen Klang und Vibrationen, &#8230; <a title=\"AdamToys Joy Mini Spieltafel Montessori Busy Board aus Holz f\u00fcr Babys\" class=\"read-more\" href=\"https:\/\/selleetools.com\/pl\/product\/adamtoys-joy-mini-spieltafel-montessori-busy-board-aus-holz-fur-babys\/\">Read more<span class=\"screen-reader-text\">AdamToys Joy Mini Spieltafel Montessori Busy Board aus Holz f\u00fcr Babys<\/span><\/a><\/p>\n","protected":false},"featured_media":286053,"comment_status":"open","ping_status":"closed","template":"","meta":{"_links_to":"","_links_to_target":""},"yoast_head":"<!-- This site is optimized with the Yoast SEO plugin v19.4 - https:\/\/yoast.com\/wordpress\/plugins\/seo\/ -->\n<title>AdamToys Joy Mini Spieltafel Montessori Busy Board aus Holz f\u00fcr Babys - Selleetools.com<\/title>\n<meta name=\"robots\" content=\"index, follow, max-snippet:-1, max-image-preview:large, max-video-preview:-1\" \/>\n<link rel=\"canonical\" href=\"https:\/\/admincentral.selleetools.com\/product\/adamtoys-joy-mini-spieltafel-montessori-busy-board-aus-holz-fur-babys\/\" \/>\n<meta property=\"og:locale\" content=\"pl_PL\" \/>\n<meta property=\"og:type\" content=\"article\" \/>\n<meta property=\"og:title\" content=\"AdamToys Joy Mini Spieltafel Montessori Busy Board aus Holz f\u00fcr Babys - Selleetools.com\" \/>\n<meta property=\"og:description\" content=\"JOY Mini Montessori Aktivit\u00e4tentafel. Busy Board aus Holz f\u00fcr Babys. Ab einem Jahr. Eigenschaften: Diese h\u00f6lzerne Aktivit\u00e4tstafel ist perfekt f\u00fcr die \u00dcbung der Geschicklichkeit und Feinmotorik der Kleinen. Es besteht aus 3 beweglichen Holzpilzen. Ihr Kind kann sie schieben, ziehen. Sie kehren immer wieder in ihre Ausgangsposition zur\u00fcck und erzeugen einen besonderen Klang und Vibrationen, ... Read moreAdamToys Joy Mini Spieltafel Montessori Busy Board aus Holz f\u00fcr Babys\" \/>\n<meta property=\"og:url\" content=\"https:\/\/admincentral.selleetools.com\/product\/adamtoys-joy-mini-spieltafel-montessori-busy-board-aus-holz-fur-babys\/\" \/>\n<meta property=\"og:site_name\" content=\"Selleetools.com\" \/>\n<meta property=\"article:modified_time\" content=\"2023-12-04T12:36:41+00:00\" \/>\n<meta property=\"og:image\" content=\"https:\/\/selleetools.com\/wp-content\/uploads\/2023\/08\/71UR3IgQyPL.jpg\" \/>\n\t<meta property=\"og:image:width\" content=\"2000\" \/>\n\t<meta property=\"og:image:height\" content=\"2000\" \/>\n\t<meta property=\"og:image:type\" content=\"image\/jpeg\" \/>\n<meta name=\"twitter:card\" content=\"summary_large_image\" \/>\n<meta name=\"twitter:label1\" content=\"Est. reading time\" \/>\n\t<meta name=\"twitter:data1\" content=\"1 minuta\" \/>\n<!-- \/ Yoast SEO plugin. -->","yoast_head_json":{"title":"AdamToys Joy Mini Spieltafel Montessori Busy Board aus Holz f\u00fcr Babys - Selleetools.com","robots":{"index":"index","follow":"follow","max-snippet":"max-snippet:-1","max-image-preview":"max-image-preview:large","max-video-preview":"max-video-preview:-1"},"canonical":"https:\/\/admincentral.selleetools.com\/product\/adamtoys-joy-mini-spieltafel-montessori-busy-board-aus-holz-fur-babys\/","og_locale":"pl_PL","og_type":"article","og_title":"AdamToys Joy Mini Spieltafel Montessori Busy Board aus Holz f\u00fcr Babys - Selleetools.com","og_description":"JOY Mini Montessori Aktivit\u00e4tentafel. Busy Board aus Holz f\u00fcr Babys. Ab einem Jahr. Eigenschaften: Diese h\u00f6lzerne Aktivit\u00e4tstafel ist perfekt f\u00fcr die \u00dcbung der Geschicklichkeit und Feinmotorik der Kleinen. Es besteht aus 3 beweglichen Holzpilzen. Ihr Kind kann sie schieben, ziehen. Sie kehren immer wieder in ihre Ausgangsposition zur\u00fcck und erzeugen einen besonderen Klang und Vibrationen, ... Read moreAdamToys Joy Mini Spieltafel Montessori Busy Board aus Holz f\u00fcr Babys","og_url":"https:\/\/admincentral.selleetools.com\/product\/adamtoys-joy-mini-spieltafel-montessori-busy-board-aus-holz-fur-babys\/","og_site_name":"Selleetools.com","article_modified_time":"2023-12-04T12:36:41+00:00","og_image":[{"width":2000,"height":2000,"url":"https:\/\/selleetools.com\/wp-content\/uploads\/2023\/08\/71UR3IgQyPL.jpg","type":"image\/jpeg"}],"twitter_card":"summary_large_image","twitter_misc":{"Est. reading time":"1 minuta"},"schema":{"@context":"https:\/\/schema.org","@graph":[{"@type":"Organization","@id":"https:\/\/selleetools.com\/#organization","name":"Selleetools","url":"https:\/\/selleetools.com\/","sameAs":[],"logo":{"@type":"ImageObject","inLanguage":"pl-PL","@id":"https:\/\/selleetools.com\/#\/schema\/logo\/image\/","url":"https:\/\/selleetools.com\/wp-content\/uploads\/2021\/10\/logo-dark.png","contentUrl":"https:\/\/selleetools.com\/wp-content\/uploads\/2021\/10\/logo-dark.png","width":320,"height":76,"caption":"Selleetools"},"image":{"@id":"https:\/\/selleetools.com\/#\/schema\/logo\/image\/"}},{"@type":"WebSite","@id":"https:\/\/selleetools.com\/#website","url":"https:\/\/selleetools.com\/","name":"Selleetools.com","description":"","publisher":{"@id":"https:\/\/selleetools.com\/#organization"},"potentialAction":[{"@type":"SearchAction","target":{"@type":"EntryPoint","urlTemplate":"https:\/\/selleetools.com\/?s={search_term_string}"},"query-input":"required name=search_term_string"}],"inLanguage":"pl-PL"},{"@type":"WebPage","@id":"https:\/\/admincentral.selleetools.com\/product\/adamtoys-joy-mini-spieltafel-montessori-busy-board-aus-holz-fur-babys\/","url":"https:\/\/admincentral.selleetools.com\/product\/adamtoys-joy-mini-spieltafel-montessori-busy-board-aus-holz-fur-babys\/","name":"AdamToys Joy Mini Spieltafel Montessori Busy Board aus Holz f\u00fcr Babys - Selleetools.com","isPartOf":{"@id":"https:\/\/selleetools.com\/#website"},"datePublished":"2023-08-17T08:57:49+00:00","dateModified":"2023-12-04T12:36:41+00:00","breadcrumb":{"@id":"https:\/\/admincentral.selleetools.com\/product\/adamtoys-joy-mini-spieltafel-montessori-busy-board-aus-holz-fur-babys\/#breadcrumb"},"inLanguage":"pl-PL","potentialAction":[{"@type":"ReadAction","target":["https:\/\/admincentral.selleetools.com\/product\/adamtoys-joy-mini-spieltafel-montessori-busy-board-aus-holz-fur-babys\/"]}]},{"@type":"BreadcrumbList","@id":"https:\/\/admincentral.selleetools.com\/product\/adamtoys-joy-mini-spieltafel-montessori-busy-board-aus-holz-fur-babys\/#breadcrumb","itemListElement":[{"@type":"ListItem","position":1,"name":"Home","item":"https:\/\/selleetools.com\/pl\/"},{"@type":"ListItem","position":2,"name":"Katalog","item":"https:\/\/selleetools.com\/pl\/katalog\/"},{"@type":"ListItem","position":3,"name":"AdamToys Joy Mini Spieltafel Montessori Busy Board aus Holz f\u00fcr Babys"}]}]}},"_links":{"self":[{"href":"https:\/\/selleetools.com\/pl\/wp-json\/wp\/v2\/product\/283813"}],"collection":[{"href":"https:\/\/selleetools.com\/pl\/wp-json\/wp\/v2\/product"}],"about":[{"href":"https:\/\/selleetools.com\/pl\/wp-json\/wp\/v2\/types\/product"}],"replies":[{"embeddable":true,"href":"https:\/\/selleetools.com\/pl\/wp-json\/wp\/v2\/comments?post=283813"}],"wp:featuredmedia":[{"embeddable":true,"href":"https:\/\/selleetools.com\/pl\/wp-json\/wp\/v2\/media\/286053"}],"wp:attachment":[{"href":"https:\/\/selleetools.com\/pl\/wp-json\/wp\/v2\/media?parent=283813"}],"curies":[{"name":"wp","href":"https:\/\/api.w.org\/{rel}","templated":true}]}}