{"id":283686,"date":"2023-08-17T10:57:10","date_gmt":"2023-08-17T08:57:10","guid":{"rendered":"https:\/\/selleetools.com\/?post_type=product&#038;p=283686"},"modified":"2023-12-04T13:36:40","modified_gmt":"2023-12-04T12:36:40","slug":"holz-steckpuzzle-ab-1-jahr-formen-kinder-holzpuzzle-8-elemente-am-griff-herausziehbar-sensorisches-spielzeug-unter-formen-versteckte-tiere","status":"publish","type":"product","link":"https:\/\/selleetools.com\/pl\/product\/holz-steckpuzzle-ab-1-jahr-formen-kinder-holzpuzzle-8-elemente-am-griff-herausziehbar-sensorisches-spielzeug-unter-formen-versteckte-tiere\/","title":{"rendered":"Holz-Steckpuzzle ab 1 Jahr, Formen, Kinder &#8211; Holzpuzzle 8 Elemente &#8211; Am Griff herausziehbar &#8211; Sensorisches Spielzeug &#8211; Unter Formen versteckte Tiere"},"content":{"rendered":"<p>Holzpuzzle f\u00fcr Kinder ab 1 Jahr &#8211; Das Lernspielzeug erm\u00f6glicht das \u00dcben p\u00e4dagogisch n\u00fctzlicher F\u00e4higkeiten bereits in den ersten Lebensjahren: Dank der Griffe trainiert das Kind seine Greiff\u00e4higkeiten, entwickelt die Hand-Auge-Koordination, indem es das Teil an der richtigen Stelle treffen muss Schult die Wahrnehmungsf\u00e4higkeit und das logische Denken beim Zusammensetzen der Teile Bietet die M\u00f6glichkeit, Formen und Farben zu lernen, da jede Form mit einer Farbe verbunden ist, die unter dem Block versteckt ist F\u00f6rdert die Neugier, denn unter jedem Block ist ein anderes Waldtier zu entdecken Das sch\u00f6ne Steckpuzzle von Adam Toys ist einerseits eine Gelegenheit, n\u00fctzliche F\u00e4higkeiten zu \u00fcben, und andererseits ein gro\u00dfer Entdeckerspa\u00df. Schlie\u00dflich beginnt der Spa\u00df erst, wenn der Block angehoben wird. Das Holzpuzzle Kinder enth\u00e4lt eine Basis und bis zu 8 verschiedene Formen: Kreis &#8211; Waschb\u00e4r Sechseck (wie eine Bienenwabe), also ist nat\u00fcrlich ein B\u00e4r darunter Quadrat &#8211; ein Fuchs Stern &#8211; ein Vogel Dreieck \u2013 Hase Oval \u2013 Eule Rechteck \u2013 Biene Rhombus \u2013 Igel Technische Daten: Alter: 1+ Abmessungen: 29 x 21,5cm CE-Konformit\u00e4tserkl\u00e4rungFeaturesDas Holzpuzzle besteht vollst\u00e4ndig aus nat\u00fcrlichem, lackiertem Naturholz und ist f\u00fcr Kleinkinder unbedenklichDas Spielzeug besteht aus einem Brett mit 8 beweglichen Teilen, jedes Teil hat einen Griff zum AnhebenPuzzle ab 1 Jahr mit p\u00e4dagogischer Funktion &#8211; nach dem Anheben eines Blocks zeigen sich darunter versteckte TiereSinnesspielzeug f\u00fcr Kinder &#8211; f\u00f6rdert das Greifenlernen, die Auge-Hand-Koordination, die Wahrnehmungsf\u00e4higkeit, das logische Denken und die NeugierdeHolz-Steckpuzzle geeignet f\u00fcr Kinder ab 1 Jahr, ist in einer praktischen und \u00e4sthetisch ansprechenden Schachtel verpackt, ideal als Geschenk f\u00fcr Ihr Kind<\/p>\n","protected":false},"excerpt":{"rendered":"<p>Holzpuzzle f\u00fcr Kinder ab 1 Jahr &#8211; Das Lernspielzeug erm\u00f6glicht das \u00dcben p\u00e4dagogisch n\u00fctzlicher F\u00e4higkeiten bereits in den ersten Lebensjahren: Dank der Griffe trainiert das Kind seine Greiff\u00e4higkeiten, entwickelt die Hand-Auge-Koordination, indem es das Teil an der richtigen Stelle treffen muss Schult die Wahrnehmungsf\u00e4higkeit und das logische Denken beim Zusammensetzen der Teile Bietet die M\u00f6glichkeit, &#8230; <a title=\"Holz-Steckpuzzle ab 1 Jahr, Formen, Kinder &#8211; Holzpuzzle 8 Elemente &#8211; Am Griff herausziehbar &#8211; Sensorisches Spielzeug &#8211; Unter Formen versteckte Tiere\" class=\"read-more\" href=\"https:\/\/selleetools.com\/pl\/product\/holz-steckpuzzle-ab-1-jahr-formen-kinder-holzpuzzle-8-elemente-am-griff-herausziehbar-sensorisches-spielzeug-unter-formen-versteckte-tiere\/\">Read more<span class=\"screen-reader-text\">Holz-Steckpuzzle ab 1 Jahr, Formen, Kinder &#8211; Holzpuzzle 8 Elemente &#8211; Am Griff herausziehbar &#8211; Sensorisches Spielzeug &#8211; Unter Formen versteckte Tiere<\/span><\/a><\/p>\n","protected":false},"featured_media":285939,"comment_status":"open","ping_status":"closed","template":"","meta":{"_links_to":"","_links_to_target":""},"yoast_head":"<!-- This site is optimized with the Yoast SEO plugin v19.4 - https:\/\/yoast.com\/wordpress\/plugins\/seo\/ -->\n<title>Holz-Steckpuzzle ab 1 Jahr, Formen, Kinder - Holzpuzzle 8 Elemente - Am Griff herausziehbar - Sensorisches Spielzeug - Unter Formen versteckte Tiere - Selleetools.com<\/title>\n<meta name=\"robots\" content=\"index, follow, max-snippet:-1, max-image-preview:large, max-video-preview:-1\" \/>\n<link rel=\"canonical\" href=\"https:\/\/selleetools.com\/pl\/product\/holz-steckpuzzle-ab-1-jahr-formen-kinder-holzpuzzle-8-elemente-am-griff-herausziehbar-sensorisches-spielzeug-unter-formen-versteckte-tiere\/\" \/>\n<meta property=\"og:locale\" content=\"pl_PL\" \/>\n<meta property=\"og:type\" content=\"article\" \/>\n<meta property=\"og:title\" content=\"Holz-Steckpuzzle ab 1 Jahr, Formen, Kinder - Holzpuzzle 8 Elemente - Am Griff herausziehbar - Sensorisches Spielzeug - Unter Formen versteckte Tiere - Selleetools.com\" \/>\n<meta property=\"og:description\" content=\"Holzpuzzle f\u00fcr Kinder ab 1 Jahr &#8211; Das Lernspielzeug erm\u00f6glicht das \u00dcben p\u00e4dagogisch n\u00fctzlicher F\u00e4higkeiten bereits in den ersten Lebensjahren: Dank der Griffe trainiert das Kind seine Greiff\u00e4higkeiten, entwickelt die Hand-Auge-Koordination, indem es das Teil an der richtigen Stelle treffen muss Schult die Wahrnehmungsf\u00e4higkeit und das logische Denken beim Zusammensetzen der Teile Bietet die M\u00f6glichkeit, ... Read moreHolz-Steckpuzzle ab 1 Jahr, Formen, Kinder &#8211; Holzpuzzle 8 Elemente &#8211; Am Griff herausziehbar &#8211; Sensorisches Spielzeug &#8211; Unter Formen versteckte Tiere\" \/>\n<meta property=\"og:url\" content=\"https:\/\/selleetools.com\/pl\/product\/holz-steckpuzzle-ab-1-jahr-formen-kinder-holzpuzzle-8-elemente-am-griff-herausziehbar-sensorisches-spielzeug-unter-formen-versteckte-tiere\/\" \/>\n<meta property=\"og:site_name\" content=\"Selleetools.com\" \/>\n<meta property=\"article:modified_time\" content=\"2023-12-04T12:36:40+00:00\" \/>\n<meta property=\"og:image\" content=\"https:\/\/selleetools.com\/wp-content\/uploads\/2023\/08\/41euE82uJCL.jpg\" \/>\n\t<meta property=\"og:image:width\" content=\"1000\" \/>\n\t<meta property=\"og:image:height\" content=\"667\" \/>\n\t<meta property=\"og:image:type\" content=\"image\/jpeg\" \/>\n<meta name=\"twitter:card\" content=\"summary_large_image\" \/>\n<meta name=\"twitter:label1\" content=\"Est. reading time\" \/>\n\t<meta name=\"twitter:data1\" content=\"1 minuta\" \/>\n<!-- \/ Yoast SEO plugin. -->","yoast_head_json":{"title":"Holz-Steckpuzzle ab 1 Jahr, Formen, Kinder - Holzpuzzle 8 Elemente - Am Griff herausziehbar - Sensorisches Spielzeug - Unter Formen versteckte Tiere - Selleetools.com","robots":{"index":"index","follow":"follow","max-snippet":"max-snippet:-1","max-image-preview":"max-image-preview:large","max-video-preview":"max-video-preview:-1"},"canonical":"https:\/\/selleetools.com\/pl\/product\/holz-steckpuzzle-ab-1-jahr-formen-kinder-holzpuzzle-8-elemente-am-griff-herausziehbar-sensorisches-spielzeug-unter-formen-versteckte-tiere\/","og_locale":"pl_PL","og_type":"article","og_title":"Holz-Steckpuzzle ab 1 Jahr, Formen, Kinder - Holzpuzzle 8 Elemente - Am Griff herausziehbar - Sensorisches Spielzeug - Unter Formen versteckte Tiere - Selleetools.com","og_description":"Holzpuzzle f\u00fcr Kinder ab 1 Jahr &#8211; Das Lernspielzeug erm\u00f6glicht das \u00dcben p\u00e4dagogisch n\u00fctzlicher F\u00e4higkeiten bereits in den ersten Lebensjahren: Dank der Griffe trainiert das Kind seine Greiff\u00e4higkeiten, entwickelt die Hand-Auge-Koordination, indem es das Teil an der richtigen Stelle treffen muss Schult die Wahrnehmungsf\u00e4higkeit und das logische Denken beim Zusammensetzen der Teile Bietet die M\u00f6glichkeit, ... Read moreHolz-Steckpuzzle ab 1 Jahr, Formen, Kinder &#8211; Holzpuzzle 8 Elemente &#8211; Am Griff herausziehbar &#8211; Sensorisches Spielzeug &#8211; Unter Formen versteckte Tiere","og_url":"https:\/\/selleetools.com\/pl\/product\/holz-steckpuzzle-ab-1-jahr-formen-kinder-holzpuzzle-8-elemente-am-griff-herausziehbar-sensorisches-spielzeug-unter-formen-versteckte-tiere\/","og_site_name":"Selleetools.com","article_modified_time":"2023-12-04T12:36:40+00:00","og_image":[{"width":1000,"height":667,"url":"https:\/\/selleetools.com\/wp-content\/uploads\/2023\/08\/41euE82uJCL.jpg","type":"image\/jpeg"}],"twitter_card":"summary_large_image","twitter_misc":{"Est. reading time":"1 minuta"},"schema":{"@context":"https:\/\/schema.org","@graph":[{"@type":"Organization","@id":"https:\/\/selleetools.com\/#organization","name":"Selleetools","url":"https:\/\/selleetools.com\/","sameAs":[],"logo":{"@type":"ImageObject","inLanguage":"pl-PL","@id":"https:\/\/selleetools.com\/#\/schema\/logo\/image\/","url":"https:\/\/selleetools.com\/wp-content\/uploads\/2021\/10\/logo-dark.png","contentUrl":"https:\/\/selleetools.com\/wp-content\/uploads\/2021\/10\/logo-dark.png","width":320,"height":76,"caption":"Selleetools"},"image":{"@id":"https:\/\/selleetools.com\/#\/schema\/logo\/image\/"}},{"@type":"WebSite","@id":"https:\/\/selleetools.com\/#website","url":"https:\/\/selleetools.com\/","name":"Selleetools.com","description":"","publisher":{"@id":"https:\/\/selleetools.com\/#organization"},"potentialAction":[{"@type":"SearchAction","target":{"@type":"EntryPoint","urlTemplate":"https:\/\/selleetools.com\/?s={search_term_string}"},"query-input":"required name=search_term_string"}],"inLanguage":"pl-PL"},{"@type":"WebPage","@id":"https:\/\/selleetools.com\/pl\/product\/holz-steckpuzzle-ab-1-jahr-formen-kinder-holzpuzzle-8-elemente-am-griff-herausziehbar-sensorisches-spielzeug-unter-formen-versteckte-tiere\/","url":"https:\/\/selleetools.com\/pl\/product\/holz-steckpuzzle-ab-1-jahr-formen-kinder-holzpuzzle-8-elemente-am-griff-herausziehbar-sensorisches-spielzeug-unter-formen-versteckte-tiere\/","name":"Holz-Steckpuzzle ab 1 Jahr, Formen, Kinder - Holzpuzzle 8 Elemente - Am Griff herausziehbar - Sensorisches Spielzeug - Unter Formen versteckte Tiere - Selleetools.com","isPartOf":{"@id":"https:\/\/selleetools.com\/#website"},"datePublished":"2023-08-17T08:57:10+00:00","dateModified":"2023-12-04T12:36:40+00:00","breadcrumb":{"@id":"https:\/\/selleetools.com\/pl\/product\/holz-steckpuzzle-ab-1-jahr-formen-kinder-holzpuzzle-8-elemente-am-griff-herausziehbar-sensorisches-spielzeug-unter-formen-versteckte-tiere\/#breadcrumb"},"inLanguage":"pl-PL","potentialAction":[{"@type":"ReadAction","target":["https:\/\/selleetools.com\/pl\/product\/holz-steckpuzzle-ab-1-jahr-formen-kinder-holzpuzzle-8-elemente-am-griff-herausziehbar-sensorisches-spielzeug-unter-formen-versteckte-tiere\/"]}]},{"@type":"BreadcrumbList","@id":"https:\/\/selleetools.com\/pl\/product\/holz-steckpuzzle-ab-1-jahr-formen-kinder-holzpuzzle-8-elemente-am-griff-herausziehbar-sensorisches-spielzeug-unter-formen-versteckte-tiere\/#breadcrumb","itemListElement":[{"@type":"ListItem","position":1,"name":"Home","item":"https:\/\/selleetools.com\/pl\/"},{"@type":"ListItem","position":2,"name":"Katalog","item":"https:\/\/selleetools.com\/pl\/katalog\/"},{"@type":"ListItem","position":3,"name":"Holz-Steckpuzzle ab 1 Jahr, Formen, Kinder &#8211; Holzpuzzle 8 Elemente &#8211; Am Griff herausziehbar &#8211; Sensorisches Spielzeug &#8211; Unter Formen versteckte Tiere"}]}]}},"_links":{"self":[{"href":"https:\/\/selleetools.com\/pl\/wp-json\/wp\/v2\/product\/283686"}],"collection":[{"href":"https:\/\/selleetools.com\/pl\/wp-json\/wp\/v2\/product"}],"about":[{"href":"https:\/\/selleetools.com\/pl\/wp-json\/wp\/v2\/types\/product"}],"replies":[{"embeddable":true,"href":"https:\/\/selleetools.com\/pl\/wp-json\/wp\/v2\/comments?post=283686"}],"wp:featuredmedia":[{"embeddable":true,"href":"https:\/\/selleetools.com\/pl\/wp-json\/wp\/v2\/media\/285939"}],"wp:attachment":[{"href":"https:\/\/selleetools.com\/pl\/wp-json\/wp\/v2\/media?parent=283686"}],"curies":[{"name":"wp","href":"https:\/\/api.w.org\/{rel}","templated":true}]}}