{"id":283588,"date":"2023-08-17T10:56:36","date_gmt":"2023-08-17T08:56:36","guid":{"rendered":"https:\/\/selleetools.com\/?post_type=product&#038;p=283588"},"modified":"2023-12-04T13:36:38","modified_gmt":"2023-12-04T12:36:38","slug":"lemonia-baby-brotburste","status":"publish","type":"product","link":"https:\/\/selleetools.com\/pl\/product\/lemonia-baby-brotburste\/","title":{"rendered":"Lemonia Baby Brotb\u00fcrste"},"content":{"rendered":"<p>Lemonien &#8211; Baby-K\u00fchlenb\u00fcrste Lemonie Babyb\u00fcrste nat\u00fcrliche Borsten Haarb\u00fcrste aus nat\u00fcrlichen Borsten am K\u00fcbel und f\u00fcr Kinder mit dichtem Haar Die Borsten helfen sanft und effektiv bei der Entfernung von Fl\u00fcssigkeiten. sicher ab 1 Tag abgestimmt auf die zarte Babyhaut K\u00e4mmt dichte und lange Haare gut geeignet zur Entfernung von Strahlwasser Naturprodukt Verursacht keine allergischen Reaktionen Wann die B\u00fcrste auf einem flachen Haar? Eine f\u00fcr Kinder geeignete B\u00fcrste mit sogenannter Strahlerblume, die sich durch unsch\u00f6ne, gelbe Schuppen auszeichnet, die die behaarte Kopfhaut bedecken. Auch f\u00fcr dickfl\u00fcssige und lange Haare des Kindes ist die Naturborsten gut geeignet. Etwa 1h vor dem Baden schmieren Sie den Kopf Ihres Babys mit Babypflege. K\u00e4mmen Sie dann sanft die weichsten Schuppen unter den Haaren. Nach der Behandlung mit einem milden Shampoo waschen. Ein Teil der Schuppen wird entfernt und ein Teil wird entfernt. Bei dem n\u00e4chsten Bad wiederholen. Beschleunigen Sie den Prozess der Entfernung von Klumpenschuppen nicht, da dies die zarte Haut des Babys reizen kann. Anwendungshinweise: B\u00fcrste trocken reinigen &#8211; Borsten mit einem Kamm, Nach dem K\u00e4mmen der Oliven- und Schuppenr\u00fcckst\u00e4nde die Borsten mit Spiritus oder Octanisept aufspr\u00fchen. Vermeiden Sie den Kontakt mit Wasser &#8211; vermeiden Sie so Holzbr\u00fcche trocken lagern FeaturesSicher ab 1 TagGeeignet zum Entfernen von Fl\u00fcssigkeitenK\u00e4mmt dichtes und langes Haar gutNaturproduktVerursacht keine allergischen Reaktionen<\/p>\n","protected":false},"excerpt":{"rendered":"<p>Lemonien &#8211; Baby-K\u00fchlenb\u00fcrste Lemonie Babyb\u00fcrste nat\u00fcrliche Borsten Haarb\u00fcrste aus nat\u00fcrlichen Borsten am K\u00fcbel und f\u00fcr Kinder mit dichtem Haar Die Borsten helfen sanft und effektiv bei der Entfernung von Fl\u00fcssigkeiten. sicher ab 1 Tag abgestimmt auf die zarte Babyhaut K\u00e4mmt dichte und lange Haare gut geeignet zur Entfernung von Strahlwasser Naturprodukt Verursacht keine allergischen Reaktionen &#8230; <a title=\"Lemonia Baby Brotb\u00fcrste\" class=\"read-more\" href=\"https:\/\/selleetools.com\/pl\/product\/lemonia-baby-brotburste\/\">Read more<span class=\"screen-reader-text\">Lemonia Baby Brotb\u00fcrste<\/span><\/a><\/p>\n","protected":false},"featured_media":285857,"comment_status":"open","ping_status":"closed","template":"","meta":{"_links_to":"","_links_to_target":""},"yoast_head":"<!-- This site is optimized with the Yoast SEO plugin v19.4 - https:\/\/yoast.com\/wordpress\/plugins\/seo\/ -->\n<title>Lemonia Baby Brotb\u00fcrste - Selleetools.com<\/title>\n<meta name=\"robots\" content=\"index, follow, max-snippet:-1, max-image-preview:large, max-video-preview:-1\" \/>\n<link rel=\"canonical\" href=\"https:\/\/admincentral.selleetools.com\/product\/lemonia-baby-brotburste\/\" \/>\n<meta property=\"og:locale\" content=\"pl_PL\" \/>\n<meta property=\"og:type\" content=\"article\" \/>\n<meta property=\"og:title\" content=\"Lemonia Baby Brotb\u00fcrste - Selleetools.com\" \/>\n<meta property=\"og:description\" content=\"Lemonien &#8211; Baby-K\u00fchlenb\u00fcrste Lemonie Babyb\u00fcrste nat\u00fcrliche Borsten Haarb\u00fcrste aus nat\u00fcrlichen Borsten am K\u00fcbel und f\u00fcr Kinder mit dichtem Haar Die Borsten helfen sanft und effektiv bei der Entfernung von Fl\u00fcssigkeiten. sicher ab 1 Tag abgestimmt auf die zarte Babyhaut K\u00e4mmt dichte und lange Haare gut geeignet zur Entfernung von Strahlwasser Naturprodukt Verursacht keine allergischen Reaktionen ... Read moreLemonia Baby Brotb\u00fcrste\" \/>\n<meta property=\"og:url\" content=\"https:\/\/admincentral.selleetools.com\/product\/lemonia-baby-brotburste\/\" \/>\n<meta property=\"og:site_name\" content=\"Selleetools.com\" \/>\n<meta property=\"article:modified_time\" content=\"2023-12-04T12:36:38+00:00\" \/>\n<meta property=\"og:image\" content=\"https:\/\/selleetools.com\/wp-content\/uploads\/2023\/08\/31a0KTJVgDL.jpg\" \/>\n\t<meta property=\"og:image:width\" content=\"500\" \/>\n\t<meta property=\"og:image:height\" content=\"240\" \/>\n\t<meta property=\"og:image:type\" content=\"image\/jpeg\" \/>\n<meta name=\"twitter:card\" content=\"summary_large_image\" \/>\n<meta name=\"twitter:label1\" content=\"Est. reading time\" \/>\n\t<meta name=\"twitter:data1\" content=\"1 minuta\" \/>\n<!-- \/ Yoast SEO plugin. -->","yoast_head_json":{"title":"Lemonia Baby Brotb\u00fcrste - Selleetools.com","robots":{"index":"index","follow":"follow","max-snippet":"max-snippet:-1","max-image-preview":"max-image-preview:large","max-video-preview":"max-video-preview:-1"},"canonical":"https:\/\/admincentral.selleetools.com\/product\/lemonia-baby-brotburste\/","og_locale":"pl_PL","og_type":"article","og_title":"Lemonia Baby Brotb\u00fcrste - Selleetools.com","og_description":"Lemonien &#8211; Baby-K\u00fchlenb\u00fcrste Lemonie Babyb\u00fcrste nat\u00fcrliche Borsten Haarb\u00fcrste aus nat\u00fcrlichen Borsten am K\u00fcbel und f\u00fcr Kinder mit dichtem Haar Die Borsten helfen sanft und effektiv bei der Entfernung von Fl\u00fcssigkeiten. sicher ab 1 Tag abgestimmt auf die zarte Babyhaut K\u00e4mmt dichte und lange Haare gut geeignet zur Entfernung von Strahlwasser Naturprodukt Verursacht keine allergischen Reaktionen ... Read moreLemonia Baby Brotb\u00fcrste","og_url":"https:\/\/admincentral.selleetools.com\/product\/lemonia-baby-brotburste\/","og_site_name":"Selleetools.com","article_modified_time":"2023-12-04T12:36:38+00:00","og_image":[{"width":500,"height":240,"url":"https:\/\/selleetools.com\/wp-content\/uploads\/2023\/08\/31a0KTJVgDL.jpg","type":"image\/jpeg"}],"twitter_card":"summary_large_image","twitter_misc":{"Est. reading time":"1 minuta"},"schema":{"@context":"https:\/\/schema.org","@graph":[{"@type":"Organization","@id":"https:\/\/selleetools.com\/#organization","name":"Selleetools","url":"https:\/\/selleetools.com\/","sameAs":[],"logo":{"@type":"ImageObject","inLanguage":"pl-PL","@id":"https:\/\/selleetools.com\/#\/schema\/logo\/image\/","url":"https:\/\/selleetools.com\/wp-content\/uploads\/2021\/10\/logo-dark.png","contentUrl":"https:\/\/selleetools.com\/wp-content\/uploads\/2021\/10\/logo-dark.png","width":320,"height":76,"caption":"Selleetools"},"image":{"@id":"https:\/\/selleetools.com\/#\/schema\/logo\/image\/"}},{"@type":"WebSite","@id":"https:\/\/selleetools.com\/#website","url":"https:\/\/selleetools.com\/","name":"Selleetools.com","description":"","publisher":{"@id":"https:\/\/selleetools.com\/#organization"},"potentialAction":[{"@type":"SearchAction","target":{"@type":"EntryPoint","urlTemplate":"https:\/\/selleetools.com\/?s={search_term_string}"},"query-input":"required name=search_term_string"}],"inLanguage":"pl-PL"},{"@type":"WebPage","@id":"https:\/\/admincentral.selleetools.com\/product\/lemonia-baby-brotburste\/","url":"https:\/\/admincentral.selleetools.com\/product\/lemonia-baby-brotburste\/","name":"Lemonia Baby Brotb\u00fcrste - Selleetools.com","isPartOf":{"@id":"https:\/\/selleetools.com\/#website"},"datePublished":"2023-08-17T08:56:36+00:00","dateModified":"2023-12-04T12:36:38+00:00","breadcrumb":{"@id":"https:\/\/admincentral.selleetools.com\/product\/lemonia-baby-brotburste\/#breadcrumb"},"inLanguage":"pl-PL","potentialAction":[{"@type":"ReadAction","target":["https:\/\/admincentral.selleetools.com\/product\/lemonia-baby-brotburste\/"]}]},{"@type":"BreadcrumbList","@id":"https:\/\/admincentral.selleetools.com\/product\/lemonia-baby-brotburste\/#breadcrumb","itemListElement":[{"@type":"ListItem","position":1,"name":"Home","item":"https:\/\/selleetools.com\/pl\/"},{"@type":"ListItem","position":2,"name":"Katalog","item":"https:\/\/selleetools.com\/pl\/katalog\/"},{"@type":"ListItem","position":3,"name":"Lemonia Baby Brotb\u00fcrste"}]}]}},"_links":{"self":[{"href":"https:\/\/selleetools.com\/pl\/wp-json\/wp\/v2\/product\/283588"}],"collection":[{"href":"https:\/\/selleetools.com\/pl\/wp-json\/wp\/v2\/product"}],"about":[{"href":"https:\/\/selleetools.com\/pl\/wp-json\/wp\/v2\/types\/product"}],"replies":[{"embeddable":true,"href":"https:\/\/selleetools.com\/pl\/wp-json\/wp\/v2\/comments?post=283588"}],"wp:featuredmedia":[{"embeddable":true,"href":"https:\/\/selleetools.com\/pl\/wp-json\/wp\/v2\/media\/285857"}],"wp:attachment":[{"href":"https:\/\/selleetools.com\/pl\/wp-json\/wp\/v2\/media?parent=283588"}],"curies":[{"name":"wp","href":"https:\/\/api.w.org\/{rel}","templated":true}]}}