{"id":283555,"date":"2023-08-17T10:56:18","date_gmt":"2023-08-17T08:56:18","guid":{"rendered":"https:\/\/selleetools.com\/?post_type=product&#038;p=283555"},"modified":"2025-01-03T15:37:20","modified_gmt":"2025-01-03T14:37:20","slug":"spielba-kasse-mit-scanner","status":"publish","type":"product","link":"https:\/\/selleetools.com\/pl\/product\/spielba-kasse-mit-scanner\/","title":{"rendered":"Spielba Kasse mit Scanner"},"content":{"rendered":"<p>Mit dieser wundersch\u00f6nen Kasse von Spielba f\u00f6rdern Sie die ersten Z\u00e4hl- und Rechenversuche Ihres Kindes. Lassen Sie Ihren Liebling in die Rolle eines Verk\u00e4ufers im Supermarkt oder in einem anderen Gesch\u00e4ft schl\u00fcpfen. Die Registrierkasse wurde aus nachhaltigem Kautschukholz hergestellt und ist mit einem tollen Scanner ausgestattet. In den F\u00e4chern l\u00e4sst sich das Spiel- und Wechselgeld aufbewahren. Der Kunde kann sowohl bar mit M\u00fcnzen und Scheinen oder auch mit einer Kreditkarte zahlen. Dieses klassische Kinderspielzeug ist absolut zeitlos, denn schon immer hatten Kinder das Bed\u00fcrfnis, die Szenerie eines Supermarktkaufes nachzunahmen und den richtigen Umgang mit Geld genau wie Mama und Papa zu lernen. Eigenschaften Spielba Kasse mit Scanner: * mit Spielgeld in Form von M\u00fcnzen und Scheinen * perfekt geeignet f\u00fcr das Rollenspiel * regt zum Teilen an * unterst\u00fctzt beim Z\u00e4hlen und Rechnen lernen * ideale Geschenkidee * Aufgrund von verschluck baren Kleinteilen nicht f\u00fcr Kinder unter 36 Monate geeignet * Gr\u00f6sse: 19 x 21 x 10\u2009cm * Inhalt: Kasse mit Scanner, Karte und Bargeld<\/p>\n","protected":false},"excerpt":{"rendered":"<p>Mit dieser wundersch\u00f6nen Kasse von Spielba f\u00f6rdern Sie die ersten Z\u00e4hl- und Rechenversuche Ihres Kindes. Lassen Sie Ihren Liebling in die Rolle eines Verk\u00e4ufers im Supermarkt oder in einem anderen Gesch\u00e4ft schl\u00fcpfen. Die Registrierkasse wurde aus nachhaltigem Kautschukholz hergestellt und ist mit einem tollen Scanner ausgestattet. In den F\u00e4chern l\u00e4sst sich das Spiel- und Wechselgeld &#8230; <a title=\"Spielba Kasse mit Scanner\" class=\"read-more\" href=\"https:\/\/selleetools.com\/pl\/product\/spielba-kasse-mit-scanner\/\">Read more<span class=\"screen-reader-text\">Spielba Kasse mit Scanner<\/span><\/a><\/p>\n","protected":false},"featured_media":285833,"comment_status":"open","ping_status":"closed","template":"","meta":{"_links_to":"","_links_to_target":""},"yoast_head":"<!-- This site is optimized with the Yoast SEO plugin v19.4 - https:\/\/yoast.com\/wordpress\/plugins\/seo\/ -->\n<title>Spielba Kasse mit Scanner - Selleetools.com<\/title>\n<meta name=\"robots\" content=\"index, follow, max-snippet:-1, max-image-preview:large, max-video-preview:-1\" \/>\n<link rel=\"canonical\" href=\"https:\/\/selleetools.com\/product\/spielba-kasse-mit-scanner\/\" \/>\n<meta property=\"og:locale\" content=\"pl_PL\" \/>\n<meta property=\"og:type\" content=\"article\" \/>\n<meta property=\"og:title\" content=\"Spielba Kasse mit Scanner - Selleetools.com\" \/>\n<meta property=\"og:description\" content=\"Mit dieser wundersch\u00f6nen Kasse von Spielba f\u00f6rdern Sie die ersten Z\u00e4hl- und Rechenversuche Ihres Kindes. Lassen Sie Ihren Liebling in die Rolle eines Verk\u00e4ufers im Supermarkt oder in einem anderen Gesch\u00e4ft schl\u00fcpfen. Die Registrierkasse wurde aus nachhaltigem Kautschukholz hergestellt und ist mit einem tollen Scanner ausgestattet. In den F\u00e4chern l\u00e4sst sich das Spiel- und Wechselgeld ... Read moreSpielba Kasse mit Scanner\" \/>\n<meta property=\"og:url\" content=\"https:\/\/selleetools.com\/product\/spielba-kasse-mit-scanner\/\" \/>\n<meta property=\"og:site_name\" content=\"Selleetools.com\" \/>\n<meta property=\"article:modified_time\" content=\"2025-01-03T14:37:20+00:00\" \/>\n<meta property=\"og:image\" content=\"https:\/\/selleetools.com\/wp-content\/uploads\/2023\/08\/51xD7DxHcQL.jpg\" \/>\n\t<meta property=\"og:image:width\" content=\"1024\" \/>\n\t<meta property=\"og:image:height\" content=\"1024\" \/>\n\t<meta property=\"og:image:type\" content=\"image\/jpeg\" \/>\n<meta name=\"twitter:card\" content=\"summary_large_image\" \/>\n<meta name=\"twitter:label1\" content=\"Est. reading time\" \/>\n\t<meta name=\"twitter:data1\" content=\"1 minuta\" \/>\n<!-- \/ Yoast SEO plugin. -->","yoast_head_json":{"title":"Spielba Kasse mit Scanner - Selleetools.com","robots":{"index":"index","follow":"follow","max-snippet":"max-snippet:-1","max-image-preview":"max-image-preview:large","max-video-preview":"max-video-preview:-1"},"canonical":"https:\/\/selleetools.com\/product\/spielba-kasse-mit-scanner\/","og_locale":"pl_PL","og_type":"article","og_title":"Spielba Kasse mit Scanner - Selleetools.com","og_description":"Mit dieser wundersch\u00f6nen Kasse von Spielba f\u00f6rdern Sie die ersten Z\u00e4hl- und Rechenversuche Ihres Kindes. Lassen Sie Ihren Liebling in die Rolle eines Verk\u00e4ufers im Supermarkt oder in einem anderen Gesch\u00e4ft schl\u00fcpfen. Die Registrierkasse wurde aus nachhaltigem Kautschukholz hergestellt und ist mit einem tollen Scanner ausgestattet. In den F\u00e4chern l\u00e4sst sich das Spiel- und Wechselgeld ... Read moreSpielba Kasse mit Scanner","og_url":"https:\/\/selleetools.com\/product\/spielba-kasse-mit-scanner\/","og_site_name":"Selleetools.com","article_modified_time":"2025-01-03T14:37:20+00:00","og_image":[{"width":1024,"height":1024,"url":"https:\/\/selleetools.com\/wp-content\/uploads\/2023\/08\/51xD7DxHcQL.jpg","type":"image\/jpeg"}],"twitter_card":"summary_large_image","twitter_misc":{"Est. reading time":"1 minuta"},"schema":{"@context":"https:\/\/schema.org","@graph":[{"@type":"Organization","@id":"https:\/\/selleetools.com\/#organization","name":"Selleetools","url":"https:\/\/selleetools.com\/","sameAs":[],"logo":{"@type":"ImageObject","inLanguage":"pl-PL","@id":"https:\/\/selleetools.com\/#\/schema\/logo\/image\/","url":"https:\/\/selleetools.com\/wp-content\/uploads\/2021\/10\/logo-dark.png","contentUrl":"https:\/\/selleetools.com\/wp-content\/uploads\/2021\/10\/logo-dark.png","width":320,"height":76,"caption":"Selleetools"},"image":{"@id":"https:\/\/selleetools.com\/#\/schema\/logo\/image\/"}},{"@type":"WebSite","@id":"https:\/\/selleetools.com\/#website","url":"https:\/\/selleetools.com\/","name":"Selleetools.com","description":"","publisher":{"@id":"https:\/\/selleetools.com\/#organization"},"potentialAction":[{"@type":"SearchAction","target":{"@type":"EntryPoint","urlTemplate":"https:\/\/selleetools.com\/?s={search_term_string}"},"query-input":"required name=search_term_string"}],"inLanguage":"pl-PL"},{"@type":"WebPage","@id":"https:\/\/selleetools.com\/product\/spielba-kasse-mit-scanner\/","url":"https:\/\/selleetools.com\/product\/spielba-kasse-mit-scanner\/","name":"Spielba Kasse mit Scanner - Selleetools.com","isPartOf":{"@id":"https:\/\/selleetools.com\/#website"},"datePublished":"2023-08-17T08:56:18+00:00","dateModified":"2025-01-03T14:37:20+00:00","breadcrumb":{"@id":"https:\/\/selleetools.com\/product\/spielba-kasse-mit-scanner\/#breadcrumb"},"inLanguage":"pl-PL","potentialAction":[{"@type":"ReadAction","target":["https:\/\/selleetools.com\/product\/spielba-kasse-mit-scanner\/"]}]},{"@type":"BreadcrumbList","@id":"https:\/\/selleetools.com\/product\/spielba-kasse-mit-scanner\/#breadcrumb","itemListElement":[{"@type":"ListItem","position":1,"name":"Home","item":"https:\/\/selleetools.com\/pl\/"},{"@type":"ListItem","position":2,"name":"Katalog","item":"https:\/\/selleetools.com\/pl\/katalog\/"},{"@type":"ListItem","position":3,"name":"Spielba Kasse mit Scanner"}]}]}},"_links":{"self":[{"href":"https:\/\/selleetools.com\/pl\/wp-json\/wp\/v2\/product\/283555"}],"collection":[{"href":"https:\/\/selleetools.com\/pl\/wp-json\/wp\/v2\/product"}],"about":[{"href":"https:\/\/selleetools.com\/pl\/wp-json\/wp\/v2\/types\/product"}],"replies":[{"embeddable":true,"href":"https:\/\/selleetools.com\/pl\/wp-json\/wp\/v2\/comments?post=283555"}],"wp:featuredmedia":[{"embeddable":true,"href":"https:\/\/selleetools.com\/pl\/wp-json\/wp\/v2\/media\/285833"}],"wp:attachment":[{"href":"https:\/\/selleetools.com\/pl\/wp-json\/wp\/v2\/media?parent=283555"}],"curies":[{"name":"wp","href":"https:\/\/api.w.org\/{rel}","templated":true}]}}