{"id":283454,"date":"2023-08-17T10:55:37","date_gmt":"2023-08-17T08:55:37","guid":{"rendered":"https:\/\/selleetools.com\/?post_type=product&#038;p=283454"},"modified":"2023-12-04T13:36:35","modified_gmt":"2023-12-04T12:36:35","slug":"buddy-barney-bath-time-murmelbahn-spielzeug-36-teiliges-set-bauen-sie-eine-strecke-und-rennen-sie-die-speziellen-balle-nach-unten-badespielzeug-fur-baby-2-3-4-5-6-jahre-alt","status":"publish","type":"product","link":"https:\/\/selleetools.com\/pl\/product\/buddy-barney-bath-time-murmelbahn-spielzeug-36-teiliges-set-bauen-sie-eine-strecke-und-rennen-sie-die-speziellen-balle-nach-unten-badespielzeug-fur-baby-2-3-4-5-6-jahre-alt\/","title":{"rendered":"Buddy &#038; Barney Bath Time Murmelbahn Spielzeug 36-teiliges Set &#8211; Bauen Sie eine Strecke und rennen Sie die speziellen B\u00e4lle nach unten! Badespielzeug f\u00fcr Baby 2 3 4 5 6 Jahre alt"},"content":{"rendered":"<p>Buddy &#038; Barney&#8217;s Bath Time Kugelbahn Machen Sie die Badezeit Spa\u00df mit unserer Badezeit-Marmorlauf. Stundenlanger Spa\u00df, verschiedene Strecken zu bauen und die verr\u00fcckten Murmeln die Strecke hinunter zu rennen. Dies ist ein gro\u00dfer Hit in unserem Haushalt und unsere Jungs spielen mit diesem Set jede einzelne Badezeit. Produktabmessungen: Die Box misst 21,5 x 10,5 x 16 cm FeaturesUltimativer Badespa\u00df \u2013 macht das Baden Spa\u00df mit Buddy &#038; Barney&#8217;s Kugelbahn. Bauen Sie eine kurvenreiche, kurvige Rennstrecke mit den hellen und lebendigen Teilen und beobachten Sie, wie die verr\u00fcckten B\u00e4lle die w\u00e4ssrige Strecke hinunterrennen. Dieses innovative Badespielzeug macht die Badezeit f\u00fcr sie angenehmer und einfacher f\u00fcr Sie, das ist eine Win-Win in unseren B\u00fcchern!\ud83d\udc4d KREATIVIT\u00c4T UND FEINMOTORIK &#8211; Kinder werden es genie\u00dfen, an all die verschiedenen M\u00f6glichkeiten zu denken, wie sie ihre Strecke aufbauen k\u00f6nnen. Alle Teile lassen sich leicht ineinander greifen, sodass Sie so viele verschiedene Tracks erstellen k\u00f6nnen. Stecken Sie einfach die Heringe an jedem Ende in die L\u00f6cher der anderen Teile und befestigen Sie einfach die cleveren Saugn\u00e4pfe an den Schienenst\u00fccken und kleben Sie sie an die Wand.\u2754 WAS IST IN DER BOX? \u2013 Es gibt 36 verschiedene Teile, darunter Track, Saugn\u00e4pfe, ein Wasserrad und 4 verr\u00fcckte Murmeln\/Kugeln &#8211; sie sind wie &#8220;magische Bohnen&#8221;, so dass sie die Strecke leicht hinunterrollen und rollen.\u26a0\ufe0f Super sicheres Spielen \u2013 Wir verstehen Ihre Bedenken, wenn es um die Pflege Ihres Kindes geht, und deshalb haben wir nur die sichersten und langlebigsten Materialien f\u00fcr unsere Kinder-Badespielzeuge verwendet Diese Spielzeuge sind garantiert 100% ungiftig und BPA-frei. Wie bei allen Buddy &#038; Barney Produkten wurden diese Badespielzeuge strengen Sicherheitstests unterzogen, um sicherzustellen, dass sie alle EU\/US-Sicherheitsvorschriften mit Bravour erf\u00fcllen!\ud83c\udf81 Perfektes Geschenk \u2013 Unsere Badezeit-Marmorbahn ist das perfekte Geschenk f\u00fcr das Baby, Kleinkind oder \u00e4ltere Kinder in Ihrem Leben (oder die Eltern, die mit Wutanf\u00e4llen k\u00e4mpfen). ) Ideal f\u00fcr Geburtstage, Weihnachten oder einfach nur als helfende Hand f\u00fcr eine Mama oder Papa in Not. Das Set ist in einer stabilen, gut gestalteten Box verpackt, so dass es eine Freude ist, es als Geschenk zu erhalten! Alle unsere Produkte werden in Gro\u00dfbritannien von unserem Team von sch\u00f6nen freiberuflichen Designern entworfen<\/p>\n","protected":false},"excerpt":{"rendered":"<p>Buddy &#038; Barney&#8217;s Bath Time Kugelbahn Machen Sie die Badezeit Spa\u00df mit unserer Badezeit-Marmorlauf. Stundenlanger Spa\u00df, verschiedene Strecken zu bauen und die verr\u00fcckten Murmeln die Strecke hinunter zu rennen. Dies ist ein gro\u00dfer Hit in unserem Haushalt und unsere Jungs spielen mit diesem Set jede einzelne Badezeit. Produktabmessungen: Die Box misst 21,5 x 10,5 x &#8230; <a title=\"Buddy &#038; Barney Bath Time Murmelbahn Spielzeug 36-teiliges Set &#8211; Bauen Sie eine Strecke und rennen Sie die speziellen B\u00e4lle nach unten! Badespielzeug f\u00fcr Baby 2 3 4 5 6 Jahre alt\" class=\"read-more\" href=\"https:\/\/selleetools.com\/pl\/product\/buddy-barney-bath-time-murmelbahn-spielzeug-36-teiliges-set-bauen-sie-eine-strecke-und-rennen-sie-die-speziellen-balle-nach-unten-badespielzeug-fur-baby-2-3-4-5-6-jahre-alt\/\">Read more<span class=\"screen-reader-text\">Buddy &#038; Barney Bath Time Murmelbahn Spielzeug 36-teiliges Set &#8211; Bauen Sie eine Strecke und rennen Sie die speziellen B\u00e4lle nach unten! Badespielzeug f\u00fcr Baby 2 3 4 5 6 Jahre alt<\/span><\/a><\/p>\n","protected":false},"featured_media":285721,"comment_status":"open","ping_status":"closed","template":"","meta":{"_links_to":"","_links_to_target":""},"yoast_head":"<!-- This site is optimized with the Yoast SEO plugin v19.4 - https:\/\/yoast.com\/wordpress\/plugins\/seo\/ -->\n<title>Buddy &amp; Barney Bath Time Murmelbahn Spielzeug 36-teiliges Set - Bauen Sie eine Strecke und rennen Sie die speziellen B\u00e4lle nach unten! Badespielzeug f\u00fcr Baby 2 3 4 5 6 Jahre alt - Selleetools.com<\/title>\n<meta name=\"robots\" content=\"index, follow, max-snippet:-1, max-image-preview:large, max-video-preview:-1\" \/>\n<link rel=\"canonical\" href=\"https:\/\/selleetools.com\/product\/buddy-barney-bath-time-murmelbahn-spielzeug-36-teiliges-set-bauen-sie-eine-strecke-und-rennen-sie-die-speziellen-balle-nach-unten-badespielzeug-fur-baby-2-3-4-5-6-jahre-alt\/\" \/>\n<meta property=\"og:locale\" content=\"pl_PL\" \/>\n<meta property=\"og:type\" content=\"article\" \/>\n<meta property=\"og:title\" content=\"Buddy &amp; Barney Bath Time Murmelbahn Spielzeug 36-teiliges Set - Bauen Sie eine Strecke und rennen Sie die speziellen B\u00e4lle nach unten! Badespielzeug f\u00fcr Baby 2 3 4 5 6 Jahre alt - Selleetools.com\" \/>\n<meta property=\"og:description\" content=\"Buddy &#038; Barney&#8217;s Bath Time Kugelbahn Machen Sie die Badezeit Spa\u00df mit unserer Badezeit-Marmorlauf. Stundenlanger Spa\u00df, verschiedene Strecken zu bauen und die verr\u00fcckten Murmeln die Strecke hinunter zu rennen. Dies ist ein gro\u00dfer Hit in unserem Haushalt und unsere Jungs spielen mit diesem Set jede einzelne Badezeit. Produktabmessungen: Die Box misst 21,5 x 10,5 x ... Read moreBuddy &#038; Barney Bath Time Murmelbahn Spielzeug 36-teiliges Set &#8211; Bauen Sie eine Strecke und rennen Sie die speziellen B\u00e4lle nach unten! Badespielzeug f\u00fcr Baby 2 3 4 5 6 Jahre alt\" \/>\n<meta property=\"og:url\" content=\"https:\/\/selleetools.com\/product\/buddy-barney-bath-time-murmelbahn-spielzeug-36-teiliges-set-bauen-sie-eine-strecke-und-rennen-sie-die-speziellen-balle-nach-unten-badespielzeug-fur-baby-2-3-4-5-6-jahre-alt\/\" \/>\n<meta property=\"og:site_name\" content=\"Selleetools.com\" \/>\n<meta property=\"article:modified_time\" content=\"2023-12-04T12:36:35+00:00\" \/>\n<meta property=\"og:image\" content=\"https:\/\/selleetools.com\/wp-content\/uploads\/2023\/08\/81PUabOj9-L.jpg\" \/>\n\t<meta property=\"og:image:width\" content=\"1966\" \/>\n\t<meta property=\"og:image:height\" content=\"2560\" \/>\n\t<meta property=\"og:image:type\" content=\"image\/jpeg\" \/>\n<meta name=\"twitter:card\" content=\"summary_large_image\" \/>\n<meta name=\"twitter:label1\" content=\"Est. reading time\" \/>\n\t<meta name=\"twitter:data1\" content=\"2 minuty\" \/>\n<!-- \/ Yoast SEO plugin. -->","yoast_head_json":{"title":"Buddy & Barney Bath Time Murmelbahn Spielzeug 36-teiliges Set - Bauen Sie eine Strecke und rennen Sie die speziellen B\u00e4lle nach unten! Badespielzeug f\u00fcr Baby 2 3 4 5 6 Jahre alt - Selleetools.com","robots":{"index":"index","follow":"follow","max-snippet":"max-snippet:-1","max-image-preview":"max-image-preview:large","max-video-preview":"max-video-preview:-1"},"canonical":"https:\/\/selleetools.com\/product\/buddy-barney-bath-time-murmelbahn-spielzeug-36-teiliges-set-bauen-sie-eine-strecke-und-rennen-sie-die-speziellen-balle-nach-unten-badespielzeug-fur-baby-2-3-4-5-6-jahre-alt\/","og_locale":"pl_PL","og_type":"article","og_title":"Buddy & Barney Bath Time Murmelbahn Spielzeug 36-teiliges Set - Bauen Sie eine Strecke und rennen Sie die speziellen B\u00e4lle nach unten! Badespielzeug f\u00fcr Baby 2 3 4 5 6 Jahre alt - Selleetools.com","og_description":"Buddy &#038; Barney&#8217;s Bath Time Kugelbahn Machen Sie die Badezeit Spa\u00df mit unserer Badezeit-Marmorlauf. Stundenlanger Spa\u00df, verschiedene Strecken zu bauen und die verr\u00fcckten Murmeln die Strecke hinunter zu rennen. Dies ist ein gro\u00dfer Hit in unserem Haushalt und unsere Jungs spielen mit diesem Set jede einzelne Badezeit. Produktabmessungen: Die Box misst 21,5 x 10,5 x ... Read moreBuddy &#038; Barney Bath Time Murmelbahn Spielzeug 36-teiliges Set &#8211; Bauen Sie eine Strecke und rennen Sie die speziellen B\u00e4lle nach unten! Badespielzeug f\u00fcr Baby 2 3 4 5 6 Jahre alt","og_url":"https:\/\/selleetools.com\/product\/buddy-barney-bath-time-murmelbahn-spielzeug-36-teiliges-set-bauen-sie-eine-strecke-und-rennen-sie-die-speziellen-balle-nach-unten-badespielzeug-fur-baby-2-3-4-5-6-jahre-alt\/","og_site_name":"Selleetools.com","article_modified_time":"2023-12-04T12:36:35+00:00","og_image":[{"width":1966,"height":2560,"url":"https:\/\/selleetools.com\/wp-content\/uploads\/2023\/08\/81PUabOj9-L.jpg","type":"image\/jpeg"}],"twitter_card":"summary_large_image","twitter_misc":{"Est. reading time":"2 minuty"},"schema":{"@context":"https:\/\/schema.org","@graph":[{"@type":"Organization","@id":"https:\/\/selleetools.com\/#organization","name":"Selleetools","url":"https:\/\/selleetools.com\/","sameAs":[],"logo":{"@type":"ImageObject","inLanguage":"pl-PL","@id":"https:\/\/selleetools.com\/#\/schema\/logo\/image\/","url":"https:\/\/selleetools.com\/wp-content\/uploads\/2021\/10\/logo-dark.png","contentUrl":"https:\/\/selleetools.com\/wp-content\/uploads\/2021\/10\/logo-dark.png","width":320,"height":76,"caption":"Selleetools"},"image":{"@id":"https:\/\/selleetools.com\/#\/schema\/logo\/image\/"}},{"@type":"WebSite","@id":"https:\/\/selleetools.com\/#website","url":"https:\/\/selleetools.com\/","name":"Selleetools.com","description":"","publisher":{"@id":"https:\/\/selleetools.com\/#organization"},"potentialAction":[{"@type":"SearchAction","target":{"@type":"EntryPoint","urlTemplate":"https:\/\/selleetools.com\/?s={search_term_string}"},"query-input":"required name=search_term_string"}],"inLanguage":"pl-PL"},{"@type":"WebPage","@id":"https:\/\/selleetools.com\/product\/buddy-barney-bath-time-murmelbahn-spielzeug-36-teiliges-set-bauen-sie-eine-strecke-und-rennen-sie-die-speziellen-balle-nach-unten-badespielzeug-fur-baby-2-3-4-5-6-jahre-alt\/","url":"https:\/\/selleetools.com\/product\/buddy-barney-bath-time-murmelbahn-spielzeug-36-teiliges-set-bauen-sie-eine-strecke-und-rennen-sie-die-speziellen-balle-nach-unten-badespielzeug-fur-baby-2-3-4-5-6-jahre-alt\/","name":"Buddy & Barney Bath Time Murmelbahn Spielzeug 36-teiliges Set - Bauen Sie eine Strecke und rennen Sie die speziellen B\u00e4lle nach unten! Badespielzeug f\u00fcr Baby 2 3 4 5 6 Jahre alt - Selleetools.com","isPartOf":{"@id":"https:\/\/selleetools.com\/#website"},"datePublished":"2023-08-17T08:55:37+00:00","dateModified":"2023-12-04T12:36:35+00:00","breadcrumb":{"@id":"https:\/\/selleetools.com\/product\/buddy-barney-bath-time-murmelbahn-spielzeug-36-teiliges-set-bauen-sie-eine-strecke-und-rennen-sie-die-speziellen-balle-nach-unten-badespielzeug-fur-baby-2-3-4-5-6-jahre-alt\/#breadcrumb"},"inLanguage":"pl-PL","potentialAction":[{"@type":"ReadAction","target":["https:\/\/selleetools.com\/product\/buddy-barney-bath-time-murmelbahn-spielzeug-36-teiliges-set-bauen-sie-eine-strecke-und-rennen-sie-die-speziellen-balle-nach-unten-badespielzeug-fur-baby-2-3-4-5-6-jahre-alt\/"]}]},{"@type":"BreadcrumbList","@id":"https:\/\/selleetools.com\/product\/buddy-barney-bath-time-murmelbahn-spielzeug-36-teiliges-set-bauen-sie-eine-strecke-und-rennen-sie-die-speziellen-balle-nach-unten-badespielzeug-fur-baby-2-3-4-5-6-jahre-alt\/#breadcrumb","itemListElement":[{"@type":"ListItem","position":1,"name":"Home","item":"https:\/\/selleetools.com\/pl\/"},{"@type":"ListItem","position":2,"name":"Katalog","item":"https:\/\/selleetools.com\/pl\/katalog\/"},{"@type":"ListItem","position":3,"name":"Buddy &#038; Barney Bath Time Murmelbahn Spielzeug 36-teiliges Set &#8211; Bauen Sie eine Strecke und rennen Sie die speziellen B\u00e4lle nach unten! Badespielzeug f\u00fcr Baby 2 3 4 5 6 Jahre alt"}]}]}},"_links":{"self":[{"href":"https:\/\/selleetools.com\/pl\/wp-json\/wp\/v2\/product\/283454"}],"collection":[{"href":"https:\/\/selleetools.com\/pl\/wp-json\/wp\/v2\/product"}],"about":[{"href":"https:\/\/selleetools.com\/pl\/wp-json\/wp\/v2\/types\/product"}],"replies":[{"embeddable":true,"href":"https:\/\/selleetools.com\/pl\/wp-json\/wp\/v2\/comments?post=283454"}],"wp:featuredmedia":[{"embeddable":true,"href":"https:\/\/selleetools.com\/pl\/wp-json\/wp\/v2\/media\/285721"}],"wp:attachment":[{"href":"https:\/\/selleetools.com\/pl\/wp-json\/wp\/v2\/media?parent=283454"}],"curies":[{"name":"wp","href":"https:\/\/api.w.org\/{rel}","templated":true}]}}