{"id":283431,"date":"2023-08-17T10:55:27","date_gmt":"2023-08-17T08:55:27","guid":{"rendered":"https:\/\/selleetools.com\/?post_type=product&#038;p=283431"},"modified":"2023-12-04T13:36:35","modified_gmt":"2023-12-04T12:36:35","slug":"buddy-barney-things-that-go-transport-bath-stickers-bath-time-fun-for-kids-preschoolers-bb088","status":"publish","type":"product","link":"https:\/\/selleetools.com\/pl\/product\/buddy-barney-things-that-go-transport-bath-stickers-bath-time-fun-for-kids-preschoolers-bb088\/","title":{"rendered":"Buddy &#038; Barney , Things That Go Transport Bath Stickers, Bath time Fun for Kids, Preschoolers BB088"},"content":{"rendered":"<p>Machen Sie Badezeit Spa\u00df und interaktiv mit diesem Set von Things That Go Badaufklebern. Jeder &#8220;Aufkleber&#8221; verf\u00fcgt \u00fcber s\u00fc\u00dfe und freundliche Dinge, die gehen \u2013 Autos, Bagger, Feuerwehrwagen, Bulldozer \u2013 perfekt f\u00fcr Ihren kleinen Transport-Fan. Die Teile sind aus weichem und klobigem Schaumstoff \u2013 perfekt f\u00fcr die Kleinen. Sie kleben an der Wand wenn sie nass sind und schwimmen auf dem Wasser.FeaturesMachen Sie das Baden Spa\u00df und interaktiv mit diesem Set von Things That Go Badeaufklebern. Weiche und klobige Schaumstoffteile schwimmen auf dem Wasser und haften an der WanneJeder &#8220;Aufkleber&#8221; zeigt niedliche und freundliche Dinge, die gehen &#8211; Autos, Bagger, Feuerwehrautos, Bulldozer &#8211; perfekt f\u00fcr Ihren kleinen Transportfan!Wird komplett mit einem Netzbeutel mit Saugn\u00e4pfen geliefert, um alles ordentlich und an einem Ort zu halten!<\/p>\n","protected":false},"excerpt":{"rendered":"<p>Machen Sie Badezeit Spa\u00df und interaktiv mit diesem Set von Things That Go Badaufklebern. Jeder &#8220;Aufkleber&#8221; verf\u00fcgt \u00fcber s\u00fc\u00dfe und freundliche Dinge, die gehen \u2013 Autos, Bagger, Feuerwehrwagen, Bulldozer \u2013 perfekt f\u00fcr Ihren kleinen Transport-Fan. Die Teile sind aus weichem und klobigem Schaumstoff \u2013 perfekt f\u00fcr die Kleinen. Sie kleben an der Wand wenn sie &#8230; <a title=\"Buddy &#038; Barney , Things That Go Transport Bath Stickers, Bath time Fun for Kids, Preschoolers BB088\" class=\"read-more\" href=\"https:\/\/selleetools.com\/pl\/product\/buddy-barney-things-that-go-transport-bath-stickers-bath-time-fun-for-kids-preschoolers-bb088\/\">Read more<span class=\"screen-reader-text\">Buddy &#038; Barney , Things That Go Transport Bath Stickers, Bath time Fun for Kids, Preschoolers BB088<\/span><\/a><\/p>\n","protected":false},"featured_media":285703,"comment_status":"open","ping_status":"closed","template":"","meta":{"_links_to":"","_links_to_target":""},"yoast_head":"<!-- This site is optimized with the Yoast SEO plugin v19.4 - https:\/\/yoast.com\/wordpress\/plugins\/seo\/ -->\n<title>Buddy &amp; Barney , Things That Go Transport Bath Stickers, Bath time Fun for Kids, Preschoolers BB088 - Selleetools.com<\/title>\n<meta name=\"robots\" content=\"index, follow, max-snippet:-1, max-image-preview:large, max-video-preview:-1\" \/>\n<link rel=\"canonical\" href=\"https:\/\/selleetools.com\/product\/buddy-barney-things-that-go-transport-bath-stickers-bath-time-fun-for-kids-preschoolers-bb088\/\" \/>\n<meta property=\"og:locale\" content=\"pl_PL\" \/>\n<meta property=\"og:type\" content=\"article\" \/>\n<meta property=\"og:title\" content=\"Buddy &amp; Barney , Things That Go Transport Bath Stickers, Bath time Fun for Kids, Preschoolers BB088 - Selleetools.com\" \/>\n<meta property=\"og:description\" content=\"Machen Sie Badezeit Spa\u00df und interaktiv mit diesem Set von Things That Go Badaufklebern. Jeder &#8220;Aufkleber&#8221; verf\u00fcgt \u00fcber s\u00fc\u00dfe und freundliche Dinge, die gehen \u2013 Autos, Bagger, Feuerwehrwagen, Bulldozer \u2013 perfekt f\u00fcr Ihren kleinen Transport-Fan. Die Teile sind aus weichem und klobigem Schaumstoff \u2013 perfekt f\u00fcr die Kleinen. Sie kleben an der Wand wenn sie ... Read moreBuddy &#038; Barney , Things That Go Transport Bath Stickers, Bath time Fun for Kids, Preschoolers BB088\" \/>\n<meta property=\"og:url\" content=\"https:\/\/selleetools.com\/product\/buddy-barney-things-that-go-transport-bath-stickers-bath-time-fun-for-kids-preschoolers-bb088\/\" \/>\n<meta property=\"og:site_name\" content=\"Selleetools.com\" \/>\n<meta property=\"article:modified_time\" content=\"2023-12-04T12:36:35+00:00\" \/>\n<meta property=\"og:image\" content=\"https:\/\/selleetools.com\/wp-content\/uploads\/2023\/08\/81ACXATBw0L.jpg\" \/>\n\t<meta property=\"og:image:width\" content=\"1772\" \/>\n\t<meta property=\"og:image:height\" content=\"1772\" \/>\n\t<meta property=\"og:image:type\" content=\"image\/jpeg\" \/>\n<meta name=\"twitter:card\" content=\"summary_large_image\" \/>\n<meta name=\"twitter:label1\" content=\"Est. reading time\" \/>\n\t<meta name=\"twitter:data1\" content=\"1 minuta\" \/>\n<!-- \/ Yoast SEO plugin. -->","yoast_head_json":{"title":"Buddy & Barney , Things That Go Transport Bath Stickers, Bath time Fun for Kids, Preschoolers BB088 - Selleetools.com","robots":{"index":"index","follow":"follow","max-snippet":"max-snippet:-1","max-image-preview":"max-image-preview:large","max-video-preview":"max-video-preview:-1"},"canonical":"https:\/\/selleetools.com\/product\/buddy-barney-things-that-go-transport-bath-stickers-bath-time-fun-for-kids-preschoolers-bb088\/","og_locale":"pl_PL","og_type":"article","og_title":"Buddy & Barney , Things That Go Transport Bath Stickers, Bath time Fun for Kids, Preschoolers BB088 - Selleetools.com","og_description":"Machen Sie Badezeit Spa\u00df und interaktiv mit diesem Set von Things That Go Badaufklebern. Jeder &#8220;Aufkleber&#8221; verf\u00fcgt \u00fcber s\u00fc\u00dfe und freundliche Dinge, die gehen \u2013 Autos, Bagger, Feuerwehrwagen, Bulldozer \u2013 perfekt f\u00fcr Ihren kleinen Transport-Fan. Die Teile sind aus weichem und klobigem Schaumstoff \u2013 perfekt f\u00fcr die Kleinen. Sie kleben an der Wand wenn sie ... Read moreBuddy &#038; Barney , Things That Go Transport Bath Stickers, Bath time Fun for Kids, Preschoolers BB088","og_url":"https:\/\/selleetools.com\/product\/buddy-barney-things-that-go-transport-bath-stickers-bath-time-fun-for-kids-preschoolers-bb088\/","og_site_name":"Selleetools.com","article_modified_time":"2023-12-04T12:36:35+00:00","og_image":[{"width":1772,"height":1772,"url":"https:\/\/selleetools.com\/wp-content\/uploads\/2023\/08\/81ACXATBw0L.jpg","type":"image\/jpeg"}],"twitter_card":"summary_large_image","twitter_misc":{"Est. reading time":"1 minuta"},"schema":{"@context":"https:\/\/schema.org","@graph":[{"@type":"Organization","@id":"https:\/\/selleetools.com\/#organization","name":"Selleetools","url":"https:\/\/selleetools.com\/","sameAs":[],"logo":{"@type":"ImageObject","inLanguage":"pl-PL","@id":"https:\/\/selleetools.com\/#\/schema\/logo\/image\/","url":"https:\/\/selleetools.com\/wp-content\/uploads\/2021\/10\/logo-dark.png","contentUrl":"https:\/\/selleetools.com\/wp-content\/uploads\/2021\/10\/logo-dark.png","width":320,"height":76,"caption":"Selleetools"},"image":{"@id":"https:\/\/selleetools.com\/#\/schema\/logo\/image\/"}},{"@type":"WebSite","@id":"https:\/\/selleetools.com\/#website","url":"https:\/\/selleetools.com\/","name":"Selleetools.com","description":"","publisher":{"@id":"https:\/\/selleetools.com\/#organization"},"potentialAction":[{"@type":"SearchAction","target":{"@type":"EntryPoint","urlTemplate":"https:\/\/selleetools.com\/?s={search_term_string}"},"query-input":"required name=search_term_string"}],"inLanguage":"pl-PL"},{"@type":"WebPage","@id":"https:\/\/selleetools.com\/product\/buddy-barney-things-that-go-transport-bath-stickers-bath-time-fun-for-kids-preschoolers-bb088\/","url":"https:\/\/selleetools.com\/product\/buddy-barney-things-that-go-transport-bath-stickers-bath-time-fun-for-kids-preschoolers-bb088\/","name":"Buddy & Barney , Things That Go Transport Bath Stickers, Bath time Fun for Kids, Preschoolers BB088 - Selleetools.com","isPartOf":{"@id":"https:\/\/selleetools.com\/#website"},"datePublished":"2023-08-17T08:55:27+00:00","dateModified":"2023-12-04T12:36:35+00:00","breadcrumb":{"@id":"https:\/\/selleetools.com\/product\/buddy-barney-things-that-go-transport-bath-stickers-bath-time-fun-for-kids-preschoolers-bb088\/#breadcrumb"},"inLanguage":"pl-PL","potentialAction":[{"@type":"ReadAction","target":["https:\/\/selleetools.com\/product\/buddy-barney-things-that-go-transport-bath-stickers-bath-time-fun-for-kids-preschoolers-bb088\/"]}]},{"@type":"BreadcrumbList","@id":"https:\/\/selleetools.com\/product\/buddy-barney-things-that-go-transport-bath-stickers-bath-time-fun-for-kids-preschoolers-bb088\/#breadcrumb","itemListElement":[{"@type":"ListItem","position":1,"name":"Home","item":"https:\/\/selleetools.com\/pl\/"},{"@type":"ListItem","position":2,"name":"Katalog","item":"https:\/\/selleetools.com\/pl\/katalog\/"},{"@type":"ListItem","position":3,"name":"Buddy &#038; Barney , Things That Go Transport Bath Stickers, Bath time Fun for Kids, Preschoolers BB088"}]}]}},"_links":{"self":[{"href":"https:\/\/selleetools.com\/pl\/wp-json\/wp\/v2\/product\/283431"}],"collection":[{"href":"https:\/\/selleetools.com\/pl\/wp-json\/wp\/v2\/product"}],"about":[{"href":"https:\/\/selleetools.com\/pl\/wp-json\/wp\/v2\/types\/product"}],"replies":[{"embeddable":true,"href":"https:\/\/selleetools.com\/pl\/wp-json\/wp\/v2\/comments?post=283431"}],"wp:featuredmedia":[{"embeddable":true,"href":"https:\/\/selleetools.com\/pl\/wp-json\/wp\/v2\/media\/285703"}],"wp:attachment":[{"href":"https:\/\/selleetools.com\/pl\/wp-json\/wp\/v2\/media?parent=283431"}],"curies":[{"name":"wp","href":"https:\/\/api.w.org\/{rel}","templated":true}]}}