{"id":283387,"date":"2023-08-17T10:55:07","date_gmt":"2023-08-17T08:55:07","guid":{"rendered":"https:\/\/selleetools.com\/?post_type=product&#038;p=283387"},"modified":"2025-01-03T15:30:54","modified_gmt":"2025-01-03T14:30:54","slug":"buddy-barney-bath-time-stickers-toy-for-kids-weird-wonderful-animals","status":"publish","type":"product","link":"https:\/\/selleetools.com\/pl\/product\/buddy-barney-bath-time-stickers-toy-for-kids-weird-wonderful-animals\/","title":{"rendered":"Buddy &#038; Barney Bath Time Stickers Toy for Kids (Weird &#038; Wonderful Animals)"},"content":{"rendered":"<p>FeaturesMachen Sie neugierige und pr\u00e4chtige Kreaturen mit verschiedenen Kopf-, K\u00f6rper- und SchwanzkombinationenSie schwimmen auf Wasser und haften bei N\u00e4sse an den BadezimmerfliesenMachen Sie Badezeit und Spielzeit mit diesen bunten Mix-and-Match-Schaumstoff-SetsIdeal f\u00fcr Familieninteraktion, sie regen Kreativit\u00e4t und Fantasie anSicherheit: Einhaltung aller Sicherheitsanforderungen der aktuellen EU- und US-Vorschriften<\/p>\n","protected":false},"excerpt":{"rendered":"<p>FeaturesMachen Sie neugierige und pr\u00e4chtige Kreaturen mit verschiedenen Kopf-, K\u00f6rper- und SchwanzkombinationenSie schwimmen auf Wasser und haften bei N\u00e4sse an den BadezimmerfliesenMachen Sie Badezeit und Spielzeit mit diesen bunten Mix-and-Match-Schaumstoff-SetsIdeal f\u00fcr Familieninteraktion, sie regen Kreativit\u00e4t und Fantasie anSicherheit: Einhaltung aller Sicherheitsanforderungen der aktuellen EU- und US-Vorschriften<\/p>\n","protected":false},"featured_media":285655,"comment_status":"open","ping_status":"closed","template":"","meta":{"_links_to":"","_links_to_target":""},"yoast_head":"<!-- This site is optimized with the Yoast SEO plugin v19.4 - https:\/\/yoast.com\/wordpress\/plugins\/seo\/ -->\n<title>Buddy &amp; Barney Bath Time Stickers Toy for Kids (Weird &amp; Wonderful Animals) - Selleetools.com<\/title>\n<meta name=\"robots\" content=\"index, follow, max-snippet:-1, max-image-preview:large, max-video-preview:-1\" \/>\n<link rel=\"canonical\" href=\"https:\/\/selleetools.com\/product\/buddy-barney-bath-time-stickers-toy-for-kids-weird-wonderful-animals\/\" \/>\n<meta property=\"og:locale\" content=\"pl_PL\" \/>\n<meta property=\"og:type\" content=\"article\" \/>\n<meta property=\"og:title\" content=\"Buddy &amp; Barney Bath Time Stickers Toy for Kids (Weird &amp; Wonderful Animals) - Selleetools.com\" \/>\n<meta property=\"og:description\" content=\"FeaturesMachen Sie neugierige und pr\u00e4chtige Kreaturen mit verschiedenen Kopf-, K\u00f6rper- und SchwanzkombinationenSie schwimmen auf Wasser und haften bei N\u00e4sse an den BadezimmerfliesenMachen Sie Badezeit und Spielzeit mit diesen bunten Mix-and-Match-Schaumstoff-SetsIdeal f\u00fcr Familieninteraktion, sie regen Kreativit\u00e4t und Fantasie anSicherheit: Einhaltung aller Sicherheitsanforderungen der aktuellen EU- und US-Vorschriften\" \/>\n<meta property=\"og:url\" content=\"https:\/\/selleetools.com\/product\/buddy-barney-bath-time-stickers-toy-for-kids-weird-wonderful-animals\/\" \/>\n<meta property=\"og:site_name\" content=\"Selleetools.com\" \/>\n<meta property=\"article:modified_time\" content=\"2025-01-03T14:30:54+00:00\" \/>\n<meta property=\"og:image\" content=\"https:\/\/selleetools.com\/wp-content\/uploads\/2023\/08\/81unkslSDLL.jpg\" \/>\n\t<meta property=\"og:image:width\" content=\"2108\" \/>\n\t<meta property=\"og:image:height\" content=\"2184\" \/>\n\t<meta property=\"og:image:type\" content=\"image\/jpeg\" \/>\n<meta name=\"twitter:card\" content=\"summary_large_image\" \/>\n<!-- \/ Yoast SEO plugin. -->","yoast_head_json":{"title":"Buddy & Barney Bath Time Stickers Toy for Kids (Weird & Wonderful Animals) - Selleetools.com","robots":{"index":"index","follow":"follow","max-snippet":"max-snippet:-1","max-image-preview":"max-image-preview:large","max-video-preview":"max-video-preview:-1"},"canonical":"https:\/\/selleetools.com\/product\/buddy-barney-bath-time-stickers-toy-for-kids-weird-wonderful-animals\/","og_locale":"pl_PL","og_type":"article","og_title":"Buddy & Barney Bath Time Stickers Toy for Kids (Weird & Wonderful Animals) - Selleetools.com","og_description":"FeaturesMachen Sie neugierige und pr\u00e4chtige Kreaturen mit verschiedenen Kopf-, K\u00f6rper- und SchwanzkombinationenSie schwimmen auf Wasser und haften bei N\u00e4sse an den BadezimmerfliesenMachen Sie Badezeit und Spielzeit mit diesen bunten Mix-and-Match-Schaumstoff-SetsIdeal f\u00fcr Familieninteraktion, sie regen Kreativit\u00e4t und Fantasie anSicherheit: Einhaltung aller Sicherheitsanforderungen der aktuellen EU- und US-Vorschriften","og_url":"https:\/\/selleetools.com\/product\/buddy-barney-bath-time-stickers-toy-for-kids-weird-wonderful-animals\/","og_site_name":"Selleetools.com","article_modified_time":"2025-01-03T14:30:54+00:00","og_image":[{"width":2108,"height":2184,"url":"https:\/\/selleetools.com\/wp-content\/uploads\/2023\/08\/81unkslSDLL.jpg","type":"image\/jpeg"}],"twitter_card":"summary_large_image","schema":{"@context":"https:\/\/schema.org","@graph":[{"@type":"Organization","@id":"https:\/\/selleetools.com\/#organization","name":"Selleetools","url":"https:\/\/selleetools.com\/","sameAs":[],"logo":{"@type":"ImageObject","inLanguage":"pl-PL","@id":"https:\/\/selleetools.com\/#\/schema\/logo\/image\/","url":"https:\/\/selleetools.com\/wp-content\/uploads\/2021\/10\/logo-dark.png","contentUrl":"https:\/\/selleetools.com\/wp-content\/uploads\/2021\/10\/logo-dark.png","width":320,"height":76,"caption":"Selleetools"},"image":{"@id":"https:\/\/selleetools.com\/#\/schema\/logo\/image\/"}},{"@type":"WebSite","@id":"https:\/\/selleetools.com\/#website","url":"https:\/\/selleetools.com\/","name":"Selleetools.com","description":"","publisher":{"@id":"https:\/\/selleetools.com\/#organization"},"potentialAction":[{"@type":"SearchAction","target":{"@type":"EntryPoint","urlTemplate":"https:\/\/selleetools.com\/?s={search_term_string}"},"query-input":"required name=search_term_string"}],"inLanguage":"pl-PL"},{"@type":"WebPage","@id":"https:\/\/selleetools.com\/product\/buddy-barney-bath-time-stickers-toy-for-kids-weird-wonderful-animals\/","url":"https:\/\/selleetools.com\/product\/buddy-barney-bath-time-stickers-toy-for-kids-weird-wonderful-animals\/","name":"Buddy & Barney Bath Time Stickers Toy for Kids (Weird & Wonderful Animals) - Selleetools.com","isPartOf":{"@id":"https:\/\/selleetools.com\/#website"},"datePublished":"2023-08-17T08:55:07+00:00","dateModified":"2025-01-03T14:30:54+00:00","breadcrumb":{"@id":"https:\/\/selleetools.com\/product\/buddy-barney-bath-time-stickers-toy-for-kids-weird-wonderful-animals\/#breadcrumb"},"inLanguage":"pl-PL","potentialAction":[{"@type":"ReadAction","target":["https:\/\/selleetools.com\/product\/buddy-barney-bath-time-stickers-toy-for-kids-weird-wonderful-animals\/"]}]},{"@type":"BreadcrumbList","@id":"https:\/\/selleetools.com\/product\/buddy-barney-bath-time-stickers-toy-for-kids-weird-wonderful-animals\/#breadcrumb","itemListElement":[{"@type":"ListItem","position":1,"name":"Home","item":"https:\/\/selleetools.com\/pl\/"},{"@type":"ListItem","position":2,"name":"Katalog","item":"https:\/\/selleetools.com\/pl\/katalog\/"},{"@type":"ListItem","position":3,"name":"Buddy &#038; Barney Bath Time Stickers Toy for Kids (Weird &#038; Wonderful Animals)"}]}]}},"_links":{"self":[{"href":"https:\/\/selleetools.com\/pl\/wp-json\/wp\/v2\/product\/283387"}],"collection":[{"href":"https:\/\/selleetools.com\/pl\/wp-json\/wp\/v2\/product"}],"about":[{"href":"https:\/\/selleetools.com\/pl\/wp-json\/wp\/v2\/types\/product"}],"replies":[{"embeddable":true,"href":"https:\/\/selleetools.com\/pl\/wp-json\/wp\/v2\/comments?post=283387"}],"wp:featuredmedia":[{"embeddable":true,"href":"https:\/\/selleetools.com\/pl\/wp-json\/wp\/v2\/media\/285655"}],"wp:attachment":[{"href":"https:\/\/selleetools.com\/pl\/wp-json\/wp\/v2\/media?parent=283387"}],"curies":[{"name":"wp","href":"https:\/\/api.w.org\/{rel}","templated":true}]}}