{"id":283250,"date":"2023-08-17T10:54:10","date_gmt":"2023-08-17T08:54:10","guid":{"rendered":"https:\/\/selleetools.com\/?post_type=product&#038;p=283250"},"modified":"2025-01-03T15:37:26","modified_gmt":"2025-01-03T14:37:26","slug":"melissa-and-doug-holz-lebensmittel-kinderkuche-zubehor-holz-spielkuche-zubehor-holz-kaufladen-zubehor-holz-kuchenspielzeug-fur-kinder-kuchenzubehor-holzspielzeug-kuche-kinder-ab-2-jahre","status":"publish","type":"product","link":"https:\/\/selleetools.com\/pl\/product\/melissa-and-doug-holz-lebensmittel-kinderkuche-zubehor-holz-spielkuche-zubehor-holz-kaufladen-zubehor-holz-kuchenspielzeug-fur-kinder-kuchenzubehor-holzspielzeug-kuche-kinder-ab-2-jahre\/","title":{"rendered":"Melissa and Doug Holz Lebensmittel Kinderk\u00fcche Zubeh\u00f6r Holz | Spielk\u00fcche Zubeh\u00f6r Holz &#038; Kaufladen Zubeh\u00f6r Holz | K\u00fcchenspielzeug f\u00fcr Kinder K\u00fcchenzubeh\u00f6r | Holzspielzeug K\u00fcche Kinder ab 2 Jahre"},"content":{"rendered":"<p>FeaturesHOCHWERTIG VERARBEITETES KAUFMANNSLADEN ZUBEH\u00d6R KINDERK\u00dcCHE AUS HOLZ VON MELISSA &#038; DOUG: Dieses wundersch\u00f6ne Kinder K\u00fcchenzubeh\u00f6r zeichnet sich durch 21 realit\u00e4tsnahe Spielzeug Lebensmittel aus Massivholz und 4 sch\u00f6ne Holzkisten aus. Die perfekte Erg\u00e4nzung f\u00fcr jede Spielk\u00fcche Holz.MIT DIESEM ZUBEH\u00d6R KAUFMANNSLADEN ENTDECKEN KINDER SPIELERISCH DIE LEBENSMITTELGRUPPEN: Kinder zaubern mit diesem robusten Spielzeug Essen nicht nur gesunde Gerichte, sondern lernen zeitgleich mehr \u00fcber die Ern\u00e4hrungspyramide Kinder, denn dieses Set deckt die wichtigsten Lebensmittelgruppen ab.DAS HOLZSPIELZEUG K\u00dcCHENZUBEH\u00d6R SORGT F\u00dcR SICHERES &#038; REALISTISCHES SPIEL: Das robuste &#038; strapazierf\u00e4hige Lebensmittel Spielzeug aus Holz ist mit Liebe zum Detail verarbeitet. Vom Holzobst bis zum Spiegelei &#8211; die leuchtenden Farben &#038; das durchdachte Design garantieren langlebigen Spielspa\u00df.PERFEKTES KAUFMANNSLADEN ZUBEH\u00d6R HOLZ &#038; K\u00dcCHENZUBEH\u00d6R KINDER F\u00dcR TOLLE ROLLENSPIELE: Ob Kinderk\u00fcche Holz oder Einkaufsladen Kinder, dieses K\u00fcchenspielzeug Holz bietet diverse Spielm\u00f6glichkeiten &#038; regt die Fantasie an. Die Kleinen k\u00f6nnen sich u. a. in Eink\u00e4ufer, Verk\u00e4ufer oder K\u00f6che verwandeln.HOCHWERTIGE SPIELSACHEN &#038; GESCHENKIDEEN F\u00dcR ENTDECKER: Beim wundersch\u00f6nen und detailreichen Holzspielzeug von Melissa und Doug &#8211; ob Puzzle oder Kinderku\u0308che Zubeh\u00f6r &#8211; stehen die Entwicklung der Kleinen und ein bereicherndes Spielerlebnis im Fokus.<\/p>\n","protected":false},"excerpt":{"rendered":"<p>FeaturesHOCHWERTIG VERARBEITETES KAUFMANNSLADEN ZUBEH\u00d6R KINDERK\u00dcCHE AUS HOLZ VON MELISSA &#038; DOUG: Dieses wundersch\u00f6ne Kinder K\u00fcchenzubeh\u00f6r zeichnet sich durch 21 realit\u00e4tsnahe Spielzeug Lebensmittel aus Massivholz und 4 sch\u00f6ne Holzkisten aus. Die perfekte Erg\u00e4nzung f\u00fcr jede Spielk\u00fcche Holz.MIT DIESEM ZUBEH\u00d6R KAUFMANNSLADEN ENTDECKEN KINDER SPIELERISCH DIE LEBENSMITTELGRUPPEN: Kinder zaubern mit diesem robusten Spielzeug Essen nicht nur gesunde Gerichte, &#8230; <a title=\"Melissa and Doug Holz Lebensmittel Kinderk\u00fcche Zubeh\u00f6r Holz | Spielk\u00fcche Zubeh\u00f6r Holz &#038; Kaufladen Zubeh\u00f6r Holz | K\u00fcchenspielzeug f\u00fcr Kinder K\u00fcchenzubeh\u00f6r | Holzspielzeug K\u00fcche Kinder ab 2 Jahre\" class=\"read-more\" href=\"https:\/\/selleetools.com\/pl\/product\/melissa-and-doug-holz-lebensmittel-kinderkuche-zubehor-holz-spielkuche-zubehor-holz-kaufladen-zubehor-holz-kuchenspielzeug-fur-kinder-kuchenzubehor-holzspielzeug-kuche-kinder-ab-2-jahre\/\">Read more<span class=\"screen-reader-text\">Melissa and Doug Holz Lebensmittel Kinderk\u00fcche Zubeh\u00f6r Holz | Spielk\u00fcche Zubeh\u00f6r Holz &#038; Kaufladen Zubeh\u00f6r Holz | K\u00fcchenspielzeug f\u00fcr Kinder K\u00fcchenzubeh\u00f6r | Holzspielzeug K\u00fcche Kinder ab 2 Jahre<\/span><\/a><\/p>\n","protected":false},"featured_media":285477,"comment_status":"open","ping_status":"closed","template":"","meta":{"_links_to":"","_links_to_target":""},"yoast_head":"<!-- This site is optimized with the Yoast SEO plugin v19.4 - https:\/\/yoast.com\/wordpress\/plugins\/seo\/ -->\n<title>Melissa and Doug Holz Lebensmittel Kinderk\u00fcche Zubeh\u00f6r Holz | Spielk\u00fcche Zubeh\u00f6r Holz &amp; Kaufladen Zubeh\u00f6r Holz | K\u00fcchenspielzeug f\u00fcr Kinder K\u00fcchenzubeh\u00f6r | Holzspielzeug K\u00fcche Kinder ab 2 Jahre - Selleetools.com<\/title>\n<meta name=\"robots\" content=\"index, follow, max-snippet:-1, max-image-preview:large, max-video-preview:-1\" \/>\n<link rel=\"canonical\" href=\"https:\/\/selleetools.com\/product\/melissa-and-doug-holz-lebensmittel-kinderkuche-zubehor-holz-spielkuche-zubehor-holz-kaufladen-zubehor-holz-kuchenspielzeug-fur-kinder-kuchenzubehor-holzspielzeug-kuche-kinder-ab-2-jahre\/\" \/>\n<meta property=\"og:locale\" content=\"pl_PL\" \/>\n<meta property=\"og:type\" content=\"article\" \/>\n<meta property=\"og:title\" content=\"Melissa and Doug Holz Lebensmittel Kinderk\u00fcche Zubeh\u00f6r Holz | Spielk\u00fcche Zubeh\u00f6r Holz &amp; Kaufladen Zubeh\u00f6r Holz | K\u00fcchenspielzeug f\u00fcr Kinder K\u00fcchenzubeh\u00f6r | Holzspielzeug K\u00fcche Kinder ab 2 Jahre - Selleetools.com\" \/>\n<meta property=\"og:description\" content=\"FeaturesHOCHWERTIG VERARBEITETES KAUFMANNSLADEN ZUBEH\u00d6R KINDERK\u00dcCHE AUS HOLZ VON MELISSA &#038; DOUG: Dieses wundersch\u00f6ne Kinder K\u00fcchenzubeh\u00f6r zeichnet sich durch 21 realit\u00e4tsnahe Spielzeug Lebensmittel aus Massivholz und 4 sch\u00f6ne Holzkisten aus. Die perfekte Erg\u00e4nzung f\u00fcr jede Spielk\u00fcche Holz.MIT DIESEM ZUBEH\u00d6R KAUFMANNSLADEN ENTDECKEN KINDER SPIELERISCH DIE LEBENSMITTELGRUPPEN: Kinder zaubern mit diesem robusten Spielzeug Essen nicht nur gesunde Gerichte, ... Read moreMelissa and Doug Holz Lebensmittel Kinderk\u00fcche Zubeh\u00f6r Holz | Spielk\u00fcche Zubeh\u00f6r Holz &#038; Kaufladen Zubeh\u00f6r Holz | K\u00fcchenspielzeug f\u00fcr Kinder K\u00fcchenzubeh\u00f6r | Holzspielzeug K\u00fcche Kinder ab 2 Jahre\" \/>\n<meta property=\"og:url\" content=\"https:\/\/selleetools.com\/product\/melissa-and-doug-holz-lebensmittel-kinderkuche-zubehor-holz-spielkuche-zubehor-holz-kaufladen-zubehor-holz-kuchenspielzeug-fur-kinder-kuchenzubehor-holzspielzeug-kuche-kinder-ab-2-jahre\/\" \/>\n<meta property=\"og:site_name\" content=\"Selleetools.com\" \/>\n<meta property=\"article:modified_time\" content=\"2025-01-03T14:37:26+00:00\" \/>\n<meta property=\"og:image\" content=\"https:\/\/selleetools.com\/wp-content\/uploads\/2023\/08\/41pZBm+ZQ3L.jpg\" \/>\n\t<meta property=\"og:image:width\" content=\"500\" \/>\n\t<meta property=\"og:image:height\" content=\"500\" \/>\n\t<meta property=\"og:image:type\" content=\"image\/jpeg\" \/>\n<meta name=\"twitter:card\" content=\"summary_large_image\" \/>\n<meta name=\"twitter:label1\" content=\"Est. reading time\" \/>\n\t<meta name=\"twitter:data1\" content=\"1 minuta\" \/>\n<!-- \/ Yoast SEO plugin. -->","yoast_head_json":{"title":"Melissa and Doug Holz Lebensmittel Kinderk\u00fcche Zubeh\u00f6r Holz | Spielk\u00fcche Zubeh\u00f6r Holz & Kaufladen Zubeh\u00f6r Holz | K\u00fcchenspielzeug f\u00fcr Kinder K\u00fcchenzubeh\u00f6r | Holzspielzeug K\u00fcche Kinder ab 2 Jahre - Selleetools.com","robots":{"index":"index","follow":"follow","max-snippet":"max-snippet:-1","max-image-preview":"max-image-preview:large","max-video-preview":"max-video-preview:-1"},"canonical":"https:\/\/selleetools.com\/product\/melissa-and-doug-holz-lebensmittel-kinderkuche-zubehor-holz-spielkuche-zubehor-holz-kaufladen-zubehor-holz-kuchenspielzeug-fur-kinder-kuchenzubehor-holzspielzeug-kuche-kinder-ab-2-jahre\/","og_locale":"pl_PL","og_type":"article","og_title":"Melissa and Doug Holz Lebensmittel Kinderk\u00fcche Zubeh\u00f6r Holz | Spielk\u00fcche Zubeh\u00f6r Holz & Kaufladen Zubeh\u00f6r Holz | K\u00fcchenspielzeug f\u00fcr Kinder K\u00fcchenzubeh\u00f6r | Holzspielzeug K\u00fcche Kinder ab 2 Jahre - Selleetools.com","og_description":"FeaturesHOCHWERTIG VERARBEITETES KAUFMANNSLADEN ZUBEH\u00d6R KINDERK\u00dcCHE AUS HOLZ VON MELISSA &#038; DOUG: Dieses wundersch\u00f6ne Kinder K\u00fcchenzubeh\u00f6r zeichnet sich durch 21 realit\u00e4tsnahe Spielzeug Lebensmittel aus Massivholz und 4 sch\u00f6ne Holzkisten aus. Die perfekte Erg\u00e4nzung f\u00fcr jede Spielk\u00fcche Holz.MIT DIESEM ZUBEH\u00d6R KAUFMANNSLADEN ENTDECKEN KINDER SPIELERISCH DIE LEBENSMITTELGRUPPEN: Kinder zaubern mit diesem robusten Spielzeug Essen nicht nur gesunde Gerichte, ... Read moreMelissa and Doug Holz Lebensmittel Kinderk\u00fcche Zubeh\u00f6r Holz | Spielk\u00fcche Zubeh\u00f6r Holz &#038; Kaufladen Zubeh\u00f6r Holz | K\u00fcchenspielzeug f\u00fcr Kinder K\u00fcchenzubeh\u00f6r | Holzspielzeug K\u00fcche Kinder ab 2 Jahre","og_url":"https:\/\/selleetools.com\/product\/melissa-and-doug-holz-lebensmittel-kinderkuche-zubehor-holz-spielkuche-zubehor-holz-kaufladen-zubehor-holz-kuchenspielzeug-fur-kinder-kuchenzubehor-holzspielzeug-kuche-kinder-ab-2-jahre\/","og_site_name":"Selleetools.com","article_modified_time":"2025-01-03T14:37:26+00:00","og_image":[{"width":500,"height":500,"url":"https:\/\/selleetools.com\/wp-content\/uploads\/2023\/08\/41pZBm+ZQ3L.jpg","type":"image\/jpeg"}],"twitter_card":"summary_large_image","twitter_misc":{"Est. reading time":"1 minuta"},"schema":{"@context":"https:\/\/schema.org","@graph":[{"@type":"Organization","@id":"https:\/\/selleetools.com\/#organization","name":"Selleetools","url":"https:\/\/selleetools.com\/","sameAs":[],"logo":{"@type":"ImageObject","inLanguage":"pl-PL","@id":"https:\/\/selleetools.com\/#\/schema\/logo\/image\/","url":"https:\/\/selleetools.com\/wp-content\/uploads\/2021\/10\/logo-dark.png","contentUrl":"https:\/\/selleetools.com\/wp-content\/uploads\/2021\/10\/logo-dark.png","width":320,"height":76,"caption":"Selleetools"},"image":{"@id":"https:\/\/selleetools.com\/#\/schema\/logo\/image\/"}},{"@type":"WebSite","@id":"https:\/\/selleetools.com\/#website","url":"https:\/\/selleetools.com\/","name":"Selleetools.com","description":"","publisher":{"@id":"https:\/\/selleetools.com\/#organization"},"potentialAction":[{"@type":"SearchAction","target":{"@type":"EntryPoint","urlTemplate":"https:\/\/selleetools.com\/?s={search_term_string}"},"query-input":"required name=search_term_string"}],"inLanguage":"pl-PL"},{"@type":"WebPage","@id":"https:\/\/selleetools.com\/product\/melissa-and-doug-holz-lebensmittel-kinderkuche-zubehor-holz-spielkuche-zubehor-holz-kaufladen-zubehor-holz-kuchenspielzeug-fur-kinder-kuchenzubehor-holzspielzeug-kuche-kinder-ab-2-jahre\/","url":"https:\/\/selleetools.com\/product\/melissa-and-doug-holz-lebensmittel-kinderkuche-zubehor-holz-spielkuche-zubehor-holz-kaufladen-zubehor-holz-kuchenspielzeug-fur-kinder-kuchenzubehor-holzspielzeug-kuche-kinder-ab-2-jahre\/","name":"Melissa and Doug Holz Lebensmittel Kinderk\u00fcche Zubeh\u00f6r Holz | Spielk\u00fcche Zubeh\u00f6r Holz & Kaufladen Zubeh\u00f6r Holz | K\u00fcchenspielzeug f\u00fcr Kinder K\u00fcchenzubeh\u00f6r | Holzspielzeug K\u00fcche Kinder ab 2 Jahre - Selleetools.com","isPartOf":{"@id":"https:\/\/selleetools.com\/#website"},"datePublished":"2023-08-17T08:54:10+00:00","dateModified":"2025-01-03T14:37:26+00:00","breadcrumb":{"@id":"https:\/\/selleetools.com\/product\/melissa-and-doug-holz-lebensmittel-kinderkuche-zubehor-holz-spielkuche-zubehor-holz-kaufladen-zubehor-holz-kuchenspielzeug-fur-kinder-kuchenzubehor-holzspielzeug-kuche-kinder-ab-2-jahre\/#breadcrumb"},"inLanguage":"pl-PL","potentialAction":[{"@type":"ReadAction","target":["https:\/\/selleetools.com\/product\/melissa-and-doug-holz-lebensmittel-kinderkuche-zubehor-holz-spielkuche-zubehor-holz-kaufladen-zubehor-holz-kuchenspielzeug-fur-kinder-kuchenzubehor-holzspielzeug-kuche-kinder-ab-2-jahre\/"]}]},{"@type":"BreadcrumbList","@id":"https:\/\/selleetools.com\/product\/melissa-and-doug-holz-lebensmittel-kinderkuche-zubehor-holz-spielkuche-zubehor-holz-kaufladen-zubehor-holz-kuchenspielzeug-fur-kinder-kuchenzubehor-holzspielzeug-kuche-kinder-ab-2-jahre\/#breadcrumb","itemListElement":[{"@type":"ListItem","position":1,"name":"Home","item":"https:\/\/selleetools.com\/pl\/"},{"@type":"ListItem","position":2,"name":"Katalog","item":"https:\/\/selleetools.com\/pl\/katalog\/"},{"@type":"ListItem","position":3,"name":"Melissa and Doug Holz Lebensmittel Kinderk\u00fcche Zubeh\u00f6r Holz | Spielk\u00fcche Zubeh\u00f6r Holz &#038; Kaufladen Zubeh\u00f6r Holz | K\u00fcchenspielzeug f\u00fcr Kinder K\u00fcchenzubeh\u00f6r | Holzspielzeug K\u00fcche Kinder ab 2 Jahre"}]}]}},"_links":{"self":[{"href":"https:\/\/selleetools.com\/pl\/wp-json\/wp\/v2\/product\/283250"}],"collection":[{"href":"https:\/\/selleetools.com\/pl\/wp-json\/wp\/v2\/product"}],"about":[{"href":"https:\/\/selleetools.com\/pl\/wp-json\/wp\/v2\/types\/product"}],"replies":[{"embeddable":true,"href":"https:\/\/selleetools.com\/pl\/wp-json\/wp\/v2\/comments?post=283250"}],"wp:featuredmedia":[{"embeddable":true,"href":"https:\/\/selleetools.com\/pl\/wp-json\/wp\/v2\/media\/285477"}],"wp:attachment":[{"href":"https:\/\/selleetools.com\/pl\/wp-json\/wp\/v2\/media?parent=283250"}],"curies":[{"name":"wp","href":"https:\/\/api.w.org\/{rel}","templated":true}]}}