{"id":14429,"date":"2021-11-10T13:13:45","date_gmt":"2021-11-10T12:13:45","guid":{"rendered":"https:\/\/selleetools.com\/uslugi\/"},"modified":"2021-11-10T13:13:45","modified_gmt":"2021-11-10T12:13:45","slug":"uslugi","status":"publish","type":"page","link":"https:\/\/selleetools.com\/pl\/uslugi\/","title":{"rendered":"Us\u0142ugi"},"content":{"rendered":"\t\t<div data-elementor-type=\"wp-page\" data-elementor-id=\"14429\" class=\"elementor elementor-14429 elementor-1641\" data-elementor-settings=\"[]\">\n\t\t\t\t\t\t\t<div class=\"elementor-section-wrap\">\n\t\t\t\t\t\t\t<section class=\"elementor-section elementor-top-section elementor-element elementor-element-3881487e elementor-section-boxed elementor-section-height-default elementor-section-height-default\" data-id=\"3881487e\" data-element_type=\"section\">\n\t\t\t\t\t\t<div class=\"elementor-container elementor-column-gap-default\">\n\t\t\t\t\t<div class=\"elementor-column elementor-col-100 elementor-top-column elementor-element elementor-element-4f5c5fa\" data-id=\"4f5c5fa\" data-element_type=\"column\">\n\t\t\t<div class=\"elementor-widget-wrap elementor-element-populated\">\n\t\t\t\t\t\t\t\t<div class=\"elementor-element elementor-element-028d7b0 elementor-widget elementor-widget-heading\" data-id=\"028d7b0\" data-element_type=\"widget\" data-widget_type=\"heading.default\">\n\t\t\t\t<div class=\"elementor-widget-container\">\n\t\t\t<h2 class=\"elementor-heading-title elementor-size-default\">Opis dzia\u0142ania platformy:<\/h2>\t\t<\/div>\n\t\t\t\t<\/div>\n\t\t\t\t<div class=\"elementor-element elementor-element-06e887f elementor-icon-list--layout-traditional elementor-list-item-link-full_width elementor-widget elementor-widget-icon-list\" data-id=\"06e887f\" data-element_type=\"widget\" data-widget_type=\"icon-list.default\">\n\t\t\t\t<div class=\"elementor-widget-container\">\n\t\t\t\t\t<ul class=\"elementor-icon-list-items\">\n\t\t\t\t\t\t\t<li class=\"elementor-icon-list-item\">\n\t\t\t\t\t\t\t\t\t\t\t<span class=\"elementor-icon-list-icon\">\n\t\t\t\t\t\t\t<i aria-hidden=\"true\" class=\"fas fa-check\"><\/i>\t\t\t\t\t\t<\/span>\n\t\t\t\t\t\t\t\t\t\t<span class=\"elementor-icon-list-text\">Przestrze\u0144 do nawi\u0105zywania relacji B2B mi\u0119dzy Vendorem a Resellerem<\/span>\n\t\t\t\t\t\t\t\t\t<\/li>\n\t\t\t\t\t\t\t\t<li class=\"elementor-icon-list-item\">\n\t\t\t\t\t\t\t\t\t\t\t<span class=\"elementor-icon-list-icon\">\n\t\t\t\t\t\t\t<i aria-hidden=\"true\" class=\"fas fa-check\"><\/i>\t\t\t\t\t\t<\/span>\n\t\t\t\t\t\t\t\t\t\t<span class=\"elementor-icon-list-text\">Autorskie narz\u0119dzia wspomagaj\u0105ce ka\u017cdy etap sprzeda\u017cy na marketplace zoptymalizowane pod Vendor\u00f3w i Reseller\u00f3w<\/span>\n\t\t\t\t\t\t\t\t\t<\/li>\n\t\t\t\t\t\t\t\t<li class=\"elementor-icon-list-item\">\n\t\t\t\t\t\t\t\t\t\t\t<span class=\"elementor-icon-list-icon\">\n\t\t\t\t\t\t\t<i aria-hidden=\"true\" class=\"fas fa-check\"><\/i>\t\t\t\t\t\t<\/span>\n\t\t\t\t\t\t\t\t\t\t<span class=\"elementor-icon-list-text\">Automatyzacja ksi\u0119gowo\u015bci, rozwi\u0105za\u0144 logistycznych, raportowania<\/span>\n\t\t\t\t\t\t\t\t\t<\/li>\n\t\t\t\t\t\t\t\t<li class=\"elementor-icon-list-item\">\n\t\t\t\t\t\t\t\t\t\t\t<span class=\"elementor-icon-list-icon\">\n\t\t\t\t\t\t\t<i aria-hidden=\"true\" class=\"fas fa-check\"><\/i>\t\t\t\t\t\t<\/span>\n\t\t\t\t\t\t\t\t\t\t<span class=\"elementor-icon-list-text\">Us\u0142ugi dodatkowe m.in.: optymalizacja i prowadzenie kont sprzeda\u017cowych na marketplace, katalogowanie ofert, prowadzenie kampanii reklamowych (Amazon Ads, Google Ads)<\/span>\n\t\t\t\t\t\t\t\t\t<\/li>\n\t\t\t\t\t\t<\/ul>\n\t\t\t\t<\/div>\n\t\t\t\t<\/div>\n\t\t\t\t\t<\/div>\n\t\t<\/div>\n\t\t\t\t\t\t\t<\/div>\n\t\t<\/section>\n\t\t\t\t\t\t<\/div>\n\t\t\t\t\t<\/div>\n\t\t","protected":false},"excerpt":{"rendered":"<p>Opis dzia\u0142ania platformy: Przestrze\u0144 do nawi\u0105zywania relacji B2B mi\u0119dzy Vendorem a Resellerem Autorskie narz\u0119dzia wspomagaj\u0105ce ka\u017cdy etap sprzeda\u017cy na marketplace zoptymalizowane pod Vendor\u00f3w i Reseller\u00f3w Automatyzacja ksi\u0119gowo\u015bci, rozwi\u0105za\u0144 logistycznych, raportowania Us\u0142ugi dodatkowe m.in.: optymalizacja i prowadzenie kont sprzeda\u017cowych na marketplace, katalogowanie ofert, prowadzenie kampanii reklamowych (Amazon Ads, Google Ads)<\/p>\n","protected":false},"author":1,"featured_media":0,"parent":0,"menu_order":0,"comment_status":"closed","ping_status":"closed","template":"","meta":{"_links_to":"","_links_to_target":""},"yoast_head":"<!-- This site is optimized with the Yoast SEO plugin v19.4 - https:\/\/yoast.com\/wordpress\/plugins\/seo\/ -->\n<title>Us\u0142ugi - Selleetools.com<\/title>\n<meta name=\"robots\" content=\"index, follow, max-snippet:-1, max-image-preview:large, max-video-preview:-1\" \/>\n<link rel=\"canonical\" href=\"https:\/\/selleetools.com\/pl\/uslugi\/\" \/>\n<meta property=\"og:locale\" content=\"pl_PL\" \/>\n<meta property=\"og:type\" content=\"article\" \/>\n<meta property=\"og:title\" content=\"Us\u0142ugi - Selleetools.com\" \/>\n<meta property=\"og:description\" content=\"Opis dzia\u0142ania platformy: Przestrze\u0144 do nawi\u0105zywania relacji B2B mi\u0119dzy Vendorem a Resellerem Autorskie narz\u0119dzia wspomagaj\u0105ce ka\u017cdy etap sprzeda\u017cy na marketplace zoptymalizowane pod Vendor\u00f3w i Reseller\u00f3w Automatyzacja ksi\u0119gowo\u015bci, rozwi\u0105za\u0144 logistycznych, raportowania Us\u0142ugi dodatkowe m.in.: optymalizacja i prowadzenie kont sprzeda\u017cowych na marketplace, katalogowanie ofert, prowadzenie kampanii reklamowych (Amazon Ads, Google Ads)\" \/>\n<meta property=\"og:url\" content=\"https:\/\/selleetools.com\/pl\/uslugi\/\" \/>\n<meta property=\"og:site_name\" content=\"Selleetools.com\" \/>\n<meta name=\"twitter:card\" content=\"summary_large_image\" \/>\n<!-- \/ Yoast SEO plugin. -->","yoast_head_json":{"title":"Us\u0142ugi - Selleetools.com","robots":{"index":"index","follow":"follow","max-snippet":"max-snippet:-1","max-image-preview":"max-image-preview:large","max-video-preview":"max-video-preview:-1"},"canonical":"https:\/\/selleetools.com\/pl\/uslugi\/","og_locale":"pl_PL","og_type":"article","og_title":"Us\u0142ugi - Selleetools.com","og_description":"Opis dzia\u0142ania platformy: Przestrze\u0144 do nawi\u0105zywania relacji B2B mi\u0119dzy Vendorem a Resellerem Autorskie narz\u0119dzia wspomagaj\u0105ce ka\u017cdy etap sprzeda\u017cy na marketplace zoptymalizowane pod Vendor\u00f3w i Reseller\u00f3w Automatyzacja ksi\u0119gowo\u015bci, rozwi\u0105za\u0144 logistycznych, raportowania Us\u0142ugi dodatkowe m.in.: optymalizacja i prowadzenie kont sprzeda\u017cowych na marketplace, katalogowanie ofert, prowadzenie kampanii reklamowych (Amazon Ads, Google Ads)","og_url":"https:\/\/selleetools.com\/pl\/uslugi\/","og_site_name":"Selleetools.com","twitter_card":"summary_large_image","schema":{"@context":"https:\/\/schema.org","@graph":[{"@type":"Organization","@id":"https:\/\/selleetools.com\/#organization","name":"Selleetools","url":"https:\/\/selleetools.com\/","sameAs":[],"logo":{"@type":"ImageObject","inLanguage":"pl-PL","@id":"https:\/\/selleetools.com\/#\/schema\/logo\/image\/","url":"https:\/\/selleetools.com\/wp-content\/uploads\/2021\/10\/logo-dark.png","contentUrl":"https:\/\/selleetools.com\/wp-content\/uploads\/2021\/10\/logo-dark.png","width":320,"height":76,"caption":"Selleetools"},"image":{"@id":"https:\/\/selleetools.com\/#\/schema\/logo\/image\/"}},{"@type":"WebSite","@id":"https:\/\/selleetools.com\/#website","url":"https:\/\/selleetools.com\/","name":"Selleetools.com","description":"","publisher":{"@id":"https:\/\/selleetools.com\/#organization"},"potentialAction":[{"@type":"SearchAction","target":{"@type":"EntryPoint","urlTemplate":"https:\/\/selleetools.com\/?s={search_term_string}"},"query-input":"required name=search_term_string"}],"inLanguage":"pl-PL"},{"@type":"WebPage","@id":"https:\/\/selleetools.com\/pl\/uslugi\/","url":"https:\/\/selleetools.com\/pl\/uslugi\/","name":"Us\u0142ugi - Selleetools.com","isPartOf":{"@id":"https:\/\/selleetools.com\/#website"},"datePublished":"2021-11-10T12:13:45+00:00","dateModified":"2021-11-10T12:13:45+00:00","breadcrumb":{"@id":"https:\/\/selleetools.com\/pl\/uslugi\/#breadcrumb"},"inLanguage":"pl-PL","potentialAction":[{"@type":"ReadAction","target":["https:\/\/selleetools.com\/pl\/uslugi\/"]}]},{"@type":"BreadcrumbList","@id":"https:\/\/selleetools.com\/pl\/uslugi\/#breadcrumb","itemListElement":[{"@type":"ListItem","position":1,"name":"Home","item":"https:\/\/selleetools.com\/pl\/"},{"@type":"ListItem","position":2,"name":"Us\u0142ugi"}]}]}},"_links":{"self":[{"href":"https:\/\/selleetools.com\/pl\/wp-json\/wp\/v2\/pages\/14429"}],"collection":[{"href":"https:\/\/selleetools.com\/pl\/wp-json\/wp\/v2\/pages"}],"about":[{"href":"https:\/\/selleetools.com\/pl\/wp-json\/wp\/v2\/types\/page"}],"author":[{"embeddable":true,"href":"https:\/\/selleetools.com\/pl\/wp-json\/wp\/v2\/users\/1"}],"replies":[{"embeddable":true,"href":"https:\/\/selleetools.com\/pl\/wp-json\/wp\/v2\/comments?post=14429"}],"version-history":[{"count":1,"href":"https:\/\/selleetools.com\/pl\/wp-json\/wp\/v2\/pages\/14429\/revisions"}],"predecessor-version":[{"id":14430,"href":"https:\/\/selleetools.com\/pl\/wp-json\/wp\/v2\/pages\/14429\/revisions\/14430"}],"wp:attachment":[{"href":"https:\/\/selleetools.com\/pl\/wp-json\/wp\/v2\/media?parent=14429"}],"curies":[{"name":"wp","href":"https:\/\/api.w.org\/{rel}","templated":true}]}}