{"id":14427,"date":"2021-11-10T12:51:20","date_gmt":"2021-11-10T11:51:20","guid":{"rendered":"https:\/\/selleetools.com\/kontakt\/"},"modified":"2025-10-02T14:06:33","modified_gmt":"2025-10-02T12:06:33","slug":"kontakt","status":"publish","type":"page","link":"https:\/\/selleetools.com\/pl\/kontakt\/","title":{"rendered":"Kontakt"},"content":{"rendered":"\t\t<div data-elementor-type=\"wp-page\" data-elementor-id=\"14427\" class=\"elementor elementor-14427 elementor-1647\" data-elementor-settings=\"[]\">\n\t\t\t\t\t\t\t<div class=\"elementor-section-wrap\">\n\t\t\t\t\t\t\t<section class=\"elementor-section elementor-top-section elementor-element elementor-element-2630fcd elementor-section-boxed elementor-section-height-default elementor-section-height-default\" data-id=\"2630fcd\" data-element_type=\"section\">\n\t\t\t\t\t\t<div class=\"elementor-container elementor-column-gap-default\">\n\t\t\t\t\t<div class=\"elementor-column elementor-col-100 elementor-top-column elementor-element elementor-element-fc028f1\" data-id=\"fc028f1\" data-element_type=\"column\">\n\t\t\t<div class=\"elementor-widget-wrap elementor-element-populated\">\n\t\t\t\t\t\t\t\t<div class=\"elementor-element elementor-element-3f1c248 elementor-widget elementor-widget-heading\" data-id=\"3f1c248\" data-element_type=\"widget\" data-widget_type=\"heading.default\">\n\t\t\t\t<div class=\"elementor-widget-container\">\n\t\t\t<h1 class=\"elementor-heading-title elementor-size-default\">Zapraszamy do kontaktu<\/h1>\t\t<\/div>\n\t\t\t\t<\/div>\n\t\t\t\t<div class=\"elementor-element elementor-element-7685602 elementor-widget elementor-widget-text-editor\" data-id=\"7685602\" data-element_type=\"widget\" data-widget_type=\"text-editor.default\">\n\t\t\t\t<div class=\"elementor-widget-container\">\n\t\t\t\t\t\t\t\t<p>Je\u017celi masz jakie\u015b pytania dotycz\u0105ce platformy Selleetools wype\u0142nij formularz kontaktowy.<\/p>\n\t\t\t\t\t\t<\/div>\n\t\t\t\t<\/div>\n\t\t\t\t<section class=\"elementor-section elementor-inner-section elementor-element elementor-element-982fd48 elementor-section-boxed elementor-section-height-default elementor-section-height-default\" data-id=\"982fd48\" data-element_type=\"section\">\n\t\t\t\t\t\t<div class=\"elementor-container elementor-column-gap-default\">\n\t\t\t\t\t<div class=\"elementor-column elementor-col-50 elementor-inner-column elementor-element elementor-element-5570346\" data-id=\"5570346\" data-element_type=\"column\">\n\t\t\t<div class=\"elementor-widget-wrap elementor-element-populated\">\n\t\t\t\t\t\t\t\t<div class=\"elementor-element elementor-element-437030a elementor-widget elementor-widget-text-editor\" data-id=\"437030a\" data-element_type=\"widget\" data-widget_type=\"text-editor.default\">\n\t\t\t\t<div class=\"elementor-widget-container\">\n\t\t\t\t\t\t\t\t<p><strong>Obs\u0142uga klienta B2B Polska<\/strong><\/p><p>Standard Development Polska Sp. z o.o.<br \/>Grupa Smartbuyers<br \/>ul. Towarowa 6 Bud. B, lok 102<br \/>49-300 Brzeg, Woj. Opolskie<\/p><p>Telefon: <strong>+48 789 354 241<\/strong><\/p><p><strong>Godziny pracy biura:<\/strong><br \/>Pn-Pt \u2013 9:00-17:00<\/p>\t\t\t\t\t\t<\/div>\n\t\t\t\t<\/div>\n\t\t\t\t<div class=\"elementor-element elementor-element-f22ea48 elementor-widget elementor-widget-text-editor\" data-id=\"f22ea48\" data-element_type=\"widget\" data-widget_type=\"text-editor.default\">\n\t\t\t\t<div class=\"elementor-widget-container\">\n\t\t\t\t\t\t\t\t<p><strong>Dane firmowe<\/strong><\/p>\n<p>Smartbuyers Ltd<br \/>\n77 Lower Camden Street<br \/>\nSt Kevin\u2019s<br \/>\nDublin 2<br \/>\nIreland<\/p>\n\t\t\t\t\t\t<\/div>\n\t\t\t\t<\/div>\n\t\t\t\t\t<\/div>\n\t\t<\/div>\n\t\t\t\t<div class=\"elementor-column elementor-col-50 elementor-inner-column elementor-element elementor-element-f739c07\" data-id=\"f739c07\" data-element_type=\"column\" data-settings=\"{&quot;background_background&quot;:&quot;classic&quot;}\">\n\t\t\t<div class=\"elementor-widget-wrap elementor-element-populated\">\n\t\t\t\t\t\t\t\t<div class=\"elementor-element elementor-element-7f168ea elementor-widget elementor-widget-html\" data-id=\"7f168ea\" data-element_type=\"widget\" data-widget_type=\"html.default\">\n\t\t\t\t<div class=\"elementor-widget-container\">\n\t\t\t<script charset=\"utf-8\" type=\"text\/javascript\" src=\"\/\/js-eu1.hsforms.net\/forms\/embed\/v2.js\"><\/script>\r\n<script>\r\n  hbspt.forms.create({\r\n    region: \"eu1\",\r\n    portalId: \"25046626\",\r\n    formId: \"c039d94e-8960-4251-8927-5360b2c1dcf7\"\r\n  });\r\n<\/script>\t\t<\/div>\n\t\t\t\t<\/div>\n\t\t\t\t<div class=\"elementor-element elementor-element-50eb771 elementor-button-align-end elementor-hidden-desktop elementor-hidden-tablet elementor-hidden-phone elementor-widget elementor-widget-form\" data-id=\"50eb771\" data-element_type=\"widget\" data-settings=\"{&quot;step_next_label&quot;:&quot;Next&quot;,&quot;step_previous_label&quot;:&quot;Previous&quot;,&quot;button_width&quot;:&quot;100&quot;,&quot;step_type&quot;:&quot;number_text&quot;,&quot;step_icon_shape&quot;:&quot;circle&quot;}\" data-widget_type=\"form.default\">\n\t\t\t\t<div class=\"elementor-widget-container\">\n\t\t\t\t\t<form class=\"elementor-form\" method=\"post\" name=\"Kontakt\">\n\t\t\t<input type=\"hidden\" name=\"post_id\" value=\"14427\"\/>\n\t\t\t<input type=\"hidden\" name=\"form_id\" value=\"50eb771\"\/>\n\t\t\t<input type=\"hidden\" name=\"referer_title\" value=\"Selleetools.com\" \/>\n\n\t\t\t\n\t\t\t<div class=\"elementor-form-fields-wrapper elementor-labels-above\">\n\t\t\t\t\t\t\t\t<div class=\"elementor-field-type-text elementor-field-group elementor-column elementor-field-group-name elementor-col-100 elementor-field-required\">\n\t\t\t\t\t<label for=\"form-field-name\" class=\"elementor-field-label\">Imi\u0119 *<\/label><input size=\"1\" type=\"text\" name=\"form_fields[name]\" id=\"form-field-name\" class=\"elementor-field elementor-size-sm  elementor-field-textual\" placeholder=\"Imi\u0119\" required=\"required\" aria-required=\"true\">\t\t\t\t<\/div>\n\t\t\t\t\t\t\t\t<div class=\"elementor-field-type-text elementor-field-group elementor-column elementor-field-group-field_705545a elementor-col-100\">\n\t\t\t\t\t<label for=\"form-field-field_705545a\" class=\"elementor-field-label\">Nazwisko<\/label><input size=\"1\" type=\"text\" name=\"form_fields[field_705545a]\" id=\"form-field-field_705545a\" class=\"elementor-field elementor-size-sm  elementor-field-textual\" placeholder=\"Nazwisko\">\t\t\t\t<\/div>\n\t\t\t\t\t\t\t\t<div class=\"elementor-field-type-email elementor-field-group elementor-column elementor-field-group-email elementor-col-100 elementor-field-required\">\n\t\t\t\t\t<label for=\"form-field-email\" class=\"elementor-field-label\">E-mail *<\/label><input size=\"1\" type=\"email\" name=\"form_fields[email]\" id=\"form-field-email\" class=\"elementor-field elementor-size-sm  elementor-field-textual\" placeholder=\"E-mail\" required=\"required\" aria-required=\"true\">\t\t\t\t<\/div>\n\t\t\t\t\t\t\t\t<div class=\"elementor-field-type-text elementor-field-group elementor-column elementor-field-group-field_93fdc31 elementor-col-100\">\n\t\t\t\t\t<label for=\"form-field-field_93fdc31\" class=\"elementor-field-label\">Firma<\/label><input size=\"1\" type=\"text\" name=\"form_fields[field_93fdc31]\" id=\"form-field-field_93fdc31\" class=\"elementor-field elementor-size-sm  elementor-field-textual\" placeholder=\"Nazwa firmy\">\t\t\t\t<\/div>\n\t\t\t\t\t\t\t\t<div class=\"elementor-field-type-textarea elementor-field-group elementor-column elementor-field-group-message elementor-col-100 elementor-field-required\">\n\t\t\t\t\t<label for=\"form-field-message\" class=\"elementor-field-label\">Wiadomo\u015b\u0107 *<\/label><textarea class=\"elementor-field-textual elementor-field  elementor-size-sm\" name=\"form_fields[message]\" id=\"form-field-message\" rows=\"4\" placeholder=\"Wpisz tutaj wiadomo\u015b\u0107...\" required=\"required\" aria-required=\"true\"><\/textarea>\t\t\t\t<\/div>\n\t\t\t\t\t\t\t\t<div class=\"elementor-field-group elementor-column elementor-field-type-submit elementor-col-100 e-form__buttons\">\n\t\t\t\t\t<button type=\"submit\" class=\"elementor-button elementor-size-sm\">\n\t\t\t\t\t\t<span >\n\t\t\t\t\t\t\t\t\t\t\t\t\t\t\t<span class=\" elementor-button-icon\">\n\t\t\t\t\t\t\t\t\t\t\t\t\t\t\t\t\t\t\t\t\t\t\t\t\t\t<\/span>\n\t\t\t\t\t\t\t\t\t\t\t\t\t\t\t\t\t\t\t\t\t\t<span class=\"elementor-button-text\">Wy\u015blij<\/span>\n\t\t\t\t\t\t\t\t\t\t\t\t\t<\/span>\n\t\t\t\t\t<\/button>\n\t\t\t\t<\/div>\n\t\t\t<\/div>\n\t\t<\/form>\n\t\t\t\t<\/div>\n\t\t\t\t<\/div>\n\t\t\t\t\t<\/div>\n\t\t<\/div>\n\t\t\t\t\t\t\t<\/div>\n\t\t<\/section>\n\t\t\t\t\t<\/div>\n\t\t<\/div>\n\t\t\t\t\t\t\t<\/div>\n\t\t<\/section>\n\t\t\t\t\t\t<\/div>\n\t\t\t\t\t<\/div>\n\t\t","protected":false},"excerpt":{"rendered":"<p>Zapraszamy do kontaktu Je\u017celi masz jakie\u015b pytania dotycz\u0105ce platformy Selleetools wype\u0142nij formularz kontaktowy. Obs\u0142uga klienta B2B Polska Standard Development Polska Sp. z o.o.Grupa Smartbuyersul. Towarowa 6 Bud. B, lok 10249-300 Brzeg, Woj. Opolskie Telefon: +48 789 354 241 Godziny pracy biura:Pn-Pt \u2013 9:00-17:00 Dane firmowe Smartbuyers Ltd 77 Lower Camden Street St Kevin\u2019s Dublin 2 &#8230; <a title=\"Kontakt\" class=\"read-more\" href=\"https:\/\/selleetools.com\/pl\/kontakt\/\">Read more<span class=\"screen-reader-text\">Kontakt<\/span><\/a><\/p>\n","protected":false},"author":1,"featured_media":0,"parent":0,"menu_order":0,"comment_status":"closed","ping_status":"closed","template":"","meta":{"_links_to":"","_links_to_target":""},"yoast_head":"<!-- This site is optimized with the Yoast SEO plugin v19.4 - https:\/\/yoast.com\/wordpress\/plugins\/seo\/ -->\n<title>Kontakt - Selleetools.com<\/title>\n<meta name=\"robots\" content=\"index, follow, max-snippet:-1, max-image-preview:large, max-video-preview:-1\" \/>\n<link rel=\"canonical\" href=\"https:\/\/admincentral.selleetools.com\/pl\/kontakt\/\" \/>\n<meta property=\"og:locale\" content=\"pl_PL\" \/>\n<meta property=\"og:type\" content=\"article\" \/>\n<meta property=\"og:title\" content=\"Kontakt - Selleetools.com\" \/>\n<meta property=\"og:description\" content=\"Zapraszamy do kontaktu Je\u017celi masz jakie\u015b pytania dotycz\u0105ce platformy Selleetools wype\u0142nij formularz kontaktowy. Obs\u0142uga klienta B2B Polska Standard Development Polska Sp. z o.o.Grupa Smartbuyersul. Towarowa 6 Bud. B, lok 10249-300 Brzeg, Woj. Opolskie Telefon: +48 789 354 241 Godziny pracy biura:Pn-Pt \u2013 9:00-17:00 Dane firmowe Smartbuyers Ltd 77 Lower Camden Street St Kevin\u2019s Dublin 2 ... Read moreKontakt\" \/>\n<meta property=\"og:url\" content=\"https:\/\/admincentral.selleetools.com\/pl\/kontakt\/\" \/>\n<meta property=\"og:site_name\" content=\"Selleetools.com\" \/>\n<meta property=\"article:modified_time\" content=\"2025-10-02T12:06:33+00:00\" \/>\n<meta name=\"twitter:card\" content=\"summary_large_image\" \/>\n<!-- \/ Yoast SEO plugin. -->","yoast_head_json":{"title":"Kontakt - Selleetools.com","robots":{"index":"index","follow":"follow","max-snippet":"max-snippet:-1","max-image-preview":"max-image-preview:large","max-video-preview":"max-video-preview:-1"},"canonical":"https:\/\/admincentral.selleetools.com\/pl\/kontakt\/","og_locale":"pl_PL","og_type":"article","og_title":"Kontakt - Selleetools.com","og_description":"Zapraszamy do kontaktu Je\u017celi masz jakie\u015b pytania dotycz\u0105ce platformy Selleetools wype\u0142nij formularz kontaktowy. Obs\u0142uga klienta B2B Polska Standard Development Polska Sp. z o.o.Grupa Smartbuyersul. Towarowa 6 Bud. B, lok 10249-300 Brzeg, Woj. Opolskie Telefon: +48 789 354 241 Godziny pracy biura:Pn-Pt \u2013 9:00-17:00 Dane firmowe Smartbuyers Ltd 77 Lower Camden Street St Kevin\u2019s Dublin 2 ... Read moreKontakt","og_url":"https:\/\/admincentral.selleetools.com\/pl\/kontakt\/","og_site_name":"Selleetools.com","article_modified_time":"2025-10-02T12:06:33+00:00","twitter_card":"summary_large_image","schema":{"@context":"https:\/\/schema.org","@graph":[{"@type":"Organization","@id":"https:\/\/selleetools.com\/#organization","name":"Selleetools","url":"https:\/\/selleetools.com\/","sameAs":[],"logo":{"@type":"ImageObject","inLanguage":"pl-PL","@id":"https:\/\/selleetools.com\/#\/schema\/logo\/image\/","url":"https:\/\/selleetools.com\/wp-content\/uploads\/2021\/10\/logo-dark.png","contentUrl":"https:\/\/selleetools.com\/wp-content\/uploads\/2021\/10\/logo-dark.png","width":320,"height":76,"caption":"Selleetools"},"image":{"@id":"https:\/\/selleetools.com\/#\/schema\/logo\/image\/"}},{"@type":"WebSite","@id":"https:\/\/selleetools.com\/#website","url":"https:\/\/selleetools.com\/","name":"Selleetools.com","description":"","publisher":{"@id":"https:\/\/selleetools.com\/#organization"},"potentialAction":[{"@type":"SearchAction","target":{"@type":"EntryPoint","urlTemplate":"https:\/\/selleetools.com\/?s={search_term_string}"},"query-input":"required name=search_term_string"}],"inLanguage":"pl-PL"},{"@type":"WebPage","@id":"https:\/\/admincentral.selleetools.com\/pl\/kontakt\/","url":"https:\/\/admincentral.selleetools.com\/pl\/kontakt\/","name":"Kontakt - Selleetools.com","isPartOf":{"@id":"https:\/\/selleetools.com\/#website"},"datePublished":"2021-11-10T11:51:20+00:00","dateModified":"2025-10-02T12:06:33+00:00","breadcrumb":{"@id":"https:\/\/admincentral.selleetools.com\/pl\/kontakt\/#breadcrumb"},"inLanguage":"pl-PL","potentialAction":[{"@type":"ReadAction","target":["https:\/\/admincentral.selleetools.com\/pl\/kontakt\/"]}]},{"@type":"BreadcrumbList","@id":"https:\/\/admincentral.selleetools.com\/pl\/kontakt\/#breadcrumb","itemListElement":[{"@type":"ListItem","position":1,"name":"Home","item":"https:\/\/selleetools.com\/pl\/"},{"@type":"ListItem","position":2,"name":"Kontakt"}]}]}},"_links":{"self":[{"href":"https:\/\/selleetools.com\/pl\/wp-json\/wp\/v2\/pages\/14427"}],"collection":[{"href":"https:\/\/selleetools.com\/pl\/wp-json\/wp\/v2\/pages"}],"about":[{"href":"https:\/\/selleetools.com\/pl\/wp-json\/wp\/v2\/types\/page"}],"author":[{"embeddable":true,"href":"https:\/\/selleetools.com\/pl\/wp-json\/wp\/v2\/users\/1"}],"replies":[{"embeddable":true,"href":"https:\/\/selleetools.com\/pl\/wp-json\/wp\/v2\/comments?post=14427"}],"version-history":[{"count":60,"href":"https:\/\/selleetools.com\/pl\/wp-json\/wp\/v2\/pages\/14427\/revisions"}],"predecessor-version":[{"id":585918,"href":"https:\/\/selleetools.com\/pl\/wp-json\/wp\/v2\/pages\/14427\/revisions\/585918"}],"wp:attachment":[{"href":"https:\/\/selleetools.com\/pl\/wp-json\/wp\/v2\/media?parent=14427"}],"curies":[{"name":"wp","href":"https:\/\/api.w.org\/{rel}","templated":true}]}}