{"id":14414,"date":"2021-11-10T12:40:30","date_gmt":"2021-11-10T11:40:30","guid":{"rendered":"https:\/\/selleetools.com\/o-nas-pl\/"},"modified":"2021-11-16T01:36:47","modified_gmt":"2021-11-16T00:36:47","slug":"o-nas","status":"publish","type":"page","link":"https:\/\/selleetools.com\/pl\/o-nas\/","title":{"rendered":"O nas"},"content":{"rendered":"\t\t<div data-elementor-type=\"wp-page\" data-elementor-id=\"14414\" class=\"elementor elementor-14414 elementor-1537\" data-elementor-settings=\"[]\">\n\t\t\t\t\t\t\t<div class=\"elementor-section-wrap\">\n\t\t\t\t\t\t\t<section class=\"elementor-section elementor-top-section elementor-element elementor-element-148efb78 elementor-section-boxed elementor-section-height-default elementor-section-height-default\" data-id=\"148efb78\" data-element_type=\"section\">\n\t\t\t\t\t\t<div class=\"elementor-container elementor-column-gap-default\">\n\t\t\t\t\t<div class=\"elementor-column elementor-col-100 elementor-top-column elementor-element elementor-element-5f96703c\" data-id=\"5f96703c\" data-element_type=\"column\">\n\t\t\t<div class=\"elementor-widget-wrap elementor-element-populated\">\n\t\t\t\t\t\t\t\t<div class=\"elementor-element elementor-element-966af1b elementor-widget elementor-widget-heading\" data-id=\"966af1b\" data-element_type=\"widget\" data-widget_type=\"heading.default\">\n\t\t\t\t<div class=\"elementor-widget-container\">\n\t\t\t<h1 class=\"elementor-heading-title elementor-size-default\">O nas<\/h1>\t\t<\/div>\n\t\t\t\t<\/div>\n\t\t\t\t<div class=\"elementor-element elementor-element-11553263 elementor-widget elementor-widget-text-editor\" data-id=\"11553263\" data-element_type=\"widget\" data-widget_type=\"text-editor.default\">\n\t\t\t\t<div class=\"elementor-widget-container\">\n\t\t\t\t\t\t\t\t<p><\/p>\n<p>Platforma B2B, <strong>SelleeTools<\/strong> V2R stworzona zosta\u0142a z my\u015bl\u0105 o ma\u0142ych i \u015brednich firmach MSP, kt\u00f3re mimo posiadania wysoce konkurencyjnych i atrakcyjnych produkt\u00f3w nie posiadaj\u0105 do\u015bwiadczenia wymaganego w obszarze globalnej sprzeda\u017cny internetowej \u201cglobal multichannel e-commerce\u201d.<\/p>\n<p>SelleeTools V2R skupia najlepszych e-sprzedawc\u00f3w z wieloletnim do\u015bwiadczeniem zdobytym na globalnych marketplace\u2019ach.<\/p>\n<p>Oferujemy zbi\u00f3r narz\u0119dzi monitoruj\u0105cych, optymalizuj\u0105cych i zwi\u0119kszaj\u0105cych wydajno\u015b\u0107 oraz zyski firmy. Narz\u0119dzia s\u0105 zoptymalizowane pod dostawc\u00f3w operuj\u0105cych na globalnych platformach e-commerce.<\/p>\n<p><\/p>\n\t\t\t\t\t\t<\/div>\n\t\t\t\t<\/div>\n\t\t\t\t\t<\/div>\n\t\t<\/div>\n\t\t\t\t\t\t\t<\/div>\n\t\t<\/section>\n\t\t\t\t\t\t<\/div>\n\t\t\t\t\t<\/div>\n\t\t","protected":false},"excerpt":{"rendered":"<p>O nas Platforma B2B, SelleeTools V2R stworzona zosta\u0142a z my\u015bl\u0105 o ma\u0142ych i \u015brednich firmach MSP, kt\u00f3re mimo posiadania wysoce konkurencyjnych i atrakcyjnych produkt\u00f3w nie posiadaj\u0105 do\u015bwiadczenia wymaganego w obszarze globalnej sprzeda\u017cny internetowej \u201cglobal multichannel e-commerce\u201d. SelleeTools V2R skupia najlepszych e-sprzedawc\u00f3w z wieloletnim do\u015bwiadczeniem zdobytym na globalnych marketplace\u2019ach. Oferujemy zbi\u00f3r narz\u0119dzi monitoruj\u0105cych, optymalizuj\u0105cych i zwi\u0119kszaj\u0105cych &#8230; <a title=\"O nas\" class=\"read-more\" href=\"https:\/\/selleetools.com\/pl\/o-nas\/\">Read more<span class=\"screen-reader-text\">O nas<\/span><\/a><\/p>\n","protected":false},"author":1,"featured_media":0,"parent":0,"menu_order":0,"comment_status":"closed","ping_status":"closed","template":"","meta":{"_links_to":"","_links_to_target":""},"yoast_head":"<!-- This site is optimized with the Yoast SEO plugin v19.4 - https:\/\/yoast.com\/wordpress\/plugins\/seo\/ -->\n<title>O nas - Selleetools.com<\/title>\n<meta name=\"robots\" content=\"index, follow, max-snippet:-1, max-image-preview:large, max-video-preview:-1\" \/>\n<link rel=\"canonical\" href=\"https:\/\/selleetools.com\/pl\/o-nas\/\" \/>\n<meta property=\"og:locale\" content=\"pl_PL\" \/>\n<meta property=\"og:type\" content=\"article\" \/>\n<meta property=\"og:title\" content=\"O nas - Selleetools.com\" \/>\n<meta property=\"og:description\" content=\"O nas Platforma B2B, SelleeTools V2R stworzona zosta\u0142a z my\u015bl\u0105 o ma\u0142ych i \u015brednich firmach MSP, kt\u00f3re mimo posiadania wysoce konkurencyjnych i atrakcyjnych produkt\u00f3w nie posiadaj\u0105 do\u015bwiadczenia wymaganego w obszarze globalnej sprzeda\u017cny internetowej \u201cglobal multichannel e-commerce\u201d. SelleeTools V2R skupia najlepszych e-sprzedawc\u00f3w z wieloletnim do\u015bwiadczeniem zdobytym na globalnych marketplace\u2019ach. Oferujemy zbi\u00f3r narz\u0119dzi monitoruj\u0105cych, optymalizuj\u0105cych i zwi\u0119kszaj\u0105cych ... Read moreO nas\" \/>\n<meta property=\"og:url\" content=\"https:\/\/selleetools.com\/pl\/o-nas\/\" \/>\n<meta property=\"og:site_name\" content=\"Selleetools.com\" \/>\n<meta property=\"article:modified_time\" content=\"2021-11-16T00:36:47+00:00\" \/>\n<meta name=\"twitter:card\" content=\"summary_large_image\" \/>\n<!-- \/ Yoast SEO plugin. -->","yoast_head_json":{"title":"O nas - Selleetools.com","robots":{"index":"index","follow":"follow","max-snippet":"max-snippet:-1","max-image-preview":"max-image-preview:large","max-video-preview":"max-video-preview:-1"},"canonical":"https:\/\/selleetools.com\/pl\/o-nas\/","og_locale":"pl_PL","og_type":"article","og_title":"O nas - Selleetools.com","og_description":"O nas Platforma B2B, SelleeTools V2R stworzona zosta\u0142a z my\u015bl\u0105 o ma\u0142ych i \u015brednich firmach MSP, kt\u00f3re mimo posiadania wysoce konkurencyjnych i atrakcyjnych produkt\u00f3w nie posiadaj\u0105 do\u015bwiadczenia wymaganego w obszarze globalnej sprzeda\u017cny internetowej \u201cglobal multichannel e-commerce\u201d. SelleeTools V2R skupia najlepszych e-sprzedawc\u00f3w z wieloletnim do\u015bwiadczeniem zdobytym na globalnych marketplace\u2019ach. Oferujemy zbi\u00f3r narz\u0119dzi monitoruj\u0105cych, optymalizuj\u0105cych i zwi\u0119kszaj\u0105cych ... Read moreO nas","og_url":"https:\/\/selleetools.com\/pl\/o-nas\/","og_site_name":"Selleetools.com","article_modified_time":"2021-11-16T00:36:47+00:00","twitter_card":"summary_large_image","schema":{"@context":"https:\/\/schema.org","@graph":[{"@type":"Organization","@id":"https:\/\/selleetools.com\/#organization","name":"Selleetools","url":"https:\/\/selleetools.com\/","sameAs":[],"logo":{"@type":"ImageObject","inLanguage":"pl-PL","@id":"https:\/\/selleetools.com\/#\/schema\/logo\/image\/","url":"https:\/\/selleetools.com\/wp-content\/uploads\/2021\/10\/logo-dark.png","contentUrl":"https:\/\/selleetools.com\/wp-content\/uploads\/2021\/10\/logo-dark.png","width":320,"height":76,"caption":"Selleetools"},"image":{"@id":"https:\/\/selleetools.com\/#\/schema\/logo\/image\/"}},{"@type":"WebSite","@id":"https:\/\/selleetools.com\/#website","url":"https:\/\/selleetools.com\/","name":"Selleetools.com","description":"","publisher":{"@id":"https:\/\/selleetools.com\/#organization"},"potentialAction":[{"@type":"SearchAction","target":{"@type":"EntryPoint","urlTemplate":"https:\/\/selleetools.com\/?s={search_term_string}"},"query-input":"required name=search_term_string"}],"inLanguage":"pl-PL"},{"@type":"WebPage","@id":"https:\/\/selleetools.com\/pl\/o-nas\/","url":"https:\/\/selleetools.com\/pl\/o-nas\/","name":"O nas - Selleetools.com","isPartOf":{"@id":"https:\/\/selleetools.com\/#website"},"datePublished":"2021-11-10T11:40:30+00:00","dateModified":"2021-11-16T00:36:47+00:00","breadcrumb":{"@id":"https:\/\/selleetools.com\/pl\/o-nas\/#breadcrumb"},"inLanguage":"pl-PL","potentialAction":[{"@type":"ReadAction","target":["https:\/\/selleetools.com\/pl\/o-nas\/"]}]},{"@type":"BreadcrumbList","@id":"https:\/\/selleetools.com\/pl\/o-nas\/#breadcrumb","itemListElement":[{"@type":"ListItem","position":1,"name":"Home","item":"https:\/\/selleetools.com\/pl\/"},{"@type":"ListItem","position":2,"name":"O nas"}]}]}},"_links":{"self":[{"href":"https:\/\/selleetools.com\/pl\/wp-json\/wp\/v2\/pages\/14414"}],"collection":[{"href":"https:\/\/selleetools.com\/pl\/wp-json\/wp\/v2\/pages"}],"about":[{"href":"https:\/\/selleetools.com\/pl\/wp-json\/wp\/v2\/types\/page"}],"author":[{"embeddable":true,"href":"https:\/\/selleetools.com\/pl\/wp-json\/wp\/v2\/users\/1"}],"replies":[{"embeddable":true,"href":"https:\/\/selleetools.com\/pl\/wp-json\/wp\/v2\/comments?post=14414"}],"version-history":[{"count":4,"href":"https:\/\/selleetools.com\/pl\/wp-json\/wp\/v2\/pages\/14414\/revisions"}],"predecessor-version":[{"id":14422,"href":"https:\/\/selleetools.com\/pl\/wp-json\/wp\/v2\/pages\/14414\/revisions\/14422"}],"wp:attachment":[{"href":"https:\/\/selleetools.com\/pl\/wp-json\/wp\/v2\/media?parent=14414"}],"curies":[{"name":"wp","href":"https:\/\/api.w.org\/{rel}","templated":true}]}}