{"id":14195,"date":"2021-11-09T21:49:32","date_gmt":"2021-11-09T20:49:32","guid":{"rendered":"https:\/\/selleetools.com\/integracje\/ebay\/"},"modified":"2021-11-16T22:29:20","modified_gmt":"2021-11-16T21:29:20","slug":"ebay","status":"publish","type":"page","link":"https:\/\/selleetools.com\/pl\/integracje\/ebay\/","title":{"rendered":"Ebay"},"content":{"rendered":"\t\t<div data-elementor-type=\"wp-page\" data-elementor-id=\"14195\" class=\"elementor elementor-14195 elementor-7994\" data-elementor-settings=\"[]\">\n\t\t\t\t\t\t\t<div class=\"elementor-section-wrap\">\n\t\t\t\t\t\t\t<section class=\"elementor-section elementor-top-section elementor-element elementor-element-34e8a9dd elementor-reverse-mobile elementor-section-boxed elementor-section-height-default elementor-section-height-default\" data-id=\"34e8a9dd\" data-element_type=\"section\">\n\t\t\t\t\t\t<div class=\"elementor-container elementor-column-gap-default\">\n\t\t\t\t\t<div class=\"elementor-column elementor-col-50 elementor-top-column elementor-element elementor-element-2feb0d17\" data-id=\"2feb0d17\" data-element_type=\"column\">\n\t\t\t<div class=\"elementor-widget-wrap elementor-element-populated\">\n\t\t\t\t\t\t\t\t<div class=\"elementor-element elementor-element-30429be8 elementor-widget elementor-widget-heading\" data-id=\"30429be8\" data-element_type=\"widget\" data-widget_type=\"heading.default\">\n\t\t\t\t<div class=\"elementor-widget-container\">\n\t\t\t<h1 class=\"elementor-heading-title elementor-size-default\">Integracja Selleetools z Ebay<\/h1>\t\t<\/div>\n\t\t\t\t<\/div>\n\t\t\t\t<div class=\"elementor-element elementor-element-643d9bac elementor-widget elementor-widget-text-editor\" data-id=\"643d9bac\" data-element_type=\"widget\" data-widget_type=\"text-editor.default\">\n\t\t\t\t<div class=\"elementor-widget-container\">\n\t\t\t\t\t\t\t\t<p>Selleetools to platforma B2B, kt\u00f3r\u0105 mo\u017cna zintegrowa\u0107 zar\u00f3wno z poziomu Resellera (Sprzedawcy) jak i Vendora (Dostawcy) z najpopularniejszym marketplace\u2019em jakim jest Ebay.<\/p>\n\t\t\t\t\t\t<\/div>\n\t\t\t\t<\/div>\n\t\t\t\t\t<\/div>\n\t\t<\/div>\n\t\t\t\t<div class=\"elementor-column elementor-col-50 elementor-top-column elementor-element elementor-element-63f41f98\" data-id=\"63f41f98\" data-element_type=\"column\">\n\t\t\t<div class=\"elementor-widget-wrap elementor-element-populated\">\n\t\t\t\t\t\t\t\t<div class=\"elementor-element elementor-element-7f9ba7c elementor-widget elementor-widget-image\" data-id=\"7f9ba7c\" data-element_type=\"widget\" data-widget_type=\"image.default\">\n\t\t\t\t<div class=\"elementor-widget-container\">\n\t\t\t\t\t\t\t\t\t\t\t\t\t\t\t<img width=\"520\" height=\"348\" src=\"https:\/\/selleetools.com\/wp-content\/uploads\/2021\/10\/integracja_ebay.png\" class=\"elementor-animation-grow attachment-large size-large\" alt=\"\" loading=\"lazy\" srcset=\"https:\/\/selleetools.com\/wp-content\/uploads\/2021\/10\/integracja_ebay.png 520w, https:\/\/selleetools.com\/wp-content\/uploads\/2021\/10\/integracja_ebay-300x201.png 300w\" sizes=\"(max-width: 520px) 100vw, 520px\" \/>\t\t\t\t\t\t\t\t\t\t\t\t\t\t\t<\/div>\n\t\t\t\t<\/div>\n\t\t\t\t\t<\/div>\n\t\t<\/div>\n\t\t\t\t\t\t\t<\/div>\n\t\t<\/section>\n\t\t\t\t<section class=\"elementor-section elementor-top-section elementor-element elementor-element-54935606 elementor-section-boxed elementor-section-height-default elementor-section-height-default\" data-id=\"54935606\" data-element_type=\"section\" data-settings=\"{&quot;background_background&quot;:&quot;classic&quot;}\">\n\t\t\t\t\t\t<div class=\"elementor-container elementor-column-gap-default\">\n\t\t\t\t\t<div class=\"elementor-column elementor-col-100 elementor-top-column elementor-element elementor-element-3f197c3d\" data-id=\"3f197c3d\" data-element_type=\"column\">\n\t\t\t<div class=\"elementor-widget-wrap elementor-element-populated\">\n\t\t\t\t\t\t\t\t<div class=\"elementor-element elementor-element-4f883e8a elementor-widget elementor-widget-image\" data-id=\"4f883e8a\" data-element_type=\"widget\" data-widget_type=\"image.default\">\n\t\t\t\t<div class=\"elementor-widget-container\">\n\t\t\t\t\t\t\t\t\t\t\t\t\t\t\t<img width=\"1024\" height=\"657\" src=\"https:\/\/selleetools.com\/wp-content\/uploads\/2021\/10\/int-reseller-1024x657.jpg\" class=\"attachment-large size-large\" alt=\"\" loading=\"lazy\" srcset=\"https:\/\/selleetools.com\/wp-content\/uploads\/2021\/10\/int-reseller-1024x657.jpg 1024w, https:\/\/selleetools.com\/wp-content\/uploads\/2021\/10\/int-reseller-600x385.jpg 600w, https:\/\/selleetools.com\/wp-content\/uploads\/2021\/10\/int-reseller-300x193.jpg 300w, https:\/\/selleetools.com\/wp-content\/uploads\/2021\/10\/int-reseller-768x493.jpg 768w, https:\/\/selleetools.com\/wp-content\/uploads\/2021\/10\/int-reseller.jpg 1176w\" sizes=\"(max-width: 1024px) 100vw, 1024px\" \/>\t\t\t\t\t\t\t\t\t\t\t\t\t\t\t<\/div>\n\t\t\t\t<\/div>\n\t\t\t\t<div class=\"elementor-element elementor-element-5acb0ff elementor-widget elementor-widget-heading\" data-id=\"5acb0ff\" data-element_type=\"widget\" data-widget_type=\"heading.default\">\n\t\t\t\t<div class=\"elementor-widget-container\">\n\t\t\t<h2 class=\"elementor-heading-title elementor-size-default\">Podstawowe Funkcjonalno\u015bci Integracji Ebay - konto Reseller<\/h2>\t\t<\/div>\n\t\t\t\t<\/div>\n\t\t\t\t<div class=\"elementor-element elementor-element-11c8bbc elementor-icon-list--layout-traditional elementor-list-item-link-full_width elementor-widget elementor-widget-icon-list\" data-id=\"11c8bbc\" data-element_type=\"widget\" data-widget_type=\"icon-list.default\">\n\t\t\t\t<div class=\"elementor-widget-container\">\n\t\t\t\t\t<ul class=\"elementor-icon-list-items\">\n\t\t\t\t\t\t\t<li class=\"elementor-icon-list-item\">\n\t\t\t\t\t\t\t\t\t\t\t<span class=\"elementor-icon-list-icon\">\n\t\t\t\t\t\t\t<i aria-hidden=\"true\" class=\"fas fa-check\"><\/i>\t\t\t\t\t\t<\/span>\n\t\t\t\t\t\t\t\t\t\t<span class=\"elementor-icon-list-text\">Automatyczna integracja konta Reseller z kontem Ebay<\/span>\n\t\t\t\t\t\t\t\t\t<\/li>\n\t\t\t\t\t\t\t\t<li class=\"elementor-icon-list-item\">\n\t\t\t\t\t\t\t\t\t\t\t<span class=\"elementor-icon-list-icon\">\n\t\t\t\t\t\t\t<i aria-hidden=\"true\" class=\"fas fa-check\"><\/i>\t\t\t\t\t\t<\/span>\n\t\t\t\t\t\t\t\t\t\t<span class=\"elementor-icon-list-text\">Eksport wybranych do sprzeda\u017cy produkt\u00f3w od Vendor\u00f3w bezpo\u015brednio na konto sprzedawcy Ebay<\/span>\n\t\t\t\t\t\t\t\t\t<\/li>\n\t\t\t\t\t\t\t\t<li class=\"elementor-icon-list-item\">\n\t\t\t\t\t\t\t\t\t\t\t<span class=\"elementor-icon-list-icon\">\n\t\t\t\t\t\t\t<i aria-hidden=\"true\" class=\"fas fa-check\"><\/i>\t\t\t\t\t\t<\/span>\n\t\t\t\t\t\t\t\t\t\t<span class=\"elementor-icon-list-text\">Import op\u0142aconych zam\u00f3wie\u0144 z Ebaya do konta Resellera na platformie<\/span>\n\t\t\t\t\t\t\t\t\t<\/li>\n\t\t\t\t\t\t\t\t<li class=\"elementor-icon-list-item\">\n\t\t\t\t\t\t\t\t\t\t\t<span class=\"elementor-icon-list-icon\">\n\t\t\t\t\t\t\t<i aria-hidden=\"true\" class=\"fas fa-check\"><\/i>\t\t\t\t\t\t<\/span>\n\t\t\t\t\t\t\t\t\t\t<span class=\"elementor-icon-list-text\">Mo\u017cliwo\u015b\u0107 edycji danych o produkcie oraz narzut\u00f3w mar\u017c na ceny produkt\u00f3w przed ich eksportem na Ebay<\/span>\n\t\t\t\t\t\t\t\t\t<\/li>\n\t\t\t\t\t\t\t\t<li class=\"elementor-icon-list-item\">\n\t\t\t\t\t\t\t\t\t\t\t<span class=\"elementor-icon-list-icon\">\n\t\t\t\t\t\t\t<i aria-hidden=\"true\" class=\"fas fa-check\"><\/i>\t\t\t\t\t\t<\/span>\n\t\t\t\t\t\t\t\t\t\t<span class=\"elementor-icon-list-text\">Automatyczna aktualizacja status\u00f3w zam\u00f3wie\u0144 na Ebayu wraz z numerem listu przewozowego<\/span>\n\t\t\t\t\t\t\t\t\t<\/li>\n\t\t\t\t\t\t\t\t<li class=\"elementor-icon-list-item\">\n\t\t\t\t\t\t\t\t\t\t\t<span class=\"elementor-icon-list-icon\">\n\t\t\t\t\t\t\t<i aria-hidden=\"true\" class=\"fas fa-check\"><\/i>\t\t\t\t\t\t<\/span>\n\t\t\t\t\t\t\t\t\t\t<span class=\"elementor-icon-list-text\">Synchronizacja stan\u00f3w magazynowych i cen produkt\u00f3w konta Resellera z jego kontem na Ebayu<\/span>\n\t\t\t\t\t\t\t\t\t<\/li>\n\t\t\t\t\t\t<\/ul>\n\t\t\t\t<\/div>\n\t\t\t\t<\/div>\n\t\t\t\t<div class=\"elementor-element elementor-element-441a9d30 elementor-widget elementor-widget-heading\" data-id=\"441a9d30\" data-element_type=\"widget\" data-widget_type=\"heading.default\">\n\t\t\t\t<div class=\"elementor-widget-container\">\n\t\t\t<h2 class=\"elementor-heading-title elementor-size-default\">Proces integracji Resellera z kontem na Ebayu<\/h2>\t\t<\/div>\n\t\t\t\t<\/div>\n\t\t\t\t<div class=\"elementor-element elementor-element-64846157 elementor-icon-list--layout-traditional elementor-list-item-link-full_width elementor-widget elementor-widget-icon-list\" data-id=\"64846157\" data-element_type=\"widget\" data-widget_type=\"icon-list.default\">\n\t\t\t\t<div class=\"elementor-widget-container\">\n\t\t\t\t\t<ul class=\"elementor-icon-list-items\">\n\t\t\t\t\t\t\t<li class=\"elementor-icon-list-item\">\n\t\t\t\t\t\t\t\t\t\t\t<span class=\"elementor-icon-list-icon\">\n\t\t\t\t\t\t\t<i aria-hidden=\"true\" class=\"fas fa-check\"><\/i>\t\t\t\t\t\t<\/span>\n\t\t\t\t\t\t\t\t\t\t<span class=\"elementor-icon-list-text\">Zak\u0142adka\u00a0\u2192\u00a0<strong>Integracje<\/strong> umo\u017cliwia Resellerowi zintegrowanie konta na Ebayu z Platform\u0105 V2R. Dodatkowo z poziomu tej zak\u0142adki mo\u017cliwe jest ustawienie danych, takich jak narzut mar\u017cy ceny.<\/span>\n\t\t\t\t\t\t\t\t\t<\/li>\n\t\t\t\t\t\t<\/ul>\n\t\t\t\t<\/div>\n\t\t\t\t<\/div>\n\t\t\t\t\t<\/div>\n\t\t<\/div>\n\t\t\t\t\t\t\t<\/div>\n\t\t<\/section>\n\t\t\t\t<section class=\"elementor-section elementor-top-section elementor-element elementor-element-2d518bc7 elementor-section-boxed elementor-section-height-default elementor-section-height-default\" data-id=\"2d518bc7\" data-element_type=\"section\">\n\t\t\t\t\t\t<div class=\"elementor-container elementor-column-gap-default\">\n\t\t\t\t\t<div class=\"elementor-column elementor-col-100 elementor-top-column elementor-element elementor-element-7cd572a0\" data-id=\"7cd572a0\" data-element_type=\"column\">\n\t\t\t<div class=\"elementor-widget-wrap elementor-element-populated\">\n\t\t\t\t\t\t\t\t<div class=\"elementor-element elementor-element-24ff0296 elementor-widget elementor-widget-image\" data-id=\"24ff0296\" data-element_type=\"widget\" data-widget_type=\"image.default\">\n\t\t\t\t<div class=\"elementor-widget-container\">\n\t\t\t\t\t\t\t\t\t\t\t\t\t\t\t<img width=\"1024\" height=\"657\" src=\"https:\/\/selleetools.com\/wp-content\/uploads\/2021\/10\/int-vendor-1024x657.jpg\" class=\"attachment-large size-large\" alt=\"\" loading=\"lazy\" srcset=\"https:\/\/selleetools.com\/wp-content\/uploads\/2021\/10\/int-vendor-1024x657.jpg 1024w, https:\/\/selleetools.com\/wp-content\/uploads\/2021\/10\/int-vendor-600x385.jpg 600w, https:\/\/selleetools.com\/wp-content\/uploads\/2021\/10\/int-vendor-300x193.jpg 300w, https:\/\/selleetools.com\/wp-content\/uploads\/2021\/10\/int-vendor-768x493.jpg 768w, https:\/\/selleetools.com\/wp-content\/uploads\/2021\/10\/int-vendor.jpg 1176w\" sizes=\"(max-width: 1024px) 100vw, 1024px\" \/>\t\t\t\t\t\t\t\t\t\t\t\t\t\t\t<\/div>\n\t\t\t\t<\/div>\n\t\t\t\t<div class=\"elementor-element elementor-element-72b65542 elementor-widget elementor-widget-heading\" data-id=\"72b65542\" data-element_type=\"widget\" data-widget_type=\"heading.default\">\n\t\t\t\t<div class=\"elementor-widget-container\">\n\t\t\t<h2 class=\"elementor-heading-title elementor-size-default\">Podstawowe Funkcjonalno\u015bci Integracji Ebay - konto Vendor<\/h2>\t\t<\/div>\n\t\t\t\t<\/div>\n\t\t\t\t<div class=\"elementor-element elementor-element-6f993cd0 elementor-icon-list--layout-traditional elementor-list-item-link-full_width elementor-widget elementor-widget-icon-list\" data-id=\"6f993cd0\" data-element_type=\"widget\" data-widget_type=\"icon-list.default\">\n\t\t\t\t<div class=\"elementor-widget-container\">\n\t\t\t\t\t<ul class=\"elementor-icon-list-items\">\n\t\t\t\t\t\t\t<li class=\"elementor-icon-list-item\">\n\t\t\t\t\t\t\t\t\t\t\t<span class=\"elementor-icon-list-icon\">\n\t\t\t\t\t\t\t<i aria-hidden=\"true\" class=\"fas fa-check\"><\/i>\t\t\t\t\t\t<\/span>\n\t\t\t\t\t\t\t\t\t\t<span class=\"elementor-icon-list-text\">Automatyczna integracja konta Vendor z kontem Ebay<\/span>\n\t\t\t\t\t\t\t\t\t<\/li>\n\t\t\t\t\t\t\t\t<li class=\"elementor-icon-list-item\">\n\t\t\t\t\t\t\t\t\t\t\t<span class=\"elementor-icon-list-icon\">\n\t\t\t\t\t\t\t<i aria-hidden=\"true\" class=\"fas fa-check\"><\/i>\t\t\t\t\t\t<\/span>\n\t\t\t\t\t\t\t\t\t\t<span class=\"elementor-icon-list-text\">Import produkt\u00f3w wraz z ich atrybutami z konta Ebay do konta Vendor na Platformie V2R<\/span>\n\t\t\t\t\t\t\t\t\t<\/li>\n\t\t\t\t\t\t\t\t<li class=\"elementor-icon-list-item\">\n\t\t\t\t\t\t\t\t\t\t\t<span class=\"elementor-icon-list-icon\">\n\t\t\t\t\t\t\t<i aria-hidden=\"true\" class=\"fas fa-check\"><\/i>\t\t\t\t\t\t<\/span>\n\t\t\t\t\t\t\t\t\t\t<span class=\"elementor-icon-list-text\">Automatyczna aktualizacja stan\u00f3w magazynowych na Ebayu<\/span>\n\t\t\t\t\t\t\t\t\t<\/li>\n\t\t\t\t\t\t<\/ul>\n\t\t\t\t<\/div>\n\t\t\t\t<\/div>\n\t\t\t\t\t<\/div>\n\t\t<\/div>\n\t\t\t\t\t\t\t<\/div>\n\t\t<\/section>\n\t\t\t\t<section class=\"elementor-section elementor-top-section elementor-element elementor-element-3ebf9c46 elementor-section-boxed elementor-section-height-default elementor-section-height-default\" data-id=\"3ebf9c46\" data-element_type=\"section\">\n\t\t\t\t\t\t<div class=\"elementor-container elementor-column-gap-default\">\n\t\t\t\t\t<div class=\"elementor-column elementor-col-100 elementor-top-column elementor-element elementor-element-5d9208bc\" data-id=\"5d9208bc\" data-element_type=\"column\">\n\t\t\t<div class=\"elementor-widget-wrap elementor-element-populated\">\n\t\t\t\t\t\t\t\t<div class=\"elementor-element elementor-element-50eb3013 elementor-widget elementor-widget-heading\" data-id=\"50eb3013\" data-element_type=\"widget\" data-widget_type=\"heading.default\">\n\t\t\t\t<div class=\"elementor-widget-container\">\n\t\t\t<h2 class=\"elementor-heading-title elementor-size-default\">Import produkt\u00f3w do konta Vendora z bazy Ebaya<\/h2>\t\t<\/div>\n\t\t\t\t<\/div>\n\t\t\t\t<div class=\"elementor-element elementor-element-1081d591 elementor-icon-list--layout-traditional elementor-list-item-link-full_width elementor-widget elementor-widget-icon-list\" data-id=\"1081d591\" data-element_type=\"widget\" data-widget_type=\"icon-list.default\">\n\t\t\t\t<div class=\"elementor-widget-container\">\n\t\t\t\t\t<ul class=\"elementor-icon-list-items\">\n\t\t\t\t\t\t\t<li class=\"elementor-icon-list-item\">\n\t\t\t\t\t\t\t\t\t\t\t<span class=\"elementor-icon-list-icon\">\n\t\t\t\t\t\t\t<i aria-hidden=\"true\" class=\"fas fa-check\"><\/i>\t\t\t\t\t\t<\/span>\n\t\t\t\t\t\t\t\t\t\t<span class=\"elementor-icon-list-text\">U\u017cytkownik konta Vendor wprowadza dane do po\u0142\u0105czenia z Ebayem w zak\u0142adce \u2192 <strong>Magazyny<\/strong><\/span>\n\t\t\t\t\t\t\t\t\t<\/li>\n\t\t\t\t\t\t\t\t<li class=\"elementor-icon-list-item\">\n\t\t\t\t\t\t\t\t\t\t\t<span class=\"elementor-icon-list-icon\">\n\t\t\t\t\t\t\t<i aria-hidden=\"true\" class=\"fas fa-check\"><\/i>\t\t\t\t\t\t<\/span>\n\t\t\t\t\t\t\t\t\t\t<span class=\"elementor-icon-list-text\">Po autoryzacji w\/w po\u0142\u0105czenia produkty s\u0105 importowane z Ebaya na konto Vendora<\/span>\n\t\t\t\t\t\t\t\t\t<\/li>\n\t\t\t\t\t\t\t\t<li class=\"elementor-icon-list-item\">\n\t\t\t\t\t\t\t\t\t\t\t<span class=\"elementor-icon-list-icon\">\n\t\t\t\t\t\t\t<i aria-hidden=\"true\" class=\"fas fa-check\"><\/i>\t\t\t\t\t\t<\/span>\n\t\t\t\t\t\t\t\t\t\t<span class=\"elementor-icon-list-text\">Ustawienie cen B2B<\/span>\n\t\t\t\t\t\t\t\t\t<\/li>\n\t\t\t\t\t\t\t\t<li class=\"elementor-icon-list-item\">\n\t\t\t\t\t\t\t\t\t\t\t<span class=\"elementor-icon-list-icon\">\n\t\t\t\t\t\t\t<i aria-hidden=\"true\" class=\"fas fa-check\"><\/i>\t\t\t\t\t\t<\/span>\n\t\t\t\t\t\t\t\t\t\t<span class=\"elementor-icon-list-text\">Zaci\u0105gni\u0119cie produkt\u00f3w z Ebaya w oryginalnych wersjach j\u0119zykowych<\/span>\n\t\t\t\t\t\t\t\t\t<\/li>\n\t\t\t\t\t\t\t\t<li class=\"elementor-icon-list-item\">\n\t\t\t\t\t\t\t\t\t\t\t<span class=\"elementor-icon-list-icon\">\n\t\t\t\t\t\t\t<i aria-hidden=\"true\" class=\"fas fa-check\"><\/i>\t\t\t\t\t\t<\/span>\n\t\t\t\t\t\t\t\t\t\t<span class=\"elementor-icon-list-text\">Atrybuty produkt\u00f3w importowanych z Ebaya: SKU, marketplace pochodzenia listingu, tytu\u0142 listingu, opis, zdj\u0119cia<\/span>\n\t\t\t\t\t\t\t\t\t<\/li>\n\t\t\t\t\t\t<\/ul>\n\t\t\t\t<\/div>\n\t\t\t\t<\/div>\n\t\t\t\t\t<\/div>\n\t\t<\/div>\n\t\t\t\t\t\t\t<\/div>\n\t\t<\/section>\n\t\t\t\t\t\t<\/div>\n\t\t\t\t\t<\/div>\n\t\t","protected":false},"excerpt":{"rendered":"<p>Integracja Selleetools z Ebay Selleetools to platforma B2B, kt\u00f3r\u0105 mo\u017cna zintegrowa\u0107 zar\u00f3wno z poziomu Resellera (Sprzedawcy) jak i Vendora (Dostawcy) z najpopularniejszym marketplace\u2019em jakim jest Ebay. Podstawowe Funkcjonalno\u015bci Integracji Ebay &#8211; konto Reseller Automatyczna integracja konta Reseller z kontem Ebay Eksport wybranych do sprzeda\u017cy produkt\u00f3w od Vendor\u00f3w bezpo\u015brednio na konto sprzedawcy Ebay Import op\u0142aconych zam\u00f3wie\u0144 &#8230; <a title=\"Ebay\" class=\"read-more\" href=\"https:\/\/selleetools.com\/pl\/integracje\/ebay\/\">Read more<span class=\"screen-reader-text\">Ebay<\/span><\/a><\/p>\n","protected":false},"author":1,"featured_media":0,"parent":14171,"menu_order":0,"comment_status":"closed","ping_status":"closed","template":"page-template\/template-full-width.php","meta":{"_links_to":"","_links_to_target":""},"yoast_head":"<!-- This site is optimized with the Yoast SEO plugin v19.4 - https:\/\/yoast.com\/wordpress\/plugins\/seo\/ -->\n<title>Ebay - Selleetools.com<\/title>\n<meta name=\"robots\" content=\"index, follow, max-snippet:-1, max-image-preview:large, max-video-preview:-1\" \/>\n<link rel=\"canonical\" href=\"https:\/\/selleetools.com\/pl\/integracje\/ebay\/\" \/>\n<meta property=\"og:locale\" content=\"pl_PL\" \/>\n<meta property=\"og:type\" content=\"article\" \/>\n<meta property=\"og:title\" content=\"Ebay - Selleetools.com\" \/>\n<meta property=\"og:description\" content=\"Integracja Selleetools z Ebay Selleetools to platforma B2B, kt\u00f3r\u0105 mo\u017cna zintegrowa\u0107 zar\u00f3wno z poziomu Resellera (Sprzedawcy) jak i Vendora (Dostawcy) z najpopularniejszym marketplace\u2019em jakim jest Ebay. Podstawowe Funkcjonalno\u015bci Integracji Ebay &#8211; konto Reseller Automatyczna integracja konta Reseller z kontem Ebay Eksport wybranych do sprzeda\u017cy produkt\u00f3w od Vendor\u00f3w bezpo\u015brednio na konto sprzedawcy Ebay Import op\u0142aconych zam\u00f3wie\u0144 ... Read moreEbay\" \/>\n<meta property=\"og:url\" content=\"https:\/\/selleetools.com\/pl\/integracje\/ebay\/\" \/>\n<meta property=\"og:site_name\" content=\"Selleetools.com\" \/>\n<meta property=\"article:modified_time\" content=\"2021-11-16T21:29:20+00:00\" \/>\n<meta property=\"og:image\" content=\"https:\/\/selleetools.com\/wp-content\/uploads\/2021\/10\/integracja_ebay.png\" \/>\n<meta name=\"twitter:card\" content=\"summary_large_image\" \/>\n<meta name=\"twitter:label1\" content=\"Est. reading time\" \/>\n\t<meta name=\"twitter:data1\" content=\"1 minuta\" \/>\n<!-- \/ Yoast SEO plugin. -->","yoast_head_json":{"title":"Ebay - Selleetools.com","robots":{"index":"index","follow":"follow","max-snippet":"max-snippet:-1","max-image-preview":"max-image-preview:large","max-video-preview":"max-video-preview:-1"},"canonical":"https:\/\/selleetools.com\/pl\/integracje\/ebay\/","og_locale":"pl_PL","og_type":"article","og_title":"Ebay - Selleetools.com","og_description":"Integracja Selleetools z Ebay Selleetools to platforma B2B, kt\u00f3r\u0105 mo\u017cna zintegrowa\u0107 zar\u00f3wno z poziomu Resellera (Sprzedawcy) jak i Vendora (Dostawcy) z najpopularniejszym marketplace\u2019em jakim jest Ebay. Podstawowe Funkcjonalno\u015bci Integracji Ebay &#8211; konto Reseller Automatyczna integracja konta Reseller z kontem Ebay Eksport wybranych do sprzeda\u017cy produkt\u00f3w od Vendor\u00f3w bezpo\u015brednio na konto sprzedawcy Ebay Import op\u0142aconych zam\u00f3wie\u0144 ... Read moreEbay","og_url":"https:\/\/selleetools.com\/pl\/integracje\/ebay\/","og_site_name":"Selleetools.com","article_modified_time":"2021-11-16T21:29:20+00:00","og_image":[{"url":"https:\/\/selleetools.com\/wp-content\/uploads\/2021\/10\/integracja_ebay.png"}],"twitter_card":"summary_large_image","twitter_misc":{"Est. reading time":"1 minuta"},"schema":{"@context":"https:\/\/schema.org","@graph":[{"@type":"Organization","@id":"https:\/\/admincentral.selleetools.com\/pl\/#organization","name":"Selleetools","url":"https:\/\/admincentral.selleetools.com\/pl\/","sameAs":[],"logo":{"@type":"ImageObject","inLanguage":"pl-PL","@id":"https:\/\/admincentral.selleetools.com\/pl\/#\/schema\/logo\/image\/","url":"https:\/\/selleetools.com\/wp-content\/uploads\/2021\/10\/logo-dark.png","contentUrl":"https:\/\/selleetools.com\/wp-content\/uploads\/2021\/10\/logo-dark.png","width":320,"height":76,"caption":"Selleetools"},"image":{"@id":"https:\/\/admincentral.selleetools.com\/pl\/#\/schema\/logo\/image\/"}},{"@type":"WebSite","@id":"https:\/\/admincentral.selleetools.com\/pl\/#website","url":"https:\/\/admincentral.selleetools.com\/pl\/","name":"Selleetools.com","description":"","publisher":{"@id":"https:\/\/admincentral.selleetools.com\/pl\/#organization"},"potentialAction":[{"@type":"SearchAction","target":{"@type":"EntryPoint","urlTemplate":"https:\/\/admincentral.selleetools.com\/pl\/?s={search_term_string}"},"query-input":"required name=search_term_string"}],"inLanguage":"pl-PL"},{"@type":"WebPage","@id":"https:\/\/selleetools.com\/pl\/integracje\/ebay\/","url":"https:\/\/selleetools.com\/pl\/integracje\/ebay\/","name":"Ebay - Selleetools.com","isPartOf":{"@id":"https:\/\/admincentral.selleetools.com\/pl\/#website"},"datePublished":"2021-11-09T20:49:32+00:00","dateModified":"2021-11-16T21:29:20+00:00","breadcrumb":{"@id":"https:\/\/selleetools.com\/pl\/integracje\/ebay\/#breadcrumb"},"inLanguage":"pl-PL","potentialAction":[{"@type":"ReadAction","target":["https:\/\/selleetools.com\/pl\/integracje\/ebay\/"]}]},{"@type":"BreadcrumbList","@id":"https:\/\/selleetools.com\/pl\/integracje\/ebay\/#breadcrumb","itemListElement":[{"@type":"ListItem","position":1,"name":"Home","item":"https:\/\/admincentral.selleetools.com\/pl\/"},{"@type":"ListItem","position":2,"name":"Integracje","item":"https:\/\/selleetools.com\/pl\/integracje\/"},{"@type":"ListItem","position":3,"name":"Ebay"}]}]}},"_links":{"self":[{"href":"https:\/\/selleetools.com\/pl\/wp-json\/wp\/v2\/pages\/14195"}],"collection":[{"href":"https:\/\/selleetools.com\/pl\/wp-json\/wp\/v2\/pages"}],"about":[{"href":"https:\/\/selleetools.com\/pl\/wp-json\/wp\/v2\/types\/page"}],"author":[{"embeddable":true,"href":"https:\/\/selleetools.com\/pl\/wp-json\/wp\/v2\/users\/1"}],"replies":[{"embeddable":true,"href":"https:\/\/selleetools.com\/pl\/wp-json\/wp\/v2\/comments?post=14195"}],"version-history":[{"count":1,"href":"https:\/\/selleetools.com\/pl\/wp-json\/wp\/v2\/pages\/14195\/revisions"}],"predecessor-version":[{"id":14196,"href":"https:\/\/selleetools.com\/pl\/wp-json\/wp\/v2\/pages\/14195\/revisions\/14196"}],"up":[{"embeddable":true,"href":"https:\/\/selleetools.com\/pl\/wp-json\/wp\/v2\/pages\/14171"}],"wp:attachment":[{"href":"https:\/\/selleetools.com\/pl\/wp-json\/wp\/v2\/media?parent=14195"}],"curies":[{"name":"wp","href":"https:\/\/api.w.org\/{rel}","templated":true}]}}