{"id":14190,"date":"2021-11-09T21:40:40","date_gmt":"2021-11-09T20:40:40","guid":{"rendered":"https:\/\/selleetools.com\/integracje\/baselinker\/"},"modified":"2021-11-16T22:28:34","modified_gmt":"2021-11-16T21:28:34","slug":"baselinker","status":"publish","type":"page","link":"https:\/\/selleetools.com\/pl\/integracje\/baselinker\/","title":{"rendered":"Baselinker"},"content":{"rendered":"\t\t<div data-elementor-type=\"wp-page\" data-elementor-id=\"14190\" class=\"elementor elementor-14190 elementor-8000\" data-elementor-settings=\"[]\">\n\t\t\t\t\t\t\t<div class=\"elementor-section-wrap\">\n\t\t\t\t\t\t\t<section class=\"elementor-section elementor-top-section elementor-element elementor-element-52019f7a elementor-reverse-mobile elementor-section-boxed elementor-section-height-default elementor-section-height-default\" data-id=\"52019f7a\" data-element_type=\"section\">\n\t\t\t\t\t\t<div class=\"elementor-container elementor-column-gap-default\">\n\t\t\t\t\t<div class=\"elementor-column elementor-col-50 elementor-top-column elementor-element elementor-element-5e673184\" data-id=\"5e673184\" data-element_type=\"column\">\n\t\t\t<div class=\"elementor-widget-wrap elementor-element-populated\">\n\t\t\t\t\t\t\t\t<div class=\"elementor-element elementor-element-1ed23fef elementor-widget elementor-widget-heading\" data-id=\"1ed23fef\" data-element_type=\"widget\" data-widget_type=\"heading.default\">\n\t\t\t\t<div class=\"elementor-widget-container\">\n\t\t\t<h1 class=\"elementor-heading-title elementor-size-default\">Integracja Selleetools z Baselinkerem<\/h1>\t\t<\/div>\n\t\t\t\t<\/div>\n\t\t\t\t<div class=\"elementor-element elementor-element-1d67a812 elementor-widget elementor-widget-text-editor\" data-id=\"1d67a812\" data-element_type=\"widget\" data-widget_type=\"text-editor.default\">\n\t\t\t\t<div class=\"elementor-widget-container\">\n\t\t\t\t\t\t\t\t<p>Selleetools to platforma B2B, kt\u00f3r\u0105 mo\u017cna zintegrowa\u0107 zar\u00f3wno z poziomu Resellera (Sprzedawcy) jak i Vendora (Dostawcy) z najpopularniejszym systemem do integracji e-commerce jakim jest Baselinker.<\/p>\n\t\t\t\t\t\t<\/div>\n\t\t\t\t<\/div>\n\t\t\t\t\t<\/div>\n\t\t<\/div>\n\t\t\t\t<div class=\"elementor-column elementor-col-50 elementor-top-column elementor-element elementor-element-7c3bade\" data-id=\"7c3bade\" data-element_type=\"column\">\n\t\t\t<div class=\"elementor-widget-wrap elementor-element-populated\">\n\t\t\t\t\t\t\t\t<div class=\"elementor-element elementor-element-b02aa9 elementor-widget elementor-widget-image\" data-id=\"b02aa9\" data-element_type=\"widget\" data-widget_type=\"image.default\">\n\t\t\t\t<div class=\"elementor-widget-container\">\n\t\t\t\t\t\t\t\t\t\t\t\t\t\t\t<img width=\"520\" height=\"348\" src=\"https:\/\/selleetools.com\/wp-content\/uploads\/2021\/10\/integracja_baselinker.png\" class=\"elementor-animation-grow attachment-large size-large\" alt=\"\" loading=\"lazy\" srcset=\"https:\/\/selleetools.com\/wp-content\/uploads\/2021\/10\/integracja_baselinker.png 520w, https:\/\/selleetools.com\/wp-content\/uploads\/2021\/10\/integracja_baselinker-300x201.png 300w\" sizes=\"(max-width: 520px) 100vw, 520px\" \/>\t\t\t\t\t\t\t\t\t\t\t\t\t\t\t<\/div>\n\t\t\t\t<\/div>\n\t\t\t\t\t<\/div>\n\t\t<\/div>\n\t\t\t\t\t\t\t<\/div>\n\t\t<\/section>\n\t\t\t\t<section class=\"elementor-section elementor-top-section elementor-element elementor-element-7e3ab8b4 elementor-section-boxed elementor-section-height-default elementor-section-height-default\" data-id=\"7e3ab8b4\" data-element_type=\"section\" data-settings=\"{&quot;background_background&quot;:&quot;classic&quot;}\">\n\t\t\t\t\t\t<div class=\"elementor-container elementor-column-gap-default\">\n\t\t\t\t\t<div class=\"elementor-column elementor-col-100 elementor-top-column elementor-element elementor-element-556c936a\" data-id=\"556c936a\" data-element_type=\"column\">\n\t\t\t<div class=\"elementor-widget-wrap elementor-element-populated\">\n\t\t\t\t\t\t\t\t<div class=\"elementor-element elementor-element-60d4d447 elementor-widget elementor-widget-image\" data-id=\"60d4d447\" data-element_type=\"widget\" data-widget_type=\"image.default\">\n\t\t\t\t<div class=\"elementor-widget-container\">\n\t\t\t\t\t\t\t\t\t\t\t\t\t\t\t<img width=\"1024\" height=\"657\" src=\"https:\/\/selleetools.com\/wp-content\/uploads\/2021\/10\/int-reseller-1024x657.jpg\" class=\"attachment-large size-large\" alt=\"\" loading=\"lazy\" srcset=\"https:\/\/selleetools.com\/wp-content\/uploads\/2021\/10\/int-reseller-1024x657.jpg 1024w, https:\/\/selleetools.com\/wp-content\/uploads\/2021\/10\/int-reseller-600x385.jpg 600w, https:\/\/selleetools.com\/wp-content\/uploads\/2021\/10\/int-reseller-300x193.jpg 300w, https:\/\/selleetools.com\/wp-content\/uploads\/2021\/10\/int-reseller-768x493.jpg 768w, https:\/\/selleetools.com\/wp-content\/uploads\/2021\/10\/int-reseller.jpg 1176w\" sizes=\"(max-width: 1024px) 100vw, 1024px\" \/>\t\t\t\t\t\t\t\t\t\t\t\t\t\t\t<\/div>\n\t\t\t\t<\/div>\n\t\t\t\t<div class=\"elementor-element elementor-element-6cb0570e elementor-widget elementor-widget-heading\" data-id=\"6cb0570e\" data-element_type=\"widget\" data-widget_type=\"heading.default\">\n\t\t\t\t<div class=\"elementor-widget-container\">\n\t\t\t<h2 class=\"elementor-heading-title elementor-size-default\">Podstawowe Funkcjonalno\u015bci Integracji Baselinker - konto Reseller<\/h2>\t\t<\/div>\n\t\t\t\t<\/div>\n\t\t\t\t<div class=\"elementor-element elementor-element-487bdd04 elementor-icon-list--layout-traditional elementor-list-item-link-full_width elementor-widget elementor-widget-icon-list\" data-id=\"487bdd04\" data-element_type=\"widget\" data-widget_type=\"icon-list.default\">\n\t\t\t\t<div class=\"elementor-widget-container\">\n\t\t\t\t\t<ul class=\"elementor-icon-list-items\">\n\t\t\t\t\t\t\t<li class=\"elementor-icon-list-item\">\n\t\t\t\t\t\t\t\t\t\t\t<span class=\"elementor-icon-list-icon\">\n\t\t\t\t\t\t\t<i aria-hidden=\"true\" class=\"fas fa-check\"><\/i>\t\t\t\t\t\t<\/span>\n\t\t\t\t\t\t\t\t\t\t<span class=\"elementor-icon-list-text\">Automatyczna integracja konta Reseller z kontem Baselinker<\/span>\n\t\t\t\t\t\t\t\t\t<\/li>\n\t\t\t\t\t\t\t\t<li class=\"elementor-icon-list-item\">\n\t\t\t\t\t\t\t\t\t\t\t<span class=\"elementor-icon-list-icon\">\n\t\t\t\t\t\t\t<i aria-hidden=\"true\" class=\"fas fa-check\"><\/i>\t\t\t\t\t\t<\/span>\n\t\t\t\t\t\t\t\t\t\t<span class=\"elementor-icon-list-text\">Eksport wybranych do sprzeda\u017cy produktow od Vendor\u00f3w bezpo\u015brednio na konto sprzedawcy na marketplace<\/span>\n\t\t\t\t\t\t\t\t\t<\/li>\n\t\t\t\t\t\t\t\t<li class=\"elementor-icon-list-item\">\n\t\t\t\t\t\t\t\t\t\t\t<span class=\"elementor-icon-list-icon\">\n\t\t\t\t\t\t\t<i aria-hidden=\"true\" class=\"fas fa-check\"><\/i>\t\t\t\t\t\t<\/span>\n\t\t\t\t\t\t\t\t\t\t<span class=\"elementor-icon-list-text\">Import op\u0142aconych zam\u00f3wie\u0144 z marketplace do konta Resellera na platformie<\/span>\n\t\t\t\t\t\t\t\t\t<\/li>\n\t\t\t\t\t\t\t\t<li class=\"elementor-icon-list-item\">\n\t\t\t\t\t\t\t\t\t\t\t<span class=\"elementor-icon-list-icon\">\n\t\t\t\t\t\t\t<i aria-hidden=\"true\" class=\"fas fa-check\"><\/i>\t\t\t\t\t\t<\/span>\n\t\t\t\t\t\t\t\t\t\t<span class=\"elementor-icon-list-text\">Mo\u017cliwo\u015b\u0107 edycji danych o produkcie oraz narzut\u00f3w mar\u017c na ceny produkt\u00f3w przed ich eksportem na marketplace<\/span>\n\t\t\t\t\t\t\t\t\t<\/li>\n\t\t\t\t\t\t\t\t<li class=\"elementor-icon-list-item\">\n\t\t\t\t\t\t\t\t\t\t\t<span class=\"elementor-icon-list-icon\">\n\t\t\t\t\t\t\t<i aria-hidden=\"true\" class=\"fas fa-check\"><\/i>\t\t\t\t\t\t<\/span>\n\t\t\t\t\t\t\t\t\t\t<span class=\"elementor-icon-list-text\">Automatyczna aktualizacja status\u00f3w zam\u00f3wie\u0144 na marketplace wraz z numerem listu przewozowego<\/span>\n\t\t\t\t\t\t\t\t\t<\/li>\n\t\t\t\t\t\t\t\t<li class=\"elementor-icon-list-item\">\n\t\t\t\t\t\t\t\t\t\t\t<span class=\"elementor-icon-list-icon\">\n\t\t\t\t\t\t\t<i aria-hidden=\"true\" class=\"fas fa-check\"><\/i>\t\t\t\t\t\t<\/span>\n\t\t\t\t\t\t\t\t\t\t<span class=\"elementor-icon-list-text\">Synchronizacja stan\u00f3w magazynowych i cen produkt\u00f3w konta Resellera z jego kontem na marketplace<\/span>\n\t\t\t\t\t\t\t\t\t<\/li>\n\t\t\t\t\t\t<\/ul>\n\t\t\t\t<\/div>\n\t\t\t\t<\/div>\n\t\t\t\t<div class=\"elementor-element elementor-element-330debec elementor-widget elementor-widget-heading\" data-id=\"330debec\" data-element_type=\"widget\" data-widget_type=\"heading.default\">\n\t\t\t\t<div class=\"elementor-widget-container\">\n\t\t\t<h2 class=\"elementor-heading-title elementor-size-default\">Proces integracji Resellera z kontem na Baselinkerze<\/h2>\t\t<\/div>\n\t\t\t\t<\/div>\n\t\t\t\t<div class=\"elementor-element elementor-element-622d7c76 elementor-icon-list--layout-traditional elementor-list-item-link-full_width elementor-widget elementor-widget-icon-list\" data-id=\"622d7c76\" data-element_type=\"widget\" data-widget_type=\"icon-list.default\">\n\t\t\t\t<div class=\"elementor-widget-container\">\n\t\t\t\t\t<ul class=\"elementor-icon-list-items\">\n\t\t\t\t\t\t\t<li class=\"elementor-icon-list-item\">\n\t\t\t\t\t\t\t\t\t\t\t<span class=\"elementor-icon-list-icon\">\n\t\t\t\t\t\t\t<i aria-hidden=\"true\" class=\"fas fa-check\"><\/i>\t\t\t\t\t\t<\/span>\n\t\t\t\t\t\t\t\t\t\t<span class=\"elementor-icon-list-text\">Zak\u0142adka\u00a0\u2192\u00a0<strong>Integracje<\/strong> umo\u017cliwia Resellerowi zintegrowanie konta na Baselinkerze z Platform\u0105 V2R. Dodatkowo z poziomu tej zak\u0142adki mo\u017cliwe jest ustawienie danych, takich jak narzut mar\u017cy ceny.<\/span>\n\t\t\t\t\t\t\t\t\t<\/li>\n\t\t\t\t\t\t<\/ul>\n\t\t\t\t<\/div>\n\t\t\t\t<\/div>\n\t\t\t\t\t<\/div>\n\t\t<\/div>\n\t\t\t\t\t\t\t<\/div>\n\t\t<\/section>\n\t\t\t\t<section class=\"elementor-section elementor-top-section elementor-element elementor-element-5739fd2d elementor-section-boxed elementor-section-height-default elementor-section-height-default\" data-id=\"5739fd2d\" data-element_type=\"section\">\n\t\t\t\t\t\t<div class=\"elementor-container elementor-column-gap-default\">\n\t\t\t\t\t<div class=\"elementor-column elementor-col-100 elementor-top-column elementor-element elementor-element-68c9c616\" data-id=\"68c9c616\" data-element_type=\"column\">\n\t\t\t<div class=\"elementor-widget-wrap elementor-element-populated\">\n\t\t\t\t\t\t\t\t<div class=\"elementor-element elementor-element-7b5e8a4b elementor-widget elementor-widget-image\" data-id=\"7b5e8a4b\" data-element_type=\"widget\" data-widget_type=\"image.default\">\n\t\t\t\t<div class=\"elementor-widget-container\">\n\t\t\t\t\t\t\t\t\t\t\t\t\t\t\t<img width=\"1024\" height=\"657\" src=\"https:\/\/selleetools.com\/wp-content\/uploads\/2021\/10\/int-vendor-1024x657.jpg\" class=\"attachment-large size-large\" alt=\"\" loading=\"lazy\" srcset=\"https:\/\/selleetools.com\/wp-content\/uploads\/2021\/10\/int-vendor-1024x657.jpg 1024w, https:\/\/selleetools.com\/wp-content\/uploads\/2021\/10\/int-vendor-600x385.jpg 600w, https:\/\/selleetools.com\/wp-content\/uploads\/2021\/10\/int-vendor-300x193.jpg 300w, https:\/\/selleetools.com\/wp-content\/uploads\/2021\/10\/int-vendor-768x493.jpg 768w, https:\/\/selleetools.com\/wp-content\/uploads\/2021\/10\/int-vendor.jpg 1176w\" sizes=\"(max-width: 1024px) 100vw, 1024px\" \/>\t\t\t\t\t\t\t\t\t\t\t\t\t\t\t<\/div>\n\t\t\t\t<\/div>\n\t\t\t\t<div class=\"elementor-element elementor-element-5a1295c elementor-widget elementor-widget-heading\" data-id=\"5a1295c\" data-element_type=\"widget\" data-widget_type=\"heading.default\">\n\t\t\t\t<div class=\"elementor-widget-container\">\n\t\t\t<h2 class=\"elementor-heading-title elementor-size-default\">Podstawowe Funkcjonalno\u015bci Integracji Baselinker - konto Vendor<\/h2>\t\t<\/div>\n\t\t\t\t<\/div>\n\t\t\t\t<div class=\"elementor-element elementor-element-791fcb54 elementor-icon-list--layout-traditional elementor-list-item-link-full_width elementor-widget elementor-widget-icon-list\" data-id=\"791fcb54\" data-element_type=\"widget\" data-widget_type=\"icon-list.default\">\n\t\t\t\t<div class=\"elementor-widget-container\">\n\t\t\t\t\t<ul class=\"elementor-icon-list-items\">\n\t\t\t\t\t\t\t<li class=\"elementor-icon-list-item\">\n\t\t\t\t\t\t\t\t\t\t\t<span class=\"elementor-icon-list-icon\">\n\t\t\t\t\t\t\t<i aria-hidden=\"true\" class=\"fas fa-check\"><\/i>\t\t\t\t\t\t<\/span>\n\t\t\t\t\t\t\t\t\t\t<span class=\"elementor-icon-list-text\">Automatyczna integracja konta Vendor z kontem Baselinker<\/span>\n\t\t\t\t\t\t\t\t\t<\/li>\n\t\t\t\t\t\t\t\t<li class=\"elementor-icon-list-item\">\n\t\t\t\t\t\t\t\t\t\t\t<span class=\"elementor-icon-list-icon\">\n\t\t\t\t\t\t\t<i aria-hidden=\"true\" class=\"fas fa-check\"><\/i>\t\t\t\t\t\t<\/span>\n\t\t\t\t\t\t\t\t\t\t<span class=\"elementor-icon-list-text\">Import produkt\u00f3w wraz z ich atrybutami z konta Baselinker do konta Vendor na Platformie V2R<\/span>\n\t\t\t\t\t\t\t\t\t<\/li>\n\t\t\t\t\t\t\t\t<li class=\"elementor-icon-list-item\">\n\t\t\t\t\t\t\t\t\t\t\t<span class=\"elementor-icon-list-icon\">\n\t\t\t\t\t\t\t<i aria-hidden=\"true\" class=\"fas fa-check\"><\/i>\t\t\t\t\t\t<\/span>\n\t\t\t\t\t\t\t\t\t\t<span class=\"elementor-icon-list-text\">Automatyczna aktualizacja stan\u00f3w magazynowych na marketplace<\/span>\n\t\t\t\t\t\t\t\t\t<\/li>\n\t\t\t\t\t\t<\/ul>\n\t\t\t\t<\/div>\n\t\t\t\t<\/div>\n\t\t\t\t\t<\/div>\n\t\t<\/div>\n\t\t\t\t\t\t\t<\/div>\n\t\t<\/section>\n\t\t\t\t<section class=\"elementor-section elementor-top-section elementor-element elementor-element-33936e10 elementor-section-boxed elementor-section-height-default elementor-section-height-default\" data-id=\"33936e10\" data-element_type=\"section\">\n\t\t\t\t\t\t<div class=\"elementor-container elementor-column-gap-default\">\n\t\t\t\t\t<div class=\"elementor-column elementor-col-100 elementor-top-column elementor-element elementor-element-609049d5\" data-id=\"609049d5\" data-element_type=\"column\">\n\t\t\t<div class=\"elementor-widget-wrap elementor-element-populated\">\n\t\t\t\t\t\t\t\t<div class=\"elementor-element elementor-element-b3ee307 elementor-widget elementor-widget-heading\" data-id=\"b3ee307\" data-element_type=\"widget\" data-widget_type=\"heading.default\">\n\t\t\t\t<div class=\"elementor-widget-container\">\n\t\t\t<h2 class=\"elementor-heading-title elementor-size-default\">Import produkt\u00f3w do konta Vendora z bazy Baselinkera<\/h2>\t\t<\/div>\n\t\t\t\t<\/div>\n\t\t\t\t<div class=\"elementor-element elementor-element-1afeeeec elementor-icon-list--layout-traditional elementor-list-item-link-full_width elementor-widget elementor-widget-icon-list\" data-id=\"1afeeeec\" data-element_type=\"widget\" data-widget_type=\"icon-list.default\">\n\t\t\t\t<div class=\"elementor-widget-container\">\n\t\t\t\t\t<ul class=\"elementor-icon-list-items\">\n\t\t\t\t\t\t\t<li class=\"elementor-icon-list-item\">\n\t\t\t\t\t\t\t\t\t\t\t<span class=\"elementor-icon-list-icon\">\n\t\t\t\t\t\t\t<i aria-hidden=\"true\" class=\"fas fa-check\"><\/i>\t\t\t\t\t\t<\/span>\n\t\t\t\t\t\t\t\t\t\t<span class=\"elementor-icon-list-text\">U\u017cytkownik konta Vendor wprowadza dane do po\u0142\u0105czenia z Baselinkerem w zak\u0142adce \u2192 Magazyny<\/span>\n\t\t\t\t\t\t\t\t\t<\/li>\n\t\t\t\t\t\t\t\t<li class=\"elementor-icon-list-item\">\n\t\t\t\t\t\t\t\t\t\t\t<span class=\"elementor-icon-list-icon\">\n\t\t\t\t\t\t\t<i aria-hidden=\"true\" class=\"fas fa-check\"><\/i>\t\t\t\t\t\t<\/span>\n\t\t\t\t\t\t\t\t\t\t<span class=\"elementor-icon-list-text\">Po autoryzacji w\/w po\u0142\u0105czenia produkty s\u0105 importowane z Baselinkera na konto Vendora<\/span>\n\t\t\t\t\t\t\t\t\t<\/li>\n\t\t\t\t\t\t\t\t<li class=\"elementor-icon-list-item\">\n\t\t\t\t\t\t\t\t\t\t\t<span class=\"elementor-icon-list-icon\">\n\t\t\t\t\t\t\t<i aria-hidden=\"true\" class=\"fas fa-check\"><\/i>\t\t\t\t\t\t<\/span>\n\t\t\t\t\t\t\t\t\t\t<span class=\"elementor-icon-list-text\">Ustawienie cen B2B<\/span>\n\t\t\t\t\t\t\t\t\t<\/li>\n\t\t\t\t\t\t\t\t<li class=\"elementor-icon-list-item\">\n\t\t\t\t\t\t\t\t\t\t\t<span class=\"elementor-icon-list-icon\">\n\t\t\t\t\t\t\t<i aria-hidden=\"true\" class=\"fas fa-check\"><\/i>\t\t\t\t\t\t<\/span>\n\t\t\t\t\t\t\t\t\t\t<span class=\"elementor-icon-list-text\">Zaci\u0105gni\u0119cie produkt\u00f3w z Baselinkera w oryginalnych wersjach j\u0119zykowych w\u0142a\u015bciwych dla marketplace\u2019a pochodzenia listingu<\/span>\n\t\t\t\t\t\t\t\t\t<\/li>\n\t\t\t\t\t\t\t\t<li class=\"elementor-icon-list-item\">\n\t\t\t\t\t\t\t\t\t\t\t<span class=\"elementor-icon-list-icon\">\n\t\t\t\t\t\t\t<i aria-hidden=\"true\" class=\"fas fa-check\"><\/i>\t\t\t\t\t\t<\/span>\n\t\t\t\t\t\t\t\t\t\t<span class=\"elementor-icon-list-text\">Atrybuty produkt\u00f3w importowanych z Baselinkera: SKU, EAN, marketplace pochodzenia listingu, tytu\u0142 listingu, opis, zdj\u0119cia<\/span>\n\t\t\t\t\t\t\t\t\t<\/li>\n\t\t\t\t\t\t<\/ul>\n\t\t\t\t<\/div>\n\t\t\t\t<\/div>\n\t\t\t\t\t<\/div>\n\t\t<\/div>\n\t\t\t\t\t\t\t<\/div>\n\t\t<\/section>\n\t\t\t\t\t\t<\/div>\n\t\t\t\t\t<\/div>\n\t\t","protected":false},"excerpt":{"rendered":"<p>Integracja Selleetools z Baselinkerem Selleetools to platforma B2B, kt\u00f3r\u0105 mo\u017cna zintegrowa\u0107 zar\u00f3wno z poziomu Resellera (Sprzedawcy) jak i Vendora (Dostawcy) z najpopularniejszym systemem do integracji e-commerce jakim jest Baselinker. Podstawowe Funkcjonalno\u015bci Integracji Baselinker &#8211; konto Reseller Automatyczna integracja konta Reseller z kontem Baselinker Eksport wybranych do sprzeda\u017cy produktow od Vendor\u00f3w bezpo\u015brednio na konto sprzedawcy na &#8230; <a title=\"Baselinker\" class=\"read-more\" href=\"https:\/\/selleetools.com\/pl\/integracje\/baselinker\/\">Read more<span class=\"screen-reader-text\">Baselinker<\/span><\/a><\/p>\n","protected":false},"author":1,"featured_media":0,"parent":14171,"menu_order":0,"comment_status":"closed","ping_status":"closed","template":"page-template\/template-full-width.php","meta":{"_links_to":"","_links_to_target":""},"yoast_head":"<!-- This site is optimized with the Yoast SEO plugin v19.4 - https:\/\/yoast.com\/wordpress\/plugins\/seo\/ -->\n<title>Baselinker - Selleetools.com<\/title>\n<meta name=\"robots\" content=\"index, follow, max-snippet:-1, max-image-preview:large, max-video-preview:-1\" \/>\n<link rel=\"canonical\" href=\"https:\/\/selleetools.com\/pl\/integracje\/baselinker\/\" \/>\n<meta property=\"og:locale\" content=\"pl_PL\" \/>\n<meta property=\"og:type\" content=\"article\" \/>\n<meta property=\"og:title\" content=\"Baselinker - Selleetools.com\" \/>\n<meta property=\"og:description\" content=\"Integracja Selleetools z Baselinkerem Selleetools to platforma B2B, kt\u00f3r\u0105 mo\u017cna zintegrowa\u0107 zar\u00f3wno z poziomu Resellera (Sprzedawcy) jak i Vendora (Dostawcy) z najpopularniejszym systemem do integracji e-commerce jakim jest Baselinker. Podstawowe Funkcjonalno\u015bci Integracji Baselinker &#8211; konto Reseller Automatyczna integracja konta Reseller z kontem Baselinker Eksport wybranych do sprzeda\u017cy produktow od Vendor\u00f3w bezpo\u015brednio na konto sprzedawcy na ... Read moreBaselinker\" \/>\n<meta property=\"og:url\" content=\"https:\/\/selleetools.com\/pl\/integracje\/baselinker\/\" \/>\n<meta property=\"og:site_name\" content=\"Selleetools.com\" \/>\n<meta property=\"article:modified_time\" content=\"2021-11-16T21:28:34+00:00\" \/>\n<meta property=\"og:image\" content=\"https:\/\/selleetools.com\/wp-content\/uploads\/2021\/10\/integracja_baselinker.png\" \/>\n<meta name=\"twitter:card\" content=\"summary_large_image\" \/>\n<meta name=\"twitter:label1\" content=\"Est. reading time\" \/>\n\t<meta name=\"twitter:data1\" content=\"1 minuta\" \/>\n<!-- \/ Yoast SEO plugin. -->","yoast_head_json":{"title":"Baselinker - Selleetools.com","robots":{"index":"index","follow":"follow","max-snippet":"max-snippet:-1","max-image-preview":"max-image-preview:large","max-video-preview":"max-video-preview:-1"},"canonical":"https:\/\/selleetools.com\/pl\/integracje\/baselinker\/","og_locale":"pl_PL","og_type":"article","og_title":"Baselinker - Selleetools.com","og_description":"Integracja Selleetools z Baselinkerem Selleetools to platforma B2B, kt\u00f3r\u0105 mo\u017cna zintegrowa\u0107 zar\u00f3wno z poziomu Resellera (Sprzedawcy) jak i Vendora (Dostawcy) z najpopularniejszym systemem do integracji e-commerce jakim jest Baselinker. Podstawowe Funkcjonalno\u015bci Integracji Baselinker &#8211; konto Reseller Automatyczna integracja konta Reseller z kontem Baselinker Eksport wybranych do sprzeda\u017cy produktow od Vendor\u00f3w bezpo\u015brednio na konto sprzedawcy na ... Read moreBaselinker","og_url":"https:\/\/selleetools.com\/pl\/integracje\/baselinker\/","og_site_name":"Selleetools.com","article_modified_time":"2021-11-16T21:28:34+00:00","og_image":[{"url":"https:\/\/selleetools.com\/wp-content\/uploads\/2021\/10\/integracja_baselinker.png"}],"twitter_card":"summary_large_image","twitter_misc":{"Est. reading time":"1 minuta"},"schema":{"@context":"https:\/\/schema.org","@graph":[{"@type":"Organization","@id":"https:\/\/selleetools.com\/#organization","name":"Selleetools","url":"https:\/\/selleetools.com\/","sameAs":[],"logo":{"@type":"ImageObject","inLanguage":"pl-PL","@id":"https:\/\/selleetools.com\/#\/schema\/logo\/image\/","url":"https:\/\/selleetools.com\/wp-content\/uploads\/2021\/10\/logo-dark.png","contentUrl":"https:\/\/selleetools.com\/wp-content\/uploads\/2021\/10\/logo-dark.png","width":320,"height":76,"caption":"Selleetools"},"image":{"@id":"https:\/\/selleetools.com\/#\/schema\/logo\/image\/"}},{"@type":"WebSite","@id":"https:\/\/selleetools.com\/#website","url":"https:\/\/selleetools.com\/","name":"Selleetools.com","description":"","publisher":{"@id":"https:\/\/selleetools.com\/#organization"},"potentialAction":[{"@type":"SearchAction","target":{"@type":"EntryPoint","urlTemplate":"https:\/\/selleetools.com\/?s={search_term_string}"},"query-input":"required name=search_term_string"}],"inLanguage":"pl-PL"},{"@type":"WebPage","@id":"https:\/\/selleetools.com\/pl\/integracje\/baselinker\/","url":"https:\/\/selleetools.com\/pl\/integracje\/baselinker\/","name":"Baselinker - Selleetools.com","isPartOf":{"@id":"https:\/\/selleetools.com\/#website"},"datePublished":"2021-11-09T20:40:40+00:00","dateModified":"2021-11-16T21:28:34+00:00","breadcrumb":{"@id":"https:\/\/selleetools.com\/pl\/integracje\/baselinker\/#breadcrumb"},"inLanguage":"pl-PL","potentialAction":[{"@type":"ReadAction","target":["https:\/\/selleetools.com\/pl\/integracje\/baselinker\/"]}]},{"@type":"BreadcrumbList","@id":"https:\/\/selleetools.com\/pl\/integracje\/baselinker\/#breadcrumb","itemListElement":[{"@type":"ListItem","position":1,"name":"Home","item":"https:\/\/selleetools.com\/pl\/"},{"@type":"ListItem","position":2,"name":"Integracje","item":"https:\/\/admincentral.selleetools.com\/pl\/integracje\/"},{"@type":"ListItem","position":3,"name":"Baselinker"}]}]}},"_links":{"self":[{"href":"https:\/\/selleetools.com\/pl\/wp-json\/wp\/v2\/pages\/14190"}],"collection":[{"href":"https:\/\/selleetools.com\/pl\/wp-json\/wp\/v2\/pages"}],"about":[{"href":"https:\/\/selleetools.com\/pl\/wp-json\/wp\/v2\/types\/page"}],"author":[{"embeddable":true,"href":"https:\/\/selleetools.com\/pl\/wp-json\/wp\/v2\/users\/1"}],"replies":[{"embeddable":true,"href":"https:\/\/selleetools.com\/pl\/wp-json\/wp\/v2\/comments?post=14190"}],"version-history":[{"count":1,"href":"https:\/\/selleetools.com\/pl\/wp-json\/wp\/v2\/pages\/14190\/revisions"}],"predecessor-version":[{"id":14191,"href":"https:\/\/selleetools.com\/pl\/wp-json\/wp\/v2\/pages\/14190\/revisions\/14191"}],"up":[{"embeddable":true,"href":"https:\/\/selleetools.com\/pl\/wp-json\/wp\/v2\/pages\/14171"}],"wp:attachment":[{"href":"https:\/\/selleetools.com\/pl\/wp-json\/wp\/v2\/media?parent=14190"}],"curies":[{"name":"wp","href":"https:\/\/api.w.org\/{rel}","templated":true}]}}